{"id":18292,"date":"2021-09-28T03:58:20","date_gmt":"2021-09-28T03:58:20","guid":{"rendered":"https:\/\/mouldking.store\/product\/cada-c61024-toyota-ae86-trueno-initial-d-3606814"},"modified":"2021-10-11T02:53:51","modified_gmt":"2021-10-11T02:53:51","slug":"cada-c61024-toyota-ae86-trueno-initial-d","status":"publish","type":"product","link":"https:\/\/mouldking.store\/fr\/shop\/cada-c61024-toyota-ae86-trueno-initial-d\/","title":{"rendered":"CADA C61024 Toyota AE86 Trueno initiale D"},"content":{"rendered":"<p>CADA C61024 Toyota AE86 Initial D appartient \u00e0 l&#039;ensemble de blocs de construction de la s\u00e9rie de course, l&#039;ensemble contient 1324 particules de blocs de construction. Premi\u00e8re sortie en 2021.<\/p>\n<figure id=\"attachment_207378\" aria-describedby=\"caption-attachment-207378\" style=\"width: 800px\" class=\"wp-caption aligncenter\"><a href=\"https:\/\/pay.lpwstore.com\/wp-content\/uploads\/2021\/05\/cada-c61024-toyota-ae86-trueno-initial-d-210745.jpg\" target=\"_blank\" rel=\"noopener\"><img fetchpriority=\"high\" decoding=\"async\" class=\"wp-image-207378 size-full\" title=\"CADA C61024 Toyota AE86 Trueno initiale D\" src=\"https:\/\/pay.lpwstore.com\/wp-content\/uploads\/2021\/05\/cada-c61024-toyota-ae86-trueno-initial-d-210745.jpg\" alt=\"CADA C61024 Toyota AE86 Trueno Initial D\" width=\"800\" height=\"800\" \/><\/a><figcaption id=\"caption-attachment-207378\" class=\"wp-caption-text\">CADA C61024 Toyota AE86 Trueno initiale D<\/figcaption><\/figure>\n<figure id=\"attachment_207379\" aria-describedby=\"caption-attachment-207379\" style=\"width: 800px\" class=\"wp-caption aligncenter\"><img decoding=\"async\" class=\"size-full wp-image-207379\" title=\"CADA C61024 Toyota AE86 Trueno initiale D\" src=\"https:\/\/pay.lpwstore.com\/wp-content\/uploads\/2021\/05\/cada-c61024-toyota-ae86-trueno-initial-d-210748.jpg\" alt=\"CADA C61024 Toyota AE86 Trueno Initial D\" width=\"800\" height=\"800\" \/><figcaption id=\"caption-attachment-207379\" class=\"wp-caption-text\">CADA C61024 Toyota AE86 Trueno initiale D<\/figcaption><\/figure>\n<figure id=\"attachment_207380\" aria-describedby=\"caption-attachment-207380\" style=\"width: 800px\" class=\"wp-caption aligncenter\"><img decoding=\"async\" class=\"size-full wp-image-207380\" title=\"CADA C61024 Toyota AE86 Trueno initiale D\" src=\"https:\/\/pay.lpwstore.com\/wp-content\/uploads\/2021\/05\/cada-c61024-toyota-ae86-trueno-initial-d-210751.jpg\" alt=\"CADA C61024 Toyota AE86 Trueno Initial D\" width=\"800\" height=\"800\" \/><figcaption id=\"caption-attachment-207380\" class=\"wp-caption-text\">CADA C61024 Toyota AE86 Trueno initiale D<\/figcaption><\/figure>\n<figure id=\"attachment_207381\" aria-describedby=\"caption-attachment-207381\" style=\"width: 800px\" class=\"wp-caption aligncenter\"><img loading=\"lazy\" decoding=\"async\" class=\"size-full wp-image-207381\" title=\"CADA C61024 Toyota AE86 Trueno initiale D\" src=\"https:\/\/pay.lpwstore.com\/wp-content\/uploads\/2021\/05\/cada-c61024-toyota-ae86-trueno-initial-d-210753.jpg\" alt=\"CADA C61024 Toyota AE86 Trueno Initial D\" width=\"800\" height=\"800\" \/><figcaption id=\"caption-attachment-207381\" class=\"wp-caption-text\">CADA C61024 Toyota AE86 Trueno initiale D<\/figcaption><\/figure>\n<figure id=\"attachment_207382\" aria-describedby=\"caption-attachment-207382\" style=\"width: 800px\" class=\"wp-caption aligncenter\"><img loading=\"lazy\" decoding=\"async\" class=\"size-full wp-image-207382\" title=\"CADA C61024 Toyota AE86 Trueno initiale D\" src=\"https:\/\/pay.lpwstore.com\/wp-content\/uploads\/2021\/05\/cada-c61024-toyota-ae86-trueno-initial-d-210756.jpg\" alt=\"CADA C61024 Toyota AE86 Trueno Initial D\" width=\"800\" height=\"800\" \/><figcaption id=\"caption-attachment-207382\" class=\"wp-caption-text\">CADA C61024 Toyota AE86 Trueno initiale D<\/figcaption><\/figure>\n<p>&nbsp;<\/p>","protected":false},"excerpt":{"rendered":"<ul>\n<li>Inclure <strong>1324+<\/strong> pi\u00e8ces<\/li>\n<li>Livre d&#039;instructions manuel<\/li>\n<li>Bloc ABS de haute qualit\u00e9<\/li>\n<\/ul>","protected":false},"featured_media":18293,"comment_status":"open","ping_status":"closed","template":"","meta":{"_acf_changed":false},"product_cat":[],"product_tag":[],"class_list":["product","first","instock","shipping-taxable","purchasable","product-type-simple"],"acf":[],"_links":{"self":[{"href":"https:\/\/mouldking.store\/fr\/wp-json\/wp\/v2\/product\/18292","targetHints":{"allow":["GET"]}}],"collection":[{"href":"https:\/\/mouldking.store\/fr\/wp-json\/wp\/v2\/product"}],"about":[{"href":"https:\/\/mouldking.store\/fr\/wp-json\/wp\/v2\/types\/product"}],"replies":[{"embeddable":true,"href":"https:\/\/mouldking.store\/fr\/wp-json\/wp\/v2\/comments?post=18292"}],"wp:featuredmedia":[{"embeddable":true,"href":"https:\/\/mouldking.store\/fr\/wp-json\/wp\/v2\/media\/18293"}],"wp:attachment":[{"href":"https:\/\/mouldking.store\/fr\/wp-json\/wp\/v2\/media?parent=18292"}],"wp:term":[{"taxonomy":"product_cat","embeddable":true,"href":"https:\/\/mouldking.store\/fr\/wp-json\/wp\/v2\/product_cat?post=18292"},{"taxonomy":"product_tag","embeddable":true,"href":"https:\/\/mouldking.store\/fr\/wp-json\/wp\/v2\/product_tag?post=18292"}],"curies":[{"name":"wp","href":"https:\/\/api.w.org\/{rel}","templated":true}]}}