{"id":18331,"date":"2021-09-28T03:58:52","date_gmt":"2021-09-27T20:58:52","guid":{"rendered":"https:\/\/mouldking.store\/product\/cada-c61005-rc-wuzhi-10-helicopter-5940252"},"modified":"2023-05-09T17:46:52","modified_gmt":"2023-05-09T10:46:52","slug":"cada-c61005-rc-wuzhi-10-helicopter","status":"publish","type":"product","link":"https:\/\/mouldking.store\/fr\/shop\/cada-c61005-rc-wuzhi-10-helicopter\/","title":{"rendered":"H\u00e9licopt\u00e8re CADA C61005 RC Wuzhi 10"},"content":{"rendered":"<p>L&#039;h\u00e9licopt\u00e8re CADA C61005 RC Wuzhi 10 appartient \u00e0 l&#039;ensemble de blocs de construction de la s\u00e9rie de groupes m\u00e9caniques, l&#039;ensemble contient 990 particules de blocs de construction. Premi\u00e8re sortie en 2021.<\/p>\n<div style=\"width: 640px;\" class=\"wp-video\"><!--[if lt IE 9]><script>document.createElement('video');<\/script><![endif]-->\n<video class=\"wp-video-shortcode\" id=\"video-18331-1\" width=\"640\" height=\"360\" preload=\"metadata\" controls=\"controls\"><source type=\"video\/mp4\" src=\"https:\/\/caiyuanbao.alicdn.com\/a678c1a1ea287482\/QyFoWgQvJjarqS9jGUi\/91B3Qi47eyEeXG4CYoH_312264503702_mp4_264_ld.mp4?_=1\" \/><a href=\"https:\/\/caiyuanbao.alicdn.com\/a678c1a1ea287482\/QyFoWgQvJjarqS9jGUi\/91B3Qi47eyEeXG4CYoH_312264503702_mp4_264_ld.mp4\" target=\"_blank\" rel=\"noopener\">https:\/\/caiyuanbao.alicdn.com\/a678c1a1ea287482\/QyFoWgQvJjarqS9jGUi\/91B3Qi47eyEeXG4CYoH_312264503702_mp4_264_ld.mp4<\/a><\/video><\/div>\n<figure id=\"attachment_207483\" aria-describedby=\"caption-attachment-207483\" style=\"width: 800px\" class=\"wp-caption aligncenter\"><img fetchpriority=\"high\" decoding=\"async\" class=\"size-full wp-image-207483\" title=\"H\u00e9licopt\u00e8re CADA C61005 RC Wuzhi 10\" src=\"https:\/\/pay.lpwstore.com\/wp-content\/uploads\/2021\/05\/cada-c61005-rc-wuzhi-10-helicopter-093812.jpg\" alt=\"CADA C61005 RC Wuzhi 10 Helicopter\" width=\"800\" height=\"800\" \/><figcaption id=\"caption-attachment-207483\" class=\"wp-caption-text\">H\u00e9licopt\u00e8re CADA C61005 RC Wuzhi 10<\/figcaption><\/figure>\n<figure id=\"attachment_207484\" aria-describedby=\"caption-attachment-207484\" style=\"width: 800px\" class=\"wp-caption aligncenter\"><img decoding=\"async\" class=\"size-full wp-image-207484\" title=\"H\u00e9licopt\u00e8re CADA C61005 RC Wuzhi 10\" src=\"https:\/\/pay.lpwstore.com\/wp-content\/uploads\/2021\/05\/cada-c61005-rc-wuzhi-10-helicopter-093819.jpg\" alt=\"CADA C61005 RC Wuzhi 10 Helicopter\" width=\"800\" height=\"800\" \/><figcaption id=\"caption-attachment-207484\" class=\"wp-caption-text\">H\u00e9licopt\u00e8re CADA C61005 RC Wuzhi 10<\/figcaption><\/figure>\n<figure id=\"attachment_207485\" aria-describedby=\"caption-attachment-207485\" style=\"width: 750px\" class=\"wp-caption aligncenter\"><img decoding=\"async\" class=\"size-full wp-image-207485\" title=\"H\u00e9licopt\u00e8re CADA C61005 RC Wuzhi 10\" src=\"https:\/\/pay.lpwstore.com\/wp-content\/uploads\/2021\/05\/cada-c61005-rc-wuzhi-10-helicopter-093824.jpg\" alt=\"CADA C61005 RC Wuzhi 10 Helicopter\" width=\"750\" height=\"750\" \/><figcaption id=\"caption-attachment-207485\" class=\"wp-caption-text\">H\u00e9licopt\u00e8re CADA C61005 RC Wuzhi 10<\/figcaption><\/figure>\n<figure id=\"attachment_207486\" aria-describedby=\"caption-attachment-207486\" style=\"width: 750px\" class=\"wp-caption aligncenter\"><img loading=\"lazy\" decoding=\"async\" class=\"size-full wp-image-207486\" title=\"H\u00e9licopt\u00e8re CADA C61005 RC Wuzhi 10\" src=\"https:\/\/pay.lpwstore.com\/wp-content\/uploads\/2021\/05\/cada-c61005-rc-wuzhi-10-helicopter-093831.jpg\" alt=\"CADA C61005 RC Wuzhi 10 Helicopter\" width=\"750\" height=\"750\" \/><figcaption id=\"caption-attachment-207486\" class=\"wp-caption-text\">H\u00e9licopt\u00e8re CADA C61005 RC Wuzhi 10<\/figcaption><\/figure>\n<figure id=\"attachment_207487\" aria-describedby=\"caption-attachment-207487\" style=\"width: 800px\" class=\"wp-caption aligncenter\"><img loading=\"lazy\" decoding=\"async\" class=\"size-full wp-image-207487\" title=\"H\u00e9licopt\u00e8re CADA C61005 RC Wuzhi 10\" src=\"https:\/\/pay.lpwstore.com\/wp-content\/uploads\/2021\/05\/cada-c61005-rc-wuzhi-10-helicopter-093839.jpg\" alt=\"CADA C61005 RC Wuzhi 10 Helicopter\" width=\"800\" height=\"800\" \/><figcaption id=\"caption-attachment-207487\" class=\"wp-caption-text\">H\u00e9licopt\u00e8re CADA C61005 RC Wuzhi 10<\/figcaption><\/figure>\n<figure id=\"attachment_207488\" aria-describedby=\"caption-attachment-207488\" style=\"width: 800px\" class=\"wp-caption aligncenter\"><img loading=\"lazy\" decoding=\"async\" class=\"size-full wp-image-207488\" title=\"H\u00e9licopt\u00e8re CADA C61005 RC Wuzhi 10\" src=\"https:\/\/pay.lpwstore.com\/wp-content\/uploads\/2021\/05\/cada-c61005-rc-wuzhi-10-helicopter-093850.jpg\" alt=\"CADA C61005 RC Wuzhi 10 Helicopter\" width=\"800\" height=\"800\" \/><figcaption id=\"caption-attachment-207488\" class=\"wp-caption-text\">H\u00e9licopt\u00e8re CADA C61005 RC Wuzhi 10<\/figcaption><\/figure>\n<figure id=\"attachment_207489\" aria-describedby=\"caption-attachment-207489\" style=\"width: 800px\" class=\"wp-caption aligncenter\"><img loading=\"lazy\" decoding=\"async\" class=\"size-full wp-image-207489\" title=\"H\u00e9licopt\u00e8re CADA C61005 RC Wuzhi 10\" src=\"https:\/\/pay.lpwstore.com\/wp-content\/uploads\/2021\/05\/cada-c61005-rc-wuzhi-10-helicopter-093856.jpg\" alt=\"CADA C61005 RC Wuzhi 10 Helicopter\" width=\"800\" height=\"800\" \/><figcaption id=\"caption-attachment-207489\" class=\"wp-caption-text\">H\u00e9licopt\u00e8re CADA C61005 RC Wuzhi 10<\/figcaption><\/figure>\n<p>&nbsp;<\/p>","protected":false},"excerpt":{"rendered":"<ul>\n<li>Inclure <strong>990+<\/strong> pi\u00e8ces<\/li>\n<li>Livre d&#039;instructions manuel<\/li>\n<li>Bloc ABS de haute qualit\u00e9<\/li>\n<\/ul>","protected":false},"featured_media":18332,"comment_status":"open","ping_status":"closed","template":"","meta":{"_acf_changed":false},"product_cat":[15],"product_tag":[],"class_list":["product","first","instock","shipping-taxable","purchasable","product-type-simple"],"acf":[],"_links":{"self":[{"href":"https:\/\/mouldking.store\/fr\/wp-json\/wp\/v2\/product\/18331","targetHints":{"allow":["GET"]}}],"collection":[{"href":"https:\/\/mouldking.store\/fr\/wp-json\/wp\/v2\/product"}],"about":[{"href":"https:\/\/mouldking.store\/fr\/wp-json\/wp\/v2\/types\/product"}],"replies":[{"embeddable":true,"href":"https:\/\/mouldking.store\/fr\/wp-json\/wp\/v2\/comments?post=18331"}],"wp:featuredmedia":[{"embeddable":true,"href":"https:\/\/mouldking.store\/fr\/wp-json\/wp\/v2\/media\/18332"}],"wp:attachment":[{"href":"https:\/\/mouldking.store\/fr\/wp-json\/wp\/v2\/media?parent=18331"}],"wp:term":[{"taxonomy":"product_cat","embeddable":true,"href":"https:\/\/mouldking.store\/fr\/wp-json\/wp\/v2\/product_cat?post=18331"},{"taxonomy":"product_tag","embeddable":true,"href":"https:\/\/mouldking.store\/fr\/wp-json\/wp\/v2\/product_tag?post=18331"}],"curies":[{"name":"wp","href":"https:\/\/api.w.org\/{rel}","templated":true}]}}