{"id":18360,"date":"2021-09-28T03:59:07","date_gmt":"2021-09-28T03:59:07","guid":{"rendered":"https:\/\/mouldking.store\/product\/zhegao-qj5001-ghost-helicopter-8855388"},"modified":"2021-12-23T09:50:45","modified_gmt":"2021-12-23T09:50:45","slug":"zhegao-qj5001-ghost-helicopter","status":"publish","type":"product","link":"https:\/\/mouldking.store\/fr\/shop\/zhegao-qj5001-ghost-helicopter\/","title":{"rendered":"H\u00e9licopt\u00e8re fant\u00f4me ZHEGAO QJ5001"},"content":{"rendered":"<p>ZHEGAO QJ5001 Ghost Helicopter belongs to the theme series building block set, the whole set contains 1093 building block particles. First released in 2021.<\/p>\n<figure id=\"attachment_207519\" aria-describedby=\"caption-attachment-207519\" style=\"width: 800px\" class=\"wp-caption aligncenter\"><a href=\"https:\/\/pay.lpwstore.com\/wp-content\/uploads\/2021\/05\/zhegao-qj5001-ghost-helicopter-104549.jpg\" target=\"_blank\" rel=\"noopener\"><img fetchpriority=\"high\" decoding=\"async\" class=\"wp-image-207519 size-full\" title=\"H\u00e9licopt\u00e8re fant\u00f4me ZHEGAO QJ5001\" src=\"https:\/\/pay.lpwstore.com\/wp-content\/uploads\/2021\/05\/zhegao-qj5001-ghost-helicopter-104549.jpg\" alt=\"ZHEGAO QJ5001 Ghost Helicopter\" width=\"800\" height=\"800\" \/><\/a><figcaption id=\"caption-attachment-207519\" class=\"wp-caption-text\">H\u00e9licopt\u00e8re fant\u00f4me ZHEGAO QJ5001<\/figcaption><\/figure>\n<figure id=\"attachment_207520\" aria-describedby=\"caption-attachment-207520\" style=\"width: 800px\" class=\"wp-caption aligncenter\"><img decoding=\"async\" class=\"size-full wp-image-207520\" title=\"H\u00e9licopt\u00e8re fant\u00f4me ZHEGAO QJ5001\" src=\"https:\/\/pay.lpwstore.com\/wp-content\/uploads\/2021\/05\/zhegao-qj5001-ghost-helicopter-104556.jpg\" alt=\"ZHEGAO QJ5001 Ghost Helicopter\" width=\"800\" height=\"800\" \/><figcaption id=\"caption-attachment-207520\" class=\"wp-caption-text\">H\u00e9licopt\u00e8re fant\u00f4me ZHEGAO QJ5001<\/figcaption><\/figure>\n<figure id=\"attachment_207521\" aria-describedby=\"caption-attachment-207521\" style=\"width: 800px\" class=\"wp-caption aligncenter\"><img decoding=\"async\" class=\"size-full wp-image-207521\" title=\"H\u00e9licopt\u00e8re fant\u00f4me ZHEGAO QJ5001\" src=\"https:\/\/pay.lpwstore.com\/wp-content\/uploads\/2021\/05\/zhegao-qj5001-ghost-helicopter-104558.jpg\" alt=\"ZHEGAO QJ5001 Ghost Helicopter\" width=\"800\" height=\"800\" \/><figcaption id=\"caption-attachment-207521\" class=\"wp-caption-text\">H\u00e9licopt\u00e8re fant\u00f4me ZHEGAO QJ5001<\/figcaption><\/figure>\n<figure id=\"attachment_207522\" aria-describedby=\"caption-attachment-207522\" style=\"width: 800px\" class=\"wp-caption aligncenter\"><img loading=\"lazy\" decoding=\"async\" class=\"size-full wp-image-207522\" title=\"H\u00e9licopt\u00e8re fant\u00f4me ZHEGAO QJ5001\" src=\"https:\/\/pay.lpwstore.com\/wp-content\/uploads\/2021\/05\/zhegao-qj5001-ghost-helicopter-104600.jpg\" alt=\"ZHEGAO QJ5001 Ghost Helicopter\" width=\"800\" height=\"800\" \/><figcaption id=\"caption-attachment-207522\" class=\"wp-caption-text\">H\u00e9licopt\u00e8re fant\u00f4me ZHEGAO QJ5001<\/figcaption><\/figure>","protected":false},"excerpt":{"rendered":"<ul>\n<li>Inclure\u00a0<strong>1093+<\/strong>\u00a0pi\u00e8ces<\/li>\n<li>Livre d&#039;instructions manuel<\/li>\n<li>Bloc ABS de haute qualit\u00e9<\/li>\n<li>Pas de boite d&#039;origine<\/li>\n<\/ul>","protected":false},"featured_media":18361,"comment_status":"open","ping_status":"closed","template":"","meta":{"_acf_changed":false},"product_cat":[],"product_tag":[],"class_list":["product","first","instock","shipping-taxable","purchasable","product-type-simple"],"acf":[],"_links":{"self":[{"href":"https:\/\/mouldking.store\/fr\/wp-json\/wp\/v2\/product\/18360","targetHints":{"allow":["GET"]}}],"collection":[{"href":"https:\/\/mouldking.store\/fr\/wp-json\/wp\/v2\/product"}],"about":[{"href":"https:\/\/mouldking.store\/fr\/wp-json\/wp\/v2\/types\/product"}],"replies":[{"embeddable":true,"href":"https:\/\/mouldking.store\/fr\/wp-json\/wp\/v2\/comments?post=18360"}],"wp:featuredmedia":[{"embeddable":true,"href":"https:\/\/mouldking.store\/fr\/wp-json\/wp\/v2\/media\/18361"}],"wp:attachment":[{"href":"https:\/\/mouldking.store\/fr\/wp-json\/wp\/v2\/media?parent=18360"}],"wp:term":[{"taxonomy":"product_cat","embeddable":true,"href":"https:\/\/mouldking.store\/fr\/wp-json\/wp\/v2\/product_cat?post=18360"},{"taxonomy":"product_tag","embeddable":true,"href":"https:\/\/mouldking.store\/fr\/wp-json\/wp\/v2\/product_tag?post=18360"}],"curies":[{"name":"wp","href":"https:\/\/api.w.org\/{rel}","templated":true}]}}