{"id":18457,"date":"2021-09-28T04:00:35","date_gmt":"2021-09-28T04:00:35","guid":{"rendered":"https:\/\/mouldking.store\/product\/zhegao-ql0923-corner-theme-park-3315502"},"modified":"2021-12-23T09:50:43","modified_gmt":"2021-12-23T09:50:43","slug":"zhegao-ql0923-corner-theme-park","status":"publish","type":"product","link":"https:\/\/mouldking.store\/fr\/shop\/zhegao-ql0923-corner-theme-park\/","title":{"rendered":"Parc \u00e0 th\u00e8me d&#039;angle ZHEGAO QL0923"},"content":{"rendered":"<p>ZHEGAO QL0923 Corner Theme Park est un ensemble de la collection City. ZHEGAO QL0923 est livr\u00e9 avec des instructions manuelles faciles \u00e0 construire et \u00e0 trouver les pi\u00e8ces manquantes. L&#039;ensemble contient 2023 pi\u00e8ces, sorties pour la premi\u00e8re fois en 2021.<\/p>\n<figure id=\"attachment_207811\" aria-describedby=\"caption-attachment-207811\" style=\"width: 800px\" class=\"wp-caption aligncenter\"><a href=\"https:\/\/pay.lpwstore.com\/wp-content\/uploads\/2021\/06\/zhegao-ql0923-corner-theme-park-230941.jpg\" target=\"_blank\" rel=\"noopener\"><img fetchpriority=\"high\" decoding=\"async\" class=\"wp-image-207811 size-full\" title=\"Parc \u00e0 th\u00e8me d&#039;angle ZHEGAO QL0923\" src=\"https:\/\/pay.lpwstore.com\/wp-content\/uploads\/2021\/06\/zhegao-ql0923-corner-theme-park-230941.jpg\" alt=\"ZHEGAO QL0923 Corner Theme Park\" width=\"800\" height=\"800\" \/><\/a><figcaption id=\"caption-attachment-207811\" class=\"wp-caption-text\">Parc \u00e0 th\u00e8me d&#039;angle ZHEGAO QL0923<\/figcaption><\/figure>\n<figure id=\"attachment_207812\" aria-describedby=\"caption-attachment-207812\" style=\"width: 800px\" class=\"wp-caption aligncenter\"><img decoding=\"async\" class=\"size-full wp-image-207812\" title=\"Parc \u00e0 th\u00e8me d&#039;angle ZHEGAO QL0923\" src=\"https:\/\/pay.lpwstore.com\/wp-content\/uploads\/2021\/06\/zhegao-ql0923-corner-theme-park-230944.jpg\" alt=\"ZHEGAO QL0923 Corner Theme Park\" width=\"800\" height=\"800\" \/><figcaption id=\"caption-attachment-207812\" class=\"wp-caption-text\">Parc \u00e0 th\u00e8me d&#039;angle ZHEGAO QL0923<\/figcaption><\/figure>\n<p>&nbsp;<\/p>\n<p>&nbsp;<\/p>\n<figure id=\"attachment_207813\" aria-describedby=\"caption-attachment-207813\" style=\"width: 800px\" class=\"wp-caption aligncenter\"><img decoding=\"async\" class=\"size-full wp-image-207813\" title=\"Parc \u00e0 th\u00e8me d&#039;angle ZHEGAO QL0923\" src=\"https:\/\/pay.lpwstore.com\/wp-content\/uploads\/2021\/06\/zhegao-ql0923-corner-theme-park-230947.jpg\" alt=\"ZHEGAO QL0923 Corner Theme Park\" width=\"800\" height=\"800\" \/><figcaption id=\"caption-attachment-207813\" class=\"wp-caption-text\">Parc \u00e0 th\u00e8me d&#039;angle ZHEGAO QL0923<\/figcaption><\/figure>\n<figure id=\"attachment_207814\" aria-describedby=\"caption-attachment-207814\" style=\"width: 800px\" class=\"wp-caption aligncenter\"><img loading=\"lazy\" decoding=\"async\" class=\"size-full wp-image-207814\" title=\"Parc \u00e0 th\u00e8me d&#039;angle ZHEGAO QL0923\" src=\"https:\/\/pay.lpwstore.com\/wp-content\/uploads\/2021\/06\/zhegao-ql0923-corner-theme-park-230949.jpg\" alt=\"ZHEGAO QL0923 Corner Theme Park\" width=\"800\" height=\"800\" \/><figcaption id=\"caption-attachment-207814\" class=\"wp-caption-text\">Parc \u00e0 th\u00e8me d&#039;angle ZHEGAO QL0923<\/figcaption><\/figure>\n<figure id=\"attachment_207815\" aria-describedby=\"caption-attachment-207815\" style=\"width: 800px\" class=\"wp-caption aligncenter\"><img loading=\"lazy\" decoding=\"async\" class=\"size-full wp-image-207815\" title=\"Parc \u00e0 th\u00e8me d&#039;angle ZHEGAO QL0923\" src=\"https:\/\/pay.lpwstore.com\/wp-content\/uploads\/2021\/06\/zhegao-ql0923-corner-theme-park-230951.jpg\" alt=\"ZHEGAO QL0923 Corner Theme Park\" width=\"800\" height=\"800\" \/><figcaption id=\"caption-attachment-207815\" class=\"wp-caption-text\">Parc \u00e0 th\u00e8me d&#039;angle ZHEGAO QL0923<\/figcaption><\/figure>\n<figure id=\"attachment_207816\" aria-describedby=\"caption-attachment-207816\" style=\"width: 800px\" class=\"wp-caption aligncenter\"><img loading=\"lazy\" decoding=\"async\" class=\"size-full wp-image-207816\" title=\"Parc \u00e0 th\u00e8me d&#039;angle ZHEGAO QL0923\" src=\"https:\/\/pay.lpwstore.com\/wp-content\/uploads\/2021\/06\/zhegao-ql0923-corner-theme-park-230953.jpg\" alt=\"ZHEGAO QL0923 Corner Theme Park\" width=\"800\" height=\"800\" \/><figcaption id=\"caption-attachment-207816\" class=\"wp-caption-text\">Parc \u00e0 th\u00e8me d&#039;angle ZHEGAO QL0923<\/figcaption><\/figure>\n<p>&nbsp;<\/p>","protected":false},"excerpt":{"rendered":"<ul>\n<li>Inclure <strong>2023+<\/strong> pi\u00e8ces<\/li>\n<li>Livre d&#039;instructions manuel<\/li>\n<li>Bloc ABS de haute qualit\u00e9<\/li>\n<\/ul>","protected":false},"featured_media":18458,"comment_status":"open","ping_status":"closed","template":"","meta":{"_acf_changed":false},"product_cat":[],"product_tag":[],"class_list":["product","first","instock","shipping-taxable","purchasable","product-type-simple"],"acf":[],"_links":{"self":[{"href":"https:\/\/mouldking.store\/fr\/wp-json\/wp\/v2\/product\/18457","targetHints":{"allow":["GET"]}}],"collection":[{"href":"https:\/\/mouldking.store\/fr\/wp-json\/wp\/v2\/product"}],"about":[{"href":"https:\/\/mouldking.store\/fr\/wp-json\/wp\/v2\/types\/product"}],"replies":[{"embeddable":true,"href":"https:\/\/mouldking.store\/fr\/wp-json\/wp\/v2\/comments?post=18457"}],"wp:featuredmedia":[{"embeddable":true,"href":"https:\/\/mouldking.store\/fr\/wp-json\/wp\/v2\/media\/18458"}],"wp:attachment":[{"href":"https:\/\/mouldking.store\/fr\/wp-json\/wp\/v2\/media?parent=18457"}],"wp:term":[{"taxonomy":"product_cat","embeddable":true,"href":"https:\/\/mouldking.store\/fr\/wp-json\/wp\/v2\/product_cat?post=18457"},{"taxonomy":"product_tag","embeddable":true,"href":"https:\/\/mouldking.store\/fr\/wp-json\/wp\/v2\/product_tag?post=18457"}],"curies":[{"name":"wp","href":"https:\/\/api.w.org\/{rel}","templated":true}]}}