{"id":18487,"date":"2021-09-28T04:01:02","date_gmt":"2021-09-28T04:01:02","guid":{"rendered":"https:\/\/mouldking.store\/product\/pangu-pg-15003-motorized-m249-light-machine-gun-8391604"},"modified":"2021-12-23T09:50:43","modified_gmt":"2021-12-23T09:50:43","slug":"pangu-pg-15003-motorized-m249-light-machine-gun","status":"publish","type":"product","link":"https:\/\/mouldking.store\/fr\/shop\/pangu-pg-15003-motorized-m249-light-machine-gun\/","title":{"rendered":"PANGU PG-15003 Mitrailleuse l\u00e9g\u00e8re motoris\u00e9e M249"},"content":{"rendered":"<p>La mitrailleuse l\u00e9g\u00e8re motoris\u00e9e PANGU PG-15003 M249 appartient \u00e0 l&#039;ensemble de blocs de construction de la s\u00e9rie militaire, l&#039;ensemble contient 1408 particules de blocs de construction. Premi\u00e8re sortie en 2021.<\/p>\n<figure id=\"attachment_207896\" aria-describedby=\"caption-attachment-207896\" style=\"width: 800px\" class=\"wp-caption aligncenter\"><a href=\"https:\/\/pay.lpwstore.com\/wp-content\/uploads\/2021\/06\/pangu-pg-15003-motorized-m249-light-machine-gun-225635.jpg\" target=\"_blank\" rel=\"noopener\"><img fetchpriority=\"high\" decoding=\"async\" class=\"wp-image-207896 size-full\" title=\"PANGU PG-15003 Mitrailleuse l\u00e9g\u00e8re motoris\u00e9e M249\" src=\"https:\/\/pay.lpwstore.com\/wp-content\/uploads\/2021\/06\/pangu-pg-15003-motorized-m249-light-machine-gun-225635.jpg\" alt=\"PANGU PG-15003 Motorized M249 Light Machine Gun\" width=\"800\" height=\"800\" \/><\/a><figcaption id=\"caption-attachment-207896\" class=\"wp-caption-text\">PANGU PG-15003 Mitrailleuse l\u00e9g\u00e8re motoris\u00e9e M249<\/figcaption><\/figure>\n<figure id=\"attachment_207897\" aria-describedby=\"caption-attachment-207897\" style=\"width: 800px\" class=\"wp-caption aligncenter\"><img decoding=\"async\" class=\"size-full wp-image-207897\" title=\"PANGU PG-15003 Mitrailleuse l\u00e9g\u00e8re motoris\u00e9e M249\" src=\"https:\/\/pay.lpwstore.com\/wp-content\/uploads\/2021\/06\/pangu-pg-15003-motorized-m249-light-machine-gun-225638.jpg\" alt=\"PANGU PG-15003 Motorized M249 Light Machine Gun\" width=\"800\" height=\"800\" \/><figcaption id=\"caption-attachment-207897\" class=\"wp-caption-text\">PANGU PG-15003 Mitrailleuse l\u00e9g\u00e8re motoris\u00e9e M249<\/figcaption><\/figure>\n<figure id=\"attachment_207898\" aria-describedby=\"caption-attachment-207898\" style=\"width: 800px\" class=\"wp-caption aligncenter\"><img decoding=\"async\" class=\"size-full wp-image-207898\" title=\"PANGU PG-15003 Mitrailleuse l\u00e9g\u00e8re motoris\u00e9e M249\" src=\"https:\/\/pay.lpwstore.com\/wp-content\/uploads\/2021\/06\/pangu-pg-15003-motorized-m249-light-machine-gun-225640.jpg\" alt=\"PANGU PG-15003 Motorized M249 Light Machine Gun\" width=\"800\" height=\"800\" \/><figcaption id=\"caption-attachment-207898\" class=\"wp-caption-text\">PANGU PG-15003 Mitrailleuse l\u00e9g\u00e8re motoris\u00e9e M249<\/figcaption><\/figure>\n<figure id=\"attachment_207899\" aria-describedby=\"caption-attachment-207899\" style=\"width: 800px\" class=\"wp-caption aligncenter\"><img loading=\"lazy\" decoding=\"async\" class=\"size-full wp-image-207899\" title=\"PANGU PG-15003 Mitrailleuse l\u00e9g\u00e8re motoris\u00e9e M249\" src=\"https:\/\/pay.lpwstore.com\/wp-content\/uploads\/2021\/06\/pangu-pg-15003-motorized-m249-light-machine-gun-225643.jpg\" alt=\"PANGU PG-15003 Motorized M249 Light Machine Gun\" width=\"800\" height=\"800\" \/><figcaption id=\"caption-attachment-207899\" class=\"wp-caption-text\">PANGU PG-15003 Mitrailleuse l\u00e9g\u00e8re motoris\u00e9e M249<\/figcaption><\/figure>\n<figure id=\"attachment_207900\" aria-describedby=\"caption-attachment-207900\" style=\"width: 800px\" class=\"wp-caption aligncenter\"><img loading=\"lazy\" decoding=\"async\" class=\"size-full wp-image-207900\" title=\"PANGU PG-15003 Mitrailleuse l\u00e9g\u00e8re motoris\u00e9e M249\" src=\"https:\/\/pay.lpwstore.com\/wp-content\/uploads\/2021\/06\/pangu-pg-15003-motorized-m249-light-machine-gun-225646.jpg\" alt=\"PANGU PG-15003 Motorized M249 Light Machine Gun\" width=\"800\" height=\"800\" \/><figcaption id=\"caption-attachment-207900\" class=\"wp-caption-text\">PANGU PG-15003 Mitrailleuse l\u00e9g\u00e8re motoris\u00e9e M249<\/figcaption><\/figure>","protected":false},"excerpt":{"rendered":"<ul>\n<li>Inclure\u00a0<strong>1408 <\/strong>\u00a0pi\u00e8ces<\/li>\n<li>Livre d&#039;instructions manuel<\/li>\n<li>Bloc ABS de haute qualit\u00e9<\/li>\n<\/ul>","protected":false},"featured_media":18488,"comment_status":"open","ping_status":"closed","template":"","meta":{"_acf_changed":false},"product_cat":[],"product_tag":[],"class_list":["product","first","instock","shipping-taxable","purchasable","product-type-simple"],"acf":[],"_links":{"self":[{"href":"https:\/\/mouldking.store\/fr\/wp-json\/wp\/v2\/product\/18487","targetHints":{"allow":["GET"]}}],"collection":[{"href":"https:\/\/mouldking.store\/fr\/wp-json\/wp\/v2\/product"}],"about":[{"href":"https:\/\/mouldking.store\/fr\/wp-json\/wp\/v2\/types\/product"}],"replies":[{"embeddable":true,"href":"https:\/\/mouldking.store\/fr\/wp-json\/wp\/v2\/comments?post=18487"}],"wp:featuredmedia":[{"embeddable":true,"href":"https:\/\/mouldking.store\/fr\/wp-json\/wp\/v2\/media\/18488"}],"wp:attachment":[{"href":"https:\/\/mouldking.store\/fr\/wp-json\/wp\/v2\/media?parent=18487"}],"wp:term":[{"taxonomy":"product_cat","embeddable":true,"href":"https:\/\/mouldking.store\/fr\/wp-json\/wp\/v2\/product_cat?post=18487"},{"taxonomy":"product_tag","embeddable":true,"href":"https:\/\/mouldking.store\/fr\/wp-json\/wp\/v2\/product_tag?post=18487"}],"curies":[{"name":"wp","href":"https:\/\/api.w.org\/{rel}","templated":true}]}}