{"id":18592,"date":"2021-09-28T04:02:21","date_gmt":"2021-09-28T04:02:21","guid":{"rendered":"https:\/\/mouldking.store\/product\/juhang-86014-europe-garden-street-light-version-3461981"},"modified":"2021-12-23T09:50:40","modified_gmt":"2021-12-23T09:50:40","slug":"juhang-86014-europe-garden-street-light-version","status":"publish","type":"product","link":"https:\/\/mouldking.store\/fr\/shop\/juhang-86014-europe-garden-street-light-version\/","title":{"rendered":"JUHANG 86014 Version de r\u00e9verb\u00e8re de jardin Europe"},"content":{"rendered":"<p>La version JUHANG 86014 Europe Garden Street Light appartient \u00e0 l&#039;ensemble de blocs de construction de la s\u00e9rie Modular Building, l&#039;ensemble contient 1868 particules de blocs de construction.<\/p>\n<figure id=\"attachment_208793\" aria-describedby=\"caption-attachment-208793\" style=\"width: 800px\" class=\"wp-caption aligncenter\"><img fetchpriority=\"high\" decoding=\"async\" class=\"size-full wp-image-208793\" title=\"JUHANG 86014 Version de r\u00e9verb\u00e8re de jardin Europe\" src=\"https:\/\/pay.lpwstore.com\/wp-content\/uploads\/2021\/06\/juhang-86014-europe-garden-street-light-version-220015.jpg\" alt=\"JUHANG 86014 Europe Garden Street Light version\" width=\"800\" height=\"800\" \/><figcaption id=\"caption-attachment-208793\" class=\"wp-caption-text\">JUHANG 86014 Version de r\u00e9verb\u00e8re de jardin Europe<\/figcaption><\/figure>\n<figure id=\"attachment_208794\" aria-describedby=\"caption-attachment-208794\" style=\"width: 800px\" class=\"wp-caption aligncenter\"><img decoding=\"async\" class=\"size-full wp-image-208794\" title=\"JUHANG 86014 Version de r\u00e9verb\u00e8re de jardin Europe\" src=\"https:\/\/pay.lpwstore.com\/wp-content\/uploads\/2021\/06\/juhang-86014-europe-garden-street-light-version-220022.jpg\" alt=\"JUHANG 86014 Europe Garden Street Light version\" width=\"800\" height=\"800\" \/><figcaption id=\"caption-attachment-208794\" class=\"wp-caption-text\">JUHANG 86014 Version de r\u00e9verb\u00e8re de jardin Europe<\/figcaption><\/figure>\n<figure id=\"attachment_208795\" aria-describedby=\"caption-attachment-208795\" style=\"width: 800px\" class=\"wp-caption aligncenter\"><img decoding=\"async\" class=\"size-full wp-image-208795\" title=\"JUHANG 86014 Version de r\u00e9verb\u00e8re de jardin Europe\" src=\"https:\/\/pay.lpwstore.com\/wp-content\/uploads\/2021\/06\/juhang-86014-europe-garden-street-light-version-220032.jpg\" alt=\"JUHANG 86014 Europe Garden Street Light version\" width=\"800\" height=\"800\" \/><figcaption id=\"caption-attachment-208795\" class=\"wp-caption-text\">JUHANG 86014 Version de r\u00e9verb\u00e8re de jardin Europe<\/figcaption><\/figure>\n<figure id=\"attachment_208796\" aria-describedby=\"caption-attachment-208796\" style=\"width: 800px\" class=\"wp-caption aligncenter\"><img loading=\"lazy\" decoding=\"async\" class=\"size-full wp-image-208796\" title=\"JUHANG 86014 Version de r\u00e9verb\u00e8re de jardin Europe\" src=\"https:\/\/pay.lpwstore.com\/wp-content\/uploads\/2021\/06\/juhang-86014-europe-garden-street-light-version-220039.jpg\" alt=\"JUHANG 86014 Europe Garden Street Light version\" width=\"800\" height=\"800\" \/><figcaption id=\"caption-attachment-208796\" class=\"wp-caption-text\">JUHANG 86014 Version de r\u00e9verb\u00e8re de jardin Europe<\/figcaption><\/figure>","protected":false},"excerpt":{"rendered":"<ul>\n<li>Inclure <strong>1868+<\/strong> pi\u00e8ces<\/li>\n<li>Livre d&#039;instructions manuel<\/li>\n<li>Bloc ABS de haute qualit\u00e9<\/li>\n<\/ul>","protected":false},"featured_media":18593,"comment_status":"open","ping_status":"closed","template":"","meta":{"_acf_changed":false},"product_cat":[],"product_tag":[],"class_list":["product","first","instock","shipping-taxable","purchasable","product-type-simple"],"acf":[],"_links":{"self":[{"href":"https:\/\/mouldking.store\/fr\/wp-json\/wp\/v2\/product\/18592","targetHints":{"allow":["GET"]}}],"collection":[{"href":"https:\/\/mouldking.store\/fr\/wp-json\/wp\/v2\/product"}],"about":[{"href":"https:\/\/mouldking.store\/fr\/wp-json\/wp\/v2\/types\/product"}],"replies":[{"embeddable":true,"href":"https:\/\/mouldking.store\/fr\/wp-json\/wp\/v2\/comments?post=18592"}],"wp:featuredmedia":[{"embeddable":true,"href":"https:\/\/mouldking.store\/fr\/wp-json\/wp\/v2\/media\/18593"}],"wp:attachment":[{"href":"https:\/\/mouldking.store\/fr\/wp-json\/wp\/v2\/media?parent=18592"}],"wp:term":[{"taxonomy":"product_cat","embeddable":true,"href":"https:\/\/mouldking.store\/fr\/wp-json\/wp\/v2\/product_cat?post=18592"},{"taxonomy":"product_tag","embeddable":true,"href":"https:\/\/mouldking.store\/fr\/wp-json\/wp\/v2\/product_tag?post=18592"}],"curies":[{"name":"wp","href":"https:\/\/api.w.org\/{rel}","templated":true}]}}