{"id":18669,"date":"2021-09-28T04:03:25","date_gmt":"2021-09-28T04:03:25","guid":{"rendered":"https:\/\/mouldking.store\/product\/panlos-670007-m1911-automatic-pistol-3424191"},"modified":"2021-12-23T09:50:40","modified_gmt":"2021-12-23T09:50:40","slug":"panlos-670007-m1911-automatic-pistol","status":"publish","type":"product","link":"https:\/\/mouldking.store\/fr\/shop\/panlos-670007-m1911-automatic-pistol\/","title":{"rendered":"PANLOS 670007 Pistolet automatique M1911"},"content":{"rendered":"<p>Le pistolet automatique PANLOS 670007 M1911 appartient \u00e0 l&#039;ensemble de blocs de construction de la s\u00e9rie militaire, l&#039;ensemble contient 333 particules de blocs de construction. Premi\u00e8re sortie en 2021.<\/p>\n<figure id=\"attachment_209171\" aria-describedby=\"caption-attachment-209171\" style=\"width: 800px\" class=\"wp-caption aligncenter\"><img fetchpriority=\"high\" decoding=\"async\" class=\"size-full wp-image-209171\" title=\"PANLOS 670007 Pistolet automatique M1911\" src=\"https:\/\/pay.lpwstore.com\/wp-content\/uploads\/2021\/06\/panlos-670007-m1911-automatic-pistol-211220.jpg\" alt=\"PANLOS 670007 M1911 Automatic Pistol\" width=\"800\" height=\"800\" \/><figcaption id=\"caption-attachment-209171\" class=\"wp-caption-text\">PANLOS 670007 Pistolet automatique M1911<\/figcaption><\/figure>\n<figure id=\"attachment_209172\" aria-describedby=\"caption-attachment-209172\" style=\"width: 800px\" class=\"wp-caption aligncenter\"><img decoding=\"async\" class=\"size-full wp-image-209172\" title=\"PANLOS 670007 Pistolet automatique M1911\" src=\"https:\/\/pay.lpwstore.com\/wp-content\/uploads\/2021\/06\/panlos-670007-m1911-automatic-pistol-211222.jpg\" alt=\"PANLOS 670007 M1911 Automatic Pistol\" width=\"800\" height=\"800\" \/><figcaption id=\"caption-attachment-209172\" class=\"wp-caption-text\">PANLOS 670007 Pistolet automatique M1911<\/figcaption><\/figure>\n<figure id=\"attachment_209173\" aria-describedby=\"caption-attachment-209173\" style=\"width: 800px\" class=\"wp-caption aligncenter\"><img decoding=\"async\" class=\"size-full wp-image-209173\" title=\"PANLOS 670007 Pistolet automatique M1911\" src=\"https:\/\/pay.lpwstore.com\/wp-content\/uploads\/2021\/06\/panlos-670007-m1911-automatic-pistol-211224.jpg\" alt=\"PANLOS 670007 M1911 Automatic Pistol\" width=\"800\" height=\"800\" \/><figcaption id=\"caption-attachment-209173\" class=\"wp-caption-text\">PANLOS 670007 Pistolet automatique M1911<\/figcaption><\/figure>\n<figure id=\"attachment_209174\" aria-describedby=\"caption-attachment-209174\" style=\"width: 800px\" class=\"wp-caption aligncenter\"><img loading=\"lazy\" decoding=\"async\" class=\"size-full wp-image-209174\" title=\"PANLOS 670007 Pistolet automatique M1911\" src=\"https:\/\/pay.lpwstore.com\/wp-content\/uploads\/2021\/06\/panlos-670007-m1911-automatic-pistol-211225.jpg\" alt=\"PANLOS 670007 M1911 Automatic Pistol\" width=\"800\" height=\"800\" \/><figcaption id=\"caption-attachment-209174\" class=\"wp-caption-text\">PANLOS 670007 Pistolet automatique M1911<\/figcaption><\/figure>\n<figure id=\"attachment_209175\" aria-describedby=\"caption-attachment-209175\" style=\"width: 800px\" class=\"wp-caption aligncenter\"><img loading=\"lazy\" decoding=\"async\" class=\"size-full wp-image-209175\" title=\"PANLOS 670007 Pistolet automatique M1911\" src=\"https:\/\/pay.lpwstore.com\/wp-content\/uploads\/2021\/06\/panlos-670007-m1911-automatic-pistol-211226.jpg\" alt=\"PANLOS 670007 M1911 Automatic Pistol\" width=\"800\" height=\"800\" \/><figcaption id=\"caption-attachment-209175\" class=\"wp-caption-text\">PANLOS 670007 Pistolet automatique M1911<\/figcaption><\/figure>","protected":false},"excerpt":{"rendered":"<ul>\n<li>Inclure <strong>333+<\/strong> pi\u00e8ces<\/li>\n<li>Livre d&#039;instructions manuel<\/li>\n<li>Bloc ABS de haute qualit\u00e9<\/li>\n<\/ul>","protected":false},"featured_media":18670,"comment_status":"open","ping_status":"closed","template":"","meta":{"_acf_changed":false},"product_cat":[372],"product_tag":[],"class_list":["product","first","instock","shipping-taxable","purchasable","product-type-simple"],"acf":[],"_links":{"self":[{"href":"https:\/\/mouldking.store\/fr\/wp-json\/wp\/v2\/product\/18669","targetHints":{"allow":["GET"]}}],"collection":[{"href":"https:\/\/mouldking.store\/fr\/wp-json\/wp\/v2\/product"}],"about":[{"href":"https:\/\/mouldking.store\/fr\/wp-json\/wp\/v2\/types\/product"}],"replies":[{"embeddable":true,"href":"https:\/\/mouldking.store\/fr\/wp-json\/wp\/v2\/comments?post=18669"}],"wp:featuredmedia":[{"embeddable":true,"href":"https:\/\/mouldking.store\/fr\/wp-json\/wp\/v2\/media\/18670"}],"wp:attachment":[{"href":"https:\/\/mouldking.store\/fr\/wp-json\/wp\/v2\/media?parent=18669"}],"wp:term":[{"taxonomy":"product_cat","embeddable":true,"href":"https:\/\/mouldking.store\/fr\/wp-json\/wp\/v2\/product_cat?post=18669"},{"taxonomy":"product_tag","embeddable":true,"href":"https:\/\/mouldking.store\/fr\/wp-json\/wp\/v2\/product_tag?post=18669"}],"curies":[{"name":"wp","href":"https:\/\/api.w.org\/{rel}","templated":true}]}}