{"id":18742,"date":"2021-09-28T04:04:18","date_gmt":"2021-09-28T04:04:18","guid":{"rendered":"https:\/\/mouldking.store\/product\/sembo-108655-ultraman-heroes-uub-ultramans-bright-flashing-form-1947339"},"modified":"2021-12-23T09:50:40","modified_gmt":"2021-12-23T09:50:40","slug":"sembo-108655-ultraman-heroes-uub-ultramans-bright-flashing-form","status":"publish","type":"product","link":"https:\/\/mouldking.store\/fr\/shop\/sembo-108655-ultraman-heroes-uub-ultramans-bright-flashing-form\/","title":{"rendered":"SEMBO 108655 Ultraman Heroes Uub Forme clignotante brillante d&#039;Ultraman"},"content":{"rendered":"<p>SEMBO 108655 Ultraman Heroes Uub La forme clignotante lumineuse d&#039;Uub Ultraman appartient \u00e0 l&#039;ensemble de blocs de construction de la s\u00e9rie de jeux cin\u00e9matographiques et t\u00e9l\u00e9vis\u00e9s. L&#039;ensemble complet contient 669 particules de blocs de construction. Premi\u00e8re sortie en 2021.<\/p>\n<p><figure id=\"attachment_209292\" aria-describedby=\"caption-attachment-209292\" style=\"width: 800px\" class=\"wp-caption aligncenter\"><a href=\"https:\/\/pay.lpwstore.com\/wp-content\/uploads\/2021\/07\/sembo-108655-ultraman-heroes-uub-ultramans-bright-flashing-form-222604.jpg\" target=\"_blank\" rel=\"noopener\"><img fetchpriority=\"high\" decoding=\"async\" class=\"wp-image-209292 size-full\" title=\"SEMBO 108655 Ultraman Heroes Uub Forme clignotante brillante d&#039;Ultraman\" src=\"https:\/\/pay.lpwstore.com\/wp-content\/uploads\/2021\/07\/sembo-108655-ultraman-heroes-uub-ultramans-bright-flashing-form-222604.jpg\" alt=\"SEMBO 108655 Ultraman Heroes Uub Ultraman's bright flashing form\" width=\"800\" height=\"800\" \/><\/a><figcaption id=\"caption-attachment-209292\" class=\"wp-caption-text\">SEMBO 108655 Ultraman Heroes Uub Forme clignotante brillante d&#039;Ultraman<\/figcaption><\/figure><figure id=\"attachment_209293\" aria-describedby=\"caption-attachment-209293\" style=\"width: 800px\" class=\"wp-caption aligncenter\"><img decoding=\"async\" class=\"size-full wp-image-209293\" title=\"SEMBO 108655 Ultraman Heroes Uub Forme clignotante brillante d&#039;Ultraman\" src=\"https:\/\/pay.lpwstore.com\/wp-content\/uploads\/2021\/07\/sembo-108655-ultraman-heroes-uub-ultramans-bright-flashing-form-222606.jpg\" alt=\"SEMBO 108655 Ultraman Heroes Uub Ultraman's bright flashing form\" width=\"800\" height=\"800\" \/><figcaption id=\"caption-attachment-209293\" class=\"wp-caption-text\">SEMBO 108655 Ultraman Heroes Uub Forme clignotante brillante d&#039;Ultraman<\/figcaption><\/figure><figure id=\"attachment_209294\" aria-describedby=\"caption-attachment-209294\" style=\"width: 800px\" class=\"wp-caption aligncenter\"><img decoding=\"async\" class=\"size-full wp-image-209294\" title=\"SEMBO 108655 Ultraman Heroes Uub Forme clignotante brillante d&#039;Ultraman\" src=\"https:\/\/pay.lpwstore.com\/wp-content\/uploads\/2021\/07\/sembo-108655-ultraman-heroes-uub-ultramans-bright-flashing-form-222607.jpg\" alt=\"SEMBO 108655 Ultraman Heroes Uub Ultraman's bright flashing form\" width=\"800\" height=\"800\" \/><figcaption id=\"caption-attachment-209294\" class=\"wp-caption-text\">SEMBO 108655 Ultraman Heroes Uub Forme clignotante brillante d&#039;Ultraman<\/figcaption><\/figure><figure id=\"attachment_209295\" aria-describedby=\"caption-attachment-209295\" style=\"width: 800px\" class=\"wp-caption aligncenter\"><img loading=\"lazy\" decoding=\"async\" class=\"size-full wp-image-209295\" title=\"SEMBO 108655 Ultraman Heroes Uub Forme clignotante brillante d&#039;Ultraman\" src=\"https:\/\/pay.lpwstore.com\/wp-content\/uploads\/2021\/07\/sembo-108655-ultraman-heroes-uub-ultramans-bright-flashing-form-222608.jpg\" alt=\"SEMBO 108655 Ultraman Heroes Uub Ultraman's bright flashing form\" width=\"800\" height=\"800\" \/><figcaption id=\"caption-attachment-209295\" class=\"wp-caption-text\">SEMBO 108655 Ultraman Heroes Uub Forme clignotante brillante d&#039;Ultraman<\/figcaption><\/figure><figure id=\"attachment_209296\" aria-describedby=\"caption-attachment-209296\" style=\"width: 800px\" class=\"wp-caption aligncenter\"><img loading=\"lazy\" decoding=\"async\" class=\"size-full wp-image-209296\" title=\"SEMBO 108655 Ultraman Heroes Uub Forme clignotante brillante d&#039;Ultraman\" src=\"https:\/\/pay.lpwstore.com\/wp-content\/uploads\/2021\/07\/sembo-108655-ultraman-heroes-uub-ultramans-bright-flashing-form-222609.jpg\" alt=\"SEMBO 108655 Ultraman Heroes Uub Ultraman's bright flashing form\" width=\"800\" height=\"800\" \/><figcaption id=\"caption-attachment-209296\" class=\"wp-caption-text\">SEMBO 108655 Ultraman Heroes Uub Forme clignotante brillante d&#039;Ultraman<\/figcaption><\/figure><\/p>","protected":false},"excerpt":{"rendered":"<ul>\n<li>Inclure\u00a0<strong>669+<\/strong>\u00a0pi\u00e8ces<\/li>\n<li>Livre d&#039;instructions manuel<\/li>\n<li>Bloc ABS de haute qualit\u00e9<\/li>\n<li>Pas de boite d&#039;origine<\/li>\n<\/ul>","protected":false},"featured_media":18743,"comment_status":"open","ping_status":"closed","template":"","meta":{"_acf_changed":false},"product_cat":[],"product_tag":[],"class_list":["product","first","instock","shipping-taxable","purchasable","product-type-simple"],"acf":[],"_links":{"self":[{"href":"https:\/\/mouldking.store\/fr\/wp-json\/wp\/v2\/product\/18742","targetHints":{"allow":["GET"]}}],"collection":[{"href":"https:\/\/mouldking.store\/fr\/wp-json\/wp\/v2\/product"}],"about":[{"href":"https:\/\/mouldking.store\/fr\/wp-json\/wp\/v2\/types\/product"}],"replies":[{"embeddable":true,"href":"https:\/\/mouldking.store\/fr\/wp-json\/wp\/v2\/comments?post=18742"}],"wp:featuredmedia":[{"embeddable":true,"href":"https:\/\/mouldking.store\/fr\/wp-json\/wp\/v2\/media\/18743"}],"wp:attachment":[{"href":"https:\/\/mouldking.store\/fr\/wp-json\/wp\/v2\/media?parent=18742"}],"wp:term":[{"taxonomy":"product_cat","embeddable":true,"href":"https:\/\/mouldking.store\/fr\/wp-json\/wp\/v2\/product_cat?post=18742"},{"taxonomy":"product_tag","embeddable":true,"href":"https:\/\/mouldking.store\/fr\/wp-json\/wp\/v2\/product_tag?post=18742"}],"curies":[{"name":"wp","href":"https:\/\/api.w.org\/{rel}","templated":true}]}}