{"id":18803,"date":"2021-10-09T04:16:52","date_gmt":"2021-10-09T04:16:52","guid":{"rendered":"https:\/\/mouldking.store\/?post_type=product&#038;p=18803"},"modified":"2025-12-25T09:28:01","modified_gmt":"2025-12-25T02:28:01","slug":"moc-18916-the-empire-over-jedha-city","status":"publish","type":"product","link":"https:\/\/mouldking.store\/fr\/shop\/moc-18916-the-empire-over-jedha-city\/","title":{"rendered":"MOC 18916 L&#039;Empire sur la ville de Jedha"},"content":{"rendered":"<p>This fantastic <strong>MOC 18916 L&#039;Empire sur la ville de Jedha<\/strong> made from LEPINWORLD is a really awesome MOC.<\/p>\n<h4><strong>SP\u00c9CIFICATIONS DE L&#039;ARTICLE<\/strong><\/h4>\n<ul>\n<li>An awesome MOC 18916 The Empire over Jedha City <span style=\"font-size: 14.4px\">de Rebrickable<\/span><\/li>\n<li><strong>5098 pieces<\/strong> fabriqu\u00e9 \u00e0 partir de briques en plastique ABS 100% de haute qualit\u00e9, sans danger pour les enfants, longue dur\u00e9e de jeu, 100% compatible avec d&#039;autres marques de briques comme Le .go<\/li>\n<li><span style=\"font-size: 14.4px\">Facile \u00e0 construire avec des instructions pdf avec un guide brique par brique et des images de haute qualit\u00e9 - fichier pdf envoy\u00e9 par e-mail.<\/span><\/li>\n<li>Les dimensions compl\u00e8tes du stand peuvent \u00eatre visualis\u00e9es dans l&#039;image ci-dessous.<\/li>\n<\/ul>\n<h4><strong>INSTRUCTION DE CONSTRUCTION MOC<\/strong><\/h4>\n<p>The instructions for all our MOC SET will be sent after you receive your order via email or Livechat Facebook. Please contact with us for it.<\/p>\n<h4><strong>DATE D&#039;EXP\u00c9DITION<\/strong><\/h4>\n<p>Les ensembles MOC ont besoin de 10 \u00e0 12 jours pour se pr\u00e9parer et\u00a0; <span style=\"color: red\"><strong>sera exp\u00e9di\u00e9 dans les 15 jours<\/strong><\/span><\/p>\n<h4><strong>PARTIES MANQUANTES<\/strong><\/h4>\n<p>Toutes les pi\u00e8ces sont v\u00e9rifi\u00e9es avant l&#039;exp\u00e9dition, donc si vous trouvez des pi\u00e8ces manquantes ou endommag\u00e9es, ne vous inqui\u00e9tez pas. Veuillez nous contacter et nous vous les enverrons sans aucun frais, ou nous vous offrirons un petit remboursement pour que vous puissiez acheter dans d&#039;autres endroits.<\/p>","protected":false},"excerpt":{"rendered":"<p>\u2022 With 5098 Pcs \u2022 Highest Quality bricks (Better than Lepin)<\/p>","protected":false},"featured_media":18829,"comment_status":"open","ping_status":"closed","template":"","meta":{"_acf_changed":false},"product_cat":[15],"product_tag":[],"class_list":["product","first","instock","featured","shipping-taxable","purchasable","product-type-simple"],"acf":[],"_links":{"self":[{"href":"https:\/\/mouldking.store\/fr\/wp-json\/wp\/v2\/product\/18803","targetHints":{"allow":["GET"]}}],"collection":[{"href":"https:\/\/mouldking.store\/fr\/wp-json\/wp\/v2\/product"}],"about":[{"href":"https:\/\/mouldking.store\/fr\/wp-json\/wp\/v2\/types\/product"}],"replies":[{"embeddable":true,"href":"https:\/\/mouldking.store\/fr\/wp-json\/wp\/v2\/comments?post=18803"}],"wp:featuredmedia":[{"embeddable":true,"href":"https:\/\/mouldking.store\/fr\/wp-json\/wp\/v2\/media\/18829"}],"wp:attachment":[{"href":"https:\/\/mouldking.store\/fr\/wp-json\/wp\/v2\/media?parent=18803"}],"wp:term":[{"taxonomy":"product_cat","embeddable":true,"href":"https:\/\/mouldking.store\/fr\/wp-json\/wp\/v2\/product_cat?post=18803"},{"taxonomy":"product_tag","embeddable":true,"href":"https:\/\/mouldking.store\/fr\/wp-json\/wp\/v2\/product_tag?post=18803"}],"curies":[{"name":"wp","href":"https:\/\/api.w.org\/{rel}","templated":true}]}}