{"id":18805,"date":"2021-10-09T04:16:52","date_gmt":"2021-10-08T21:16:52","guid":{"rendered":"https:\/\/mouldking.store\/?post_type=product&#038;p=18805"},"modified":"2025-12-25T09:28:01","modified_gmt":"2025-12-25T02:28:01","slug":"moc-10219-millennium-falcon-vertical-display-stand","status":"publish","type":"product","link":"https:\/\/mouldking.store\/fr\/shop\/moc-10219-millennium-falcon-vertical-display-stand\/","title":{"rendered":"MOC 10219 Pr\u00e9sentoir vertical Millennium Falcon"},"content":{"rendered":"<p>0<\/p>","protected":false},"excerpt":{"rendered":"<p>\u2022 With 407 Pcs \u2022 Highest Quality bricks<\/p>\n<p>This fantastic display made from LEPINWORLD is a great way of showing your\u00a0 Millennium Falcon brick set: 75192, Lepin&#8217;s Millennium Falcon 05132, and MOC 10179<\/p>\n<h4>SP\u00c9CIFICATIONS DE L&#039;ARTICLE<\/h4>\n<ul>\u2022 407 pieces made from high-quality 100% ABS plastic bricks, safe for children, long time to play, 100% compatible with other brick brand like Le .go<\/ul>\n<ul>\u2022 Easy-to-follow instruction diagrams with brick by brick guide \u2013 sent pdf file via email.<\/ul>\n<ul>\u2022 The stand has light-gray and will be matched with the back ground when displaying your LEGO Millennium Falcon.<\/ul>\n<ul>\u2022 Our vertical display stand is 100% compatible with many different variations of Millennium Falcons including: UCS Millennium Falcon 75192, Lepin&#8217;s Millennium Falcon 05132, and MOC 10179.<\/ul>\n<ul>\u2022 Les dimensions compl\u00e8tes du stand peuvent \u00eatre visualis\u00e9es dans l&#039;image ci-dessous.<\/ul>\n<p><img decoding=\"async\" src=\"https:\/\/us03-imgcdn.ymcart.com\/44618\/2019\/04\/27\/3\/e\/3ed5d8150b7e8e0e.jpg\" alt=\"\" \/><\/p>\n<h4>INSTRUCTION DE CONSTRUCTION MOC<\/h4>\n<p>The instructions for all our MOC SET will be sent after you receive your order via email or Livechat Facebook. Please contact with us for it.<\/p>\n<h4>DATE D&#039;EXP\u00c9DITION<\/h4>\n<p>Les ensembles MOC ont besoin de 10 \u00e0 12 jours pour se pr\u00e9parer et\u00a0; <span style=\"color: red\"><strong>sera exp\u00e9di\u00e9 dans les 15 jours<\/strong><\/span><\/p>\n<h4>PARTIES MANQUANTES<\/h4>\n<p>Toutes les pi\u00e8ces sont v\u00e9rifi\u00e9es avant l&#039;exp\u00e9dition, donc si vous trouvez des pi\u00e8ces manquantes ou endommag\u00e9es, ne vous inqui\u00e9tez pas. Veuillez nous contacter et nous vous les enverrons sans aucun frais, ou nous vous offrirons un petit remboursement pour que vous puissiez acheter dans d&#039;autres endroits.<\/p>","protected":false},"featured_media":18839,"comment_status":"open","ping_status":"closed","template":"","meta":{"_acf_changed":false},"product_cat":[415],"product_tag":[],"class_list":["product","first","instock","featured","shipping-taxable","purchasable","product-type-simple"],"acf":[],"_links":{"self":[{"href":"https:\/\/mouldking.store\/fr\/wp-json\/wp\/v2\/product\/18805","targetHints":{"allow":["GET"]}}],"collection":[{"href":"https:\/\/mouldking.store\/fr\/wp-json\/wp\/v2\/product"}],"about":[{"href":"https:\/\/mouldking.store\/fr\/wp-json\/wp\/v2\/types\/product"}],"replies":[{"embeddable":true,"href":"https:\/\/mouldking.store\/fr\/wp-json\/wp\/v2\/comments?post=18805"}],"wp:featuredmedia":[{"embeddable":true,"href":"https:\/\/mouldking.store\/fr\/wp-json\/wp\/v2\/media\/18839"}],"wp:attachment":[{"href":"https:\/\/mouldking.store\/fr\/wp-json\/wp\/v2\/media?parent=18805"}],"wp:term":[{"taxonomy":"product_cat","embeddable":true,"href":"https:\/\/mouldking.store\/fr\/wp-json\/wp\/v2\/product_cat?post=18805"},{"taxonomy":"product_tag","embeddable":true,"href":"https:\/\/mouldking.store\/fr\/wp-json\/wp\/v2\/product_tag?post=18805"}],"curies":[{"name":"wp","href":"https:\/\/api.w.org\/{rel}","templated":true}]}}