{"id":19150,"date":"2021-10-09T04:26:43","date_gmt":"2021-10-08T21:26:43","guid":{"rendered":"https:\/\/mouldking.store\/shop\/moc-30884-hogwart-castle-epic-extension-by-moc-factory\/"},"modified":"2025-12-25T09:27:36","modified_gmt":"2025-12-25T02:27:36","slug":"moc-30884-hogwart-castle-epic-extension-by-moc-factory","status":"publish","type":"product","link":"https:\/\/mouldking.store\/fr\/shop\/moc-30884-hogwart-castle-epic-extension-by-moc-factory\/","title":{"rendered":"MOC 30884 Extension \u00e9pique du ch\u00e2teau de Poudlard par MOC FACTORY"},"content":{"rendered":"<p><strong>MOC 30884 Extension \u00e9pique du ch\u00e2teau de Poudlard<\/strong> est bas\u00e9 sur le ch\u00e2teau de Poudlard dans le film de Harry Potter Il ne contient qu&#039;un b\u00e2timent \u00e9tendu, n&#039;inclut pas le ch\u00e2teau de Poudlard<\/p>\n<p><img decoding=\"async\" class=\"alignnone size-full wp-image-177510\" src=\"https:\/\/pay.lpwstore.com\/wp-content\/uploads\/2019\/11\/article-2109071-11FC87B3000005DC-927_964x641.jpg\" alt=\" width=\" height=\"641\" title=\"-\"><\/p>\n<figure id=\"attachment_189024\" aria-describedby=\"caption-attachment-189024\" style=\"width: 1020px\" class=\"wp-caption alignnone\"><img fetchpriority=\"high\" decoding=\"async\" class=\"wp-image-189024 size-large\" src=\"https:\/\/pay.lpwstore.com\/wp-content\/uploads\/2019\/11\/48995349096_8f2ce4a6ff_o-Copy-1024x1024.jpg\" alt=\"-\" width=\"1020\" height=\"1020\" title=\"-\"><figcaption id=\"caption-attachment-189024\" class=\"wp-caption-text\">MOC FACTORY S7315 Extension \u00e9pique du ch\u00e2teau de Poudlard MOC-30884<\/figcaption><\/figure>\n<blockquote>\n<h4>Num\u00e9ro MOC : 30884<\/h4>\n<h4>Nom : Ch\u00e2teau de Poudlard (71043) Concepteur d&#039;extension \u00e9pique par : Playwell Bricks<\/h4>\n<h4>Con\u00e7u en\u00a0: 2019<\/h4>\n<h4>Nombre de pi\u00e8ces : 19288<\/h4>\n<h4>Cat\u00e9gorie : Film\/Harry Potter<\/h4>\n<h4>Modification de : 71043\/ Lepin 16060 Ch\u00e2teau de Poudlard<\/h4>\n<\/blockquote>\n<h4>Un superbe ensemble de briques MOC 30884 Extension \u00e9pique du ch\u00e2teau de Poudlard<\/h4>\n<h4>\u2022 +19\u00a0000\u00a0pi\u00e8ces fabriqu\u00e9es \u00e0 partir de briques en plastique ABS 100% de haute qualit\u00e9, sans danger pour les enfants, longue dur\u00e9e de jeu, 100% compatible avec d&#039;autres marques de briques<\/h4>\n<h4>\u2022 Exactement compatible avec le ch\u00e2teau de Poudlard 71043 16060<\/h4>\n<p><span style=\"font-size: 14.4px\">\u2022 Facile \u00e0 construire avec les instructions manuelles de l&#039;extension \u00e9pique du ch\u00e2teau de Poudlard MOC 30884 <\/span><span style=\"font-size: 14.4px\">avec un guide brique par brique et des images de haute qualit\u00e9 (+3000 pages de manuel)<\/span> <span style=\"font-size: 14.4px\">\u2022 Dimensions compl\u00e8tes de l&#039;extension \u00e9pique du ch\u00e2teau de Poudlard MOC 30884\u00a0:<\/span> Largeur 130,6 cm (51,4 pouces) Longueur 93,7 cm (36,9 pouces) Hauteur 62,8 cm (24,7 pouces)<\/p>\n<div class=\"mceTemp\"><\/div>\n<figure id=\"attachment_189025\" aria-describedby=\"caption-attachment-189025\" style=\"width: 790px\" class=\"wp-caption alignnone\"><img decoding=\"async\" class=\"size-full wp-image-189025\" src=\"https:\/\/pay.lpwstore.com\/wp-content\/uploads\/2019\/11\/MOC-FACTORY-S7315-Hogwart\u2019s-Castle-Epic-Extension-MOC-30884-15.png\" alt=\"-\" width=\"790\" height=\"574\" title=\"-\"><figcaption id=\"caption-attachment-189025\" class=\"wp-caption-text\">MOC FACTORY S7315 Extension \u00e9pique du ch\u00e2teau de Poudlard MOC-30884<\/figcaption><\/figure>\n<h4><strong>LIVRAISON &amp; RETOUR<\/strong><\/h4>\n<ul>\n<li>Nous garantissons pour l&#039;extension \u00e9pique du ch\u00e2teau de Poudlard MOC 30884 : \u2013 Remboursement int\u00e9gral si vous ne recevez pas votre commande \u2013 Fourniture gratuite pour les pi\u00e8ces manquantes ou le livre manuel \u2013 Le client ne paiera plus les taxes et les frais de douane. (Si vous devez payer, nous vous rembourserons)<\/li>\n<li>L&#039;exp\u00e9dition internationale est assez compliqu\u00e9e, nous nous effor\u00e7ons de traiter l&#039;ensemble de votre probl\u00e8me. Mais, si votre commande rencontre des probl\u00e8mes, veuillez nous contacter par e-mail<\/li>\n<li>ANNULATION DE LA COMMANDE\u00a0: Si vous devez annuler la commande, vous devez nous contacter par e-mail contact@pay.lpwstore.com d\u00e8s que possible. Nous ne pouvons pas arr\u00eater la commande avant 48 heures<\/li>\n<\/ul>\n<h4><strong>PARTIES MANQUANTES<\/strong><\/h4>\n<p>Toutes les pi\u00e8ces de l&#039;extension \u00e9pique du ch\u00e2teau de Poudlard MOC 30884 sont v\u00e9rifi\u00e9es avant l&#039;exp\u00e9dition, donc si vous trouvez des pi\u00e8ces manquantes ou endommag\u00e9es, ne vous inqui\u00e9tez pas. Veuillez nous contacter et nous vous les enverrons sans aucun frais, ou nous vous offrirons un petit remboursement pour que vous puissiez acheter ailleurs.<\/p>\n<figure id=\"attachment_192307\" aria-describedby=\"caption-attachment-192307\" style=\"width: 1020px\" class=\"wp-caption alignnone\"><img decoding=\"async\" class=\"wp-image-192307 size-large\" src=\"https:\/\/pay.lpwstore.com\/wp-content\/uploads\/2019\/11\/MOC-30884-Hogwart-Castle-Epic-Extension-by-Playwell-Bricks-1-1024x819.png\" alt=\"-\" width=\"1020\" height=\"816\" title=\"-\"><figcaption id=\"caption-attachment-192307\" class=\"wp-caption-text\">MOC 30884 Extension \u00e9pique du ch\u00e2teau de Poudlard - PARTIE 1<\/figcaption><\/figure>\n<figure id=\"attachment_192308\" aria-describedby=\"caption-attachment-192308\" style=\"width: 1020px\" class=\"wp-caption alignnone\"><img loading=\"lazy\" decoding=\"async\" class=\"wp-image-192308 size-large\" src=\"https:\/\/pay.lpwstore.com\/wp-content\/uploads\/2019\/11\/MOC-30884-Hogwart-Castle-Epic-Extension-by-Playwell-Bricks-2-1024x864.png\" alt=\"-\" width=\"1020\" height=\"861\" title=\"-\"><figcaption id=\"caption-attachment-192308\" class=\"wp-caption-text\">MOC 30884 Extension \u00e9pique du ch\u00e2teau de Poudlard - PARTIE 1<\/figcaption><\/figure>\n<figure id=\"attachment_192309\" aria-describedby=\"caption-attachment-192309\" style=\"width: 1020px\" class=\"wp-caption alignnone\"><img loading=\"lazy\" decoding=\"async\" class=\"wp-image-192309 size-large\" src=\"https:\/\/pay.lpwstore.com\/wp-content\/uploads\/2019\/11\/MOC-30884-Hogwart-Castle-Epic-Extension-by-Playwell-Bricks-3-1024x820.png\" alt=\"-\" width=\"1020\" height=\"817\" title=\"-\"><figcaption id=\"caption-attachment-192309\" class=\"wp-caption-text\">MOC 30884 Extension \u00e9pique du ch\u00e2teau de Poudlard - PARTIE 2<\/figcaption><\/figure>\n<figure id=\"attachment_192310\" aria-describedby=\"caption-attachment-192310\" style=\"width: 1020px\" class=\"wp-caption alignnone\"><img loading=\"lazy\" decoding=\"async\" class=\"wp-image-192310 size-large\" src=\"https:\/\/pay.lpwstore.com\/wp-content\/uploads\/2019\/11\/MOC-30884-Hogwart-Castle-Epic-Extension-by-Playwell-Bricks-4-1024x852.png\" alt=\"-\" width=\"1020\" height=\"849\" title=\"-\"><figcaption id=\"caption-attachment-192310\" class=\"wp-caption-text\">MOC 30884 Extension \u00e9pique du ch\u00e2teau de Poudlard - PARTIE 2<\/figcaption><\/figure>\n<figure id=\"attachment_192311\" aria-describedby=\"caption-attachment-192311\" style=\"width: 1020px\" class=\"wp-caption alignnone\"><img loading=\"lazy\" decoding=\"async\" class=\"wp-image-192311 size-large\" src=\"https:\/\/pay.lpwstore.com\/wp-content\/uploads\/2019\/11\/MOC-30884-Hogwart-Castle-Epic-Extension-by-Playwell-Bricks-5-1024x774.png\" alt=\"-\" width=\"1020\" height=\"771\" title=\"-\"><figcaption id=\"caption-attachment-192311\" class=\"wp-caption-text\">MOC 30884 Extension \u00e9pique du ch\u00e2teau de Poudlard - PARTIE 2<\/figcaption><\/figure>\n<figure id=\"attachment_192312\" aria-describedby=\"caption-attachment-192312\" style=\"width: 1020px\" class=\"wp-caption alignnone\"><img loading=\"lazy\" decoding=\"async\" class=\"wp-image-192312 size-large\" src=\"https:\/\/pay.lpwstore.com\/wp-content\/uploads\/2019\/11\/Screenshot_4-1024x852.png\" alt=\"-\" width=\"1020\" height=\"849\" title=\"-\"><figcaption id=\"caption-attachment-192312\" class=\"wp-caption-text\">MOC 30884 Extension \u00e9pique du ch\u00e2teau de Poudlard - PARTIE 2<\/figcaption><\/figure>\n<figure id=\"attachment_192313\" aria-describedby=\"caption-attachment-192313\" style=\"width: 1020px\" class=\"wp-caption alignnone\"><img loading=\"lazy\" decoding=\"async\" class=\"wp-image-192313 size-large\" src=\"https:\/\/pay.lpwstore.com\/wp-content\/uploads\/2019\/11\/Screenshot_5-1024x774.png\" alt=\"-\" width=\"1020\" height=\"771\" title=\"-\"><figcaption id=\"caption-attachment-192313\" class=\"wp-caption-text\">MOC 30884 Extension \u00e9pique du ch\u00e2teau de Poudlard - PARTIE 2<\/figcaption><\/figure>\n<figure id=\"attachment_189026\" aria-describedby=\"caption-attachment-189026\" style=\"width: 1020px\" class=\"wp-caption alignnone\"><img loading=\"lazy\" decoding=\"async\" class=\"size-large wp-image-189026\" src=\"https:\/\/pay.lpwstore.com\/wp-content\/uploads\/2019\/11\/MOC-FACTORY-S7315-Hogwart\u2019s-Castle-Epic-Extension-MOC-30884-2-1024x1024.jpg\" alt=\"-\" width=\"1020\" height=\"1020\" title=\"-\"><figcaption id=\"caption-attachment-189026\" class=\"wp-caption-text\">MOC FACTORY S7315 Extension \u00e9pique du ch\u00e2teau de Poudlard MOC-30884<\/figcaption><\/figure>\n<figure id=\"attachment_189027\" aria-describedby=\"caption-attachment-189027\" style=\"width: 1020px\" class=\"wp-caption alignnone\"><img loading=\"lazy\" decoding=\"async\" class=\"size-large wp-image-189027\" src=\"https:\/\/pay.lpwstore.com\/wp-content\/uploads\/2019\/11\/MOC-FACTORY-S7315-Hogwart\u2019s-Castle-Epic-Extension-MOC-30884-3-1024x1024.jpg\" alt=\"-\" width=\"1020\" height=\"1020\" title=\"-\"><figcaption id=\"caption-attachment-189027\" class=\"wp-caption-text\">MOC FACTORY S7315 Extension \u00e9pique du ch\u00e2teau de Poudlard MOC-30884<\/figcaption><\/figure>\n<figure id=\"attachment_189028\" aria-describedby=\"caption-attachment-189028\" style=\"width: 1020px\" class=\"wp-caption alignnone\"><img loading=\"lazy\" decoding=\"async\" class=\"size-large wp-image-189028\" src=\"https:\/\/pay.lpwstore.com\/wp-content\/uploads\/2019\/11\/MOC-FACTORY-S7315-Hogwart\u2019s-Castle-Epic-Extension-MOC-30884-4-1024x1024.jpg\" alt=\"-\" width=\"1020\" height=\"1020\" title=\"-\"><figcaption id=\"caption-attachment-189028\" class=\"wp-caption-text\">MOC FACTORY S7315 Extension \u00e9pique du ch\u00e2teau de Poudlard MOC-30884<\/figcaption><\/figure>\n<figure id=\"attachment_189029\" aria-describedby=\"caption-attachment-189029\" style=\"width: 510px\" class=\"wp-caption alignnone\"><img loading=\"lazy\" decoding=\"async\" class=\"size-full wp-image-189029\" src=\"https:\/\/pay.lpwstore.com\/wp-content\/uploads\/2019\/11\/MOC-FACTORY-S7315-Hogwart\u2019s-Castle-Epic-Extension-MOC-30884-11.png\" alt=\"-\" width=\"510\" height=\"510\" title=\"-\"><figcaption id=\"caption-attachment-189029\" class=\"wp-caption-text\">MOC FACTORY S7315 Extension \u00e9pique du ch\u00e2teau de Poudlard MOC-30884<\/figcaption><\/figure>\n<figure id=\"attachment_189030\" aria-describedby=\"caption-attachment-189030\" style=\"width: 790px\" class=\"wp-caption alignnone\"><img loading=\"lazy\" decoding=\"async\" class=\"size-full wp-image-189030\" src=\"https:\/\/pay.lpwstore.com\/wp-content\/uploads\/2019\/11\/MOC-FACTORY-S7315-Hogwart\u2019s-Castle-Epic-Extension-MOC-30884-14.png\" alt=\"-\" width=\"790\" height=\"882\" title=\"-\"><figcaption id=\"caption-attachment-189030\" class=\"wp-caption-text\">MOC FACTORY S7315 Extension \u00e9pique du ch\u00e2teau de Poudlard MOC-30884<\/figcaption><\/figure>\n<figure id=\"attachment_189032\" aria-describedby=\"caption-attachment-189032\" style=\"width: 790px\" class=\"wp-caption alignnone\"><img loading=\"lazy\" decoding=\"async\" class=\"size-full wp-image-189032\" src=\"https:\/\/pay.lpwstore.com\/wp-content\/uploads\/2019\/11\/MOC-FACTORY-S7315-Hogwart\u2019s-Castle-Epic-Extension-MOC-30884-16.png\" alt=\"-\" width=\"790\" height=\"557\" title=\"-\"><figcaption id=\"caption-attachment-189032\" class=\"wp-caption-text\">MOC FACTORY S7315 Extension \u00e9pique du ch\u00e2teau de Poudlard MOC-30884<\/figcaption><\/figure>\n<div id=\"gtx-trans\">\n<div class=\"gtx-trans-icon\"><\/div>\n<\/div>","protected":false},"excerpt":{"rendered":"<p style=\"text-align: left\"><strong style=\"color: #ed1c24;font-size: 14.4px\">EN STOCK! MAIS STOCKS LIMIT\u00c9S.\u00a0<\/strong><\/p>\n<p style=\"text-align: left\"><strong style=\"color: #ed1c24;font-size: 14.4px\">MOC 30884 + 71043\/16060 = Ch\u00e2teau de Poudlard COMPLET<\/strong><\/p>\n<p>\u2022 Avec plus de 19\u00a0306 pi\u00e8ces <strong>(Ne comprend pas l&#039;ensemble de briques du ch\u00e2teau de Poudlard 71043 16060)<\/strong><\/p>\n<p>\u2022 Meilleures briques ABS de haute qualit\u00e9 Cette fantastique extension \u00e9pique du ch\u00e2teau de Poudlard MOC 30884 fabriqu\u00e9e par MOC FACTORY<\/p>\n<p>\u2022<strong> Nous avons besoin <span style=\"color: #ed1c24\">10-20 jours<\/span> pour r\u00e9cup\u00e9rer et pr\u00e9parer votre commande<\/strong><\/p>\n<p>\u2022 <strong>Instruction via PDF<\/strong><\/p>\n<div class=\"jfk-bubble gtx-bubble\" role=\"alertdialog\" aria-describedby=\"bubble-7\">\n<div class=\"jfk-bubble-arrow-id jfk-bubble-arrow jfk-bubble-arrowup\">\n<div class=\"jfk-bubble-arrowimplbefore\"><\/div>\n<div class=\"jfk-bubble-arrowimplafter\"><\/div>\n<\/div>\n<\/div>","protected":false},"featured_media":19143,"comment_status":"open","ping_status":"closed","template":"","meta":{"_acf_changed":false},"product_cat":[15],"product_tag":[],"class_list":["product","first","instock","featured","shipping-taxable","purchasable","product-type-simple"],"acf":[],"_links":{"self":[{"href":"https:\/\/mouldking.store\/fr\/wp-json\/wp\/v2\/product\/19150","targetHints":{"allow":["GET"]}}],"collection":[{"href":"https:\/\/mouldking.store\/fr\/wp-json\/wp\/v2\/product"}],"about":[{"href":"https:\/\/mouldking.store\/fr\/wp-json\/wp\/v2\/types\/product"}],"replies":[{"embeddable":true,"href":"https:\/\/mouldking.store\/fr\/wp-json\/wp\/v2\/comments?post=19150"}],"wp:featuredmedia":[{"embeddable":true,"href":"https:\/\/mouldking.store\/fr\/wp-json\/wp\/v2\/media\/19143"}],"wp:attachment":[{"href":"https:\/\/mouldking.store\/fr\/wp-json\/wp\/v2\/media?parent=19150"}],"wp:term":[{"taxonomy":"product_cat","embeddable":true,"href":"https:\/\/mouldking.store\/fr\/wp-json\/wp\/v2\/product_cat?post=19150"},{"taxonomy":"product_tag","embeddable":true,"href":"https:\/\/mouldking.store\/fr\/wp-json\/wp\/v2\/product_tag?post=19150"}],"curies":[{"name":"wp","href":"https:\/\/api.w.org\/{rel}","templated":true}]}}