{"id":19470,"date":"2021-10-09T04:33:23","date_gmt":"2021-10-08T21:33:23","guid":{"rendered":"https:\/\/mouldking.store\/shop\/mocfactory-698998-pirates-of-barracuda-movie-bay-compatible-lego-21322\/"},"modified":"2025-12-25T09:27:25","modified_gmt":"2025-12-25T02:27:25","slug":"mocfactory-698998-pirates-of-barracuda-movie-bay-compatible-lego-21322","status":"publish","type":"product","link":"https:\/\/mouldking.store\/fr\/shop\/mocfactory-698998-pirates-of-barracuda-movie-bay-compatible-lego-21322\/","title":{"rendered":"MOCFACTORY 698998 Pirates de Barracuda Movie Bay Compatible LEGO 21322"},"content":{"rendered":"<figure id=\"attachment_187499\" aria-describedby=\"caption-attachment-187499\" style=\"width: 675px\" class=\"wp-caption aligncenter\"><img fetchpriority=\"high\" decoding=\"async\" class=\"size-full wp-image-187499\" title=\"MOCFACTORY 698998 Les Pirates de Barracuda Bay Compatible LEGO 21322\" src=\"https:\/\/pay.lpwstore.com\/wp-content\/uploads\/2020\/04\/mocfactory-698998-pirates-of-barracuda-bay-compatible-lego-21322-122440.jpg\" alt=\"MOCFACTORY 698998 Pirates of Barracuda Bay Compatible LEGO 21322\" width=\"675\" height=\"450\" \/><figcaption id=\"caption-attachment-187499\" class=\"wp-caption-text\">MOCFACTORY 698998 Les Pirates de Barracuda Bay Compatible LEGO 21322<\/figcaption><\/figure>\n<p>Il s&#039;agit d&#039;une \u0153uvre qui rend hommage aux d\u00e9buts de la s\u00e9rie \u00ab Pirate \u00bb, dont le th\u00e8me est l&#039;\u00e9pave du \u00ab Lego LEGO 6285 Black Sea Barracuda \u00bb en 1989.<\/p>\n<p>Gr\u00e2ce au d\u00e9mant\u00e8lement, un bateau pirate complet &quot;Black Sea Barracuda&quot; peut \u00eatre form\u00e9.<\/p>","protected":false},"excerpt":{"rendered":"<ul>\n<li><strong>Inclure 2545 pi\u00e8ces<\/strong><\/li>\n<li>Bloc de haute qualit\u00e9<\/li>\n<li>Manuel d&#039;instructions<\/li>\n<\/ul>","protected":false},"featured_media":19463,"comment_status":"open","ping_status":"closed","template":"","meta":{"_acf_changed":false},"product_cat":[581],"product_tag":[],"class_list":["product","first","instock","shipping-taxable","purchasable","product-type-simple"],"acf":[],"_links":{"self":[{"href":"https:\/\/mouldking.store\/fr\/wp-json\/wp\/v2\/product\/19470","targetHints":{"allow":["GET"]}}],"collection":[{"href":"https:\/\/mouldking.store\/fr\/wp-json\/wp\/v2\/product"}],"about":[{"href":"https:\/\/mouldking.store\/fr\/wp-json\/wp\/v2\/types\/product"}],"replies":[{"embeddable":true,"href":"https:\/\/mouldking.store\/fr\/wp-json\/wp\/v2\/comments?post=19470"}],"wp:featuredmedia":[{"embeddable":true,"href":"https:\/\/mouldking.store\/fr\/wp-json\/wp\/v2\/media\/19463"}],"wp:attachment":[{"href":"https:\/\/mouldking.store\/fr\/wp-json\/wp\/v2\/media?parent=19470"}],"wp:term":[{"taxonomy":"product_cat","embeddable":true,"href":"https:\/\/mouldking.store\/fr\/wp-json\/wp\/v2\/product_cat?post=19470"},{"taxonomy":"product_tag","embeddable":true,"href":"https:\/\/mouldking.store\/fr\/wp-json\/wp\/v2\/product_tag?post=19470"}],"curies":[{"name":"wp","href":"https:\/\/api.w.org\/{rel}","templated":true}]}}