{"id":20248,"date":"2021-10-09T04:44:59","date_gmt":"2021-10-08T21:44:59","guid":{"rendered":"https:\/\/mouldking.store\/shop\/moc-5920-roadster-tc9-super-car-by-muffinbrick-moc-factory\/"},"modified":"2025-12-25T09:26:48","modified_gmt":"2025-12-25T02:26:48","slug":"moc-5920-roadster-tc9-super-car-by-muffinbrick-moc-factory","status":"publish","type":"product","link":"https:\/\/mouldking.store\/fr\/shop\/moc-5920-roadster-tc9-super-car-by-muffinbrick-moc-factory\/","title":{"rendered":"MOC 5920 Roadster (TC9) Super Car par muffinbrick MOC FACTORY"},"content":{"rendered":"<p>Maquette du roadster pour le concours Eurobricks Technic (TC9).<\/p>\n<p>Points forts du mod\u00e8le\u00a0:<br \/>\n\u2013 direction utile au moyen de HOG + volant<br \/>\n\u2013 diff\u00e9rentiel arri\u00e8re utile connect\u00e9 au moteur V4 180\u00b0<br \/>\n\u2013 toit pliable<br \/>\n\u2013 entr\u00e9es et chapeaux ouvrants<br \/>\n\u2013 \u00e9conomiser la roue sous le chapeau avant<\/p>\n<p>Le mod\u00e8le dans les directives a quelques petites diff\u00e9rences contrastant avec ma derni\u00e8re forme, mais l&#039;apparence et les capacit\u00e9s sont indiscernables. De plus, dans la liste des pi\u00e8ces, j&#039;ai chang\u00e9 quelques sections dans des teintes inhabituelles en teintes progressivement normales.<\/p>\n<p><img fetchpriority=\"high\" decoding=\"async\" class=\"alignnone size-full wp-image-192305\" src=\"https:\/\/pay.lpwstore.com\/wp-content\/uploads\/2020\/06\/New-Project-7-1.png\" alt=\"MOC 5920\" width=\"800\" height=\"800\" title=\"-\"> <img decoding=\"async\" class=\"alignnone size-full wp-image-192304\" src=\"https:\/\/pay.lpwstore.com\/wp-content\/uploads\/2020\/06\/New-Project-8-1.png\" alt=\"-\" width=\"800\" height=\"800\" title=\"-\"> <img decoding=\"async\" class=\"alignnone size-full wp-image-192303\" src=\"https:\/\/pay.lpwstore.com\/wp-content\/uploads\/2020\/06\/New-Project-9-1.png\" alt=\"-\" width=\"800\" height=\"800\" title=\"-\"> <img loading=\"lazy\" decoding=\"async\" class=\"alignnone size-full wp-image-192302\" src=\"https:\/\/pay.lpwstore.com\/wp-content\/uploads\/2020\/06\/New-Project-10-1.png\" alt=\"MOC 5920\" width=\"800\" height=\"800\" title=\"-\"><\/p>","protected":false},"excerpt":{"rendered":"<ul>\n<li>Inclure <strong>955+<\/strong> pi\u00e8ces<\/li>\n<li>Instruction PDF en ligne<\/li>\n<li>Bloc ABS de haute qualit\u00e9<\/li>\n<\/ul>","protected":false},"featured_media":20244,"comment_status":"open","ping_status":"closed","template":"","meta":{"_acf_changed":false},"product_cat":[364],"product_tag":[],"class_list":["product","first","instock","shipping-taxable","purchasable","product-type-simple"],"acf":[],"_links":{"self":[{"href":"https:\/\/mouldking.store\/fr\/wp-json\/wp\/v2\/product\/20248","targetHints":{"allow":["GET"]}}],"collection":[{"href":"https:\/\/mouldking.store\/fr\/wp-json\/wp\/v2\/product"}],"about":[{"href":"https:\/\/mouldking.store\/fr\/wp-json\/wp\/v2\/types\/product"}],"replies":[{"embeddable":true,"href":"https:\/\/mouldking.store\/fr\/wp-json\/wp\/v2\/comments?post=20248"}],"wp:featuredmedia":[{"embeddable":true,"href":"https:\/\/mouldking.store\/fr\/wp-json\/wp\/v2\/media\/20244"}],"wp:attachment":[{"href":"https:\/\/mouldking.store\/fr\/wp-json\/wp\/v2\/media?parent=20248"}],"wp:term":[{"taxonomy":"product_cat","embeddable":true,"href":"https:\/\/mouldking.store\/fr\/wp-json\/wp\/v2\/product_cat?post=20248"},{"taxonomy":"product_tag","embeddable":true,"href":"https:\/\/mouldking.store\/fr\/wp-json\/wp\/v2\/product_tag?post=20248"}],"curies":[{"name":"wp","href":"https:\/\/api.w.org\/{rel}","templated":true}]}}