{"id":20281,"date":"2021-10-09T04:45:18","date_gmt":"2021-10-09T04:45:18","guid":{"rendered":"https:\/\/mouldking.store\/shop\/moc-0271-mars-science-laboratory-curiosity-rover-robot-by-perijove-moc-factory\/"},"modified":"2025-12-25T09:26:47","modified_gmt":"2025-12-25T02:26:47","slug":"moc-0271-mars-science-laboratory-curiosity-rover-robot-by-perijove-moc-factory","status":"publish","type":"product","link":"https:\/\/mouldking.store\/fr\/shop\/moc-0271-mars-science-laboratory-curiosity-rover-robot-by-perijove-moc-factory\/","title":{"rendered":"MOC-0271 Mars Science Laboratory Curiosity Rover Robot par Perijove MOC FACTORY"},"content":{"rendered":"<p>Il s&#039;agit d&#039;un mod\u00e8le du rover Mars Science Laboratory, nomm\u00e9 Curiosity. C&#039;est d\u00e9sormais sur Mars avec une exploration strat\u00e9gique de la viabilit\u00e9 pass\u00e9e et actuelle de la plan\u00e8te rouge. Le 5 ao\u00fbt 2012, il a touch\u00e9 le crat\u00e8re Gale, pr\u00e8s de l&#039;\u00e9quateur. Ce mod\u00e8le a un bras compl\u00e8tement \u00e9nonc\u00e9, un poteau d\u00e9ployable et un cadre de suspension \u00e0 bascule qui permet au m\u00e9andre de se d\u00e9placer sur d&#039;\u00e9normes secousses et de garder chacune de ses six roues au sol.<\/p>\n<p><img fetchpriority=\"high\" decoding=\"async\" class=\"alignnone size-full wp-image-192471\" src=\"https:\/\/pay.lpwstore.com\/wp-content\/uploads\/2020\/06\/New-Project-33.png\" alt=\"MOC0271\" width=\"800\" height=\"800\" title=\"-\"> <img decoding=\"async\" class=\"alignnone size-full wp-image-192470\" src=\"https:\/\/pay.lpwstore.com\/wp-content\/uploads\/2020\/06\/New-Project-34.png\" alt=\"MOC0271\" width=\"800\" height=\"800\" title=\"-\"> <img decoding=\"async\" class=\"alignnone size-full wp-image-192469\" src=\"https:\/\/pay.lpwstore.com\/wp-content\/uploads\/2020\/06\/New-Project-35.png\" alt=\"MOC0271\" width=\"800\" height=\"800\" title=\"-\"><\/p>","protected":false},"excerpt":{"rendered":"<ul>\n<li>Inclure <strong>314+<\/strong> pi\u00e8ces<\/li>\n<li>Instruction PDF en ligne<\/li>\n<li>Bloc ABS de haute qualit\u00e9<\/li>\n<\/ul>","protected":false},"featured_media":20278,"comment_status":"open","ping_status":"closed","template":"","meta":{"_acf_changed":false},"product_cat":[15],"product_tag":[],"class_list":["product","first","instock","shipping-taxable","purchasable","product-type-simple"],"acf":[],"_links":{"self":[{"href":"https:\/\/mouldking.store\/fr\/wp-json\/wp\/v2\/product\/20281","targetHints":{"allow":["GET"]}}],"collection":[{"href":"https:\/\/mouldking.store\/fr\/wp-json\/wp\/v2\/product"}],"about":[{"href":"https:\/\/mouldking.store\/fr\/wp-json\/wp\/v2\/types\/product"}],"replies":[{"embeddable":true,"href":"https:\/\/mouldking.store\/fr\/wp-json\/wp\/v2\/comments?post=20281"}],"wp:featuredmedia":[{"embeddable":true,"href":"https:\/\/mouldking.store\/fr\/wp-json\/wp\/v2\/media\/20278"}],"wp:attachment":[{"href":"https:\/\/mouldking.store\/fr\/wp-json\/wp\/v2\/media?parent=20281"}],"wp:term":[{"taxonomy":"product_cat","embeddable":true,"href":"https:\/\/mouldking.store\/fr\/wp-json\/wp\/v2\/product_cat?post=20281"},{"taxonomy":"product_tag","embeddable":true,"href":"https:\/\/mouldking.store\/fr\/wp-json\/wp\/v2\/product_tag?post=20281"}],"curies":[{"name":"wp","href":"https:\/\/api.w.org\/{rel}","templated":true}]}}