{"id":20302,"date":"2021-10-09T04:45:50","date_gmt":"2021-10-09T04:45:50","guid":{"rendered":"https:\/\/mouldking.store\/shop\/moc-10690-classic-jaguar-roadster-super-car-by-martijnnab-moc-factory\/"},"modified":"2025-12-25T09:26:46","modified_gmt":"2025-12-25T02:26:46","slug":"moc-10690-classic-jaguar-roadster-super-car-by-martijnnab-moc-factory","status":"publish","type":"product","link":"https:\/\/mouldking.store\/fr\/shop\/moc-10690-classic-jaguar-roadster-super-car-by-martijnnab-moc-factory\/","title":{"rendered":"MOC-10690 Classic Jaguar Roadster Super Car par martijnnab MOC FACTORY"},"content":{"rendered":"<p>Un mod\u00e8le de m\u00e9thode lego d\u00e9pendant d&#039;un Jaguar XK120 Roadster. En raison de cette particularit\u00e9, il peut tr\u00e8s bien \u00eatre associ\u00e9 \u00e0 trois teintes de carrosserie diff\u00e9rentes avec de nombreuses vari\u00e9t\u00e9s int\u00e9rieures.<\/p>\n<p>Le cadre arrive dans un manuel tout comme un formulaire RC.<br \/>\nLa liste des pi\u00e8ces est pour la variante manuelle en blanc, mais en changeant simplement chaque pi\u00e8ce blanche en noir ou en rouge, cela peut tr\u00e8s bien fonctionner dans ces teintes \u00e9galement.<\/p>\n<p>Une autre forme sombre est \u00e9galement accessible en fonction du contour RC\u00a0: MOC-10803<br \/>\nLes instructions ont \u00e9t\u00e9 actualis\u00e9es \u00e0 la v2.0 et int\u00e8grent les directives et les dispositions des pi\u00e8ces des variantes RC et manuelles.<\/p>\n<p><img fetchpriority=\"high\" decoding=\"async\" class=\"alignnone size-full wp-image-192731\" src=\"https:\/\/pay.lpwstore.com\/wp-content\/uploads\/2020\/06\/New-Project-55.png\" alt=\"MOC-10690\" width=\"800\" height=\"800\" title=\"-\"> <img decoding=\"async\" class=\"alignnone size-full wp-image-192732\" src=\"https:\/\/pay.lpwstore.com\/wp-content\/uploads\/2020\/06\/New-Project-57.png\" alt=\"MOC-10690\" width=\"800\" height=\"800\" title=\"-\"> <img decoding=\"async\" class=\"alignnone size-full wp-image-192730\" src=\"https:\/\/pay.lpwstore.com\/wp-content\/uploads\/2020\/06\/New-Project-56.png\" alt=\"MOC-10690\" width=\"800\" height=\"800\" title=\"-\"><\/p>","protected":false},"excerpt":{"rendered":"<ul>\n<li>Inclure <strong>1270<\/strong><strong>+<\/strong> pi\u00e8ces<\/li>\n<li>Instruction PDF en ligne<\/li>\n<li>Bloc ABS de haute qualit\u00e9<\/li>\n<\/ul>","protected":false},"featured_media":20299,"comment_status":"open","ping_status":"closed","template":"","meta":{"_acf_changed":false},"product_cat":[364],"product_tag":[],"class_list":["product","first","instock","shipping-taxable","purchasable","product-type-simple"],"acf":[],"_links":{"self":[{"href":"https:\/\/mouldking.store\/fr\/wp-json\/wp\/v2\/product\/20302","targetHints":{"allow":["GET"]}}],"collection":[{"href":"https:\/\/mouldking.store\/fr\/wp-json\/wp\/v2\/product"}],"about":[{"href":"https:\/\/mouldking.store\/fr\/wp-json\/wp\/v2\/types\/product"}],"replies":[{"embeddable":true,"href":"https:\/\/mouldking.store\/fr\/wp-json\/wp\/v2\/comments?post=20302"}],"wp:featuredmedia":[{"embeddable":true,"href":"https:\/\/mouldking.store\/fr\/wp-json\/wp\/v2\/media\/20299"}],"wp:attachment":[{"href":"https:\/\/mouldking.store\/fr\/wp-json\/wp\/v2\/media?parent=20302"}],"wp:term":[{"taxonomy":"product_cat","embeddable":true,"href":"https:\/\/mouldking.store\/fr\/wp-json\/wp\/v2\/product_cat?post=20302"},{"taxonomy":"product_tag","embeddable":true,"href":"https:\/\/mouldking.store\/fr\/wp-json\/wp\/v2\/product_tag?post=20302"}],"curies":[{"name":"wp","href":"https:\/\/api.w.org\/{rel}","templated":true}]}}