{"id":20313,"date":"2021-10-09T04:45:54","date_gmt":"2021-10-09T04:45:54","guid":{"rendered":"https:\/\/mouldking.store\/shop\/moc-25926-jurassic-park-staff-jeep-in-jurassic-world-by-miro-moc-factory\/"},"modified":"2025-12-25T09:26:46","modified_gmt":"2025-12-25T02:26:46","slug":"moc-25926-jurassic-park-staff-jeep-in-jurassic-world-by-miro-moc-factory","status":"publish","type":"product","link":"https:\/\/mouldking.store\/fr\/shop\/moc-25926-jurassic-park-staff-jeep-in-jurassic-world-by-miro-moc-factory\/","title":{"rendered":"MOC-25926 Jurassic Park Staff Jeep dans Jurassic World par Miro MOC FACTORY"},"content":{"rendered":"<p>C\u00e9l\u00e8bre Jeep Wrangler du personnel de Jurassic Park, \u00e0 l&#039;\u00e9chelle des figurines Lego. Int\u00e8gre des entr\u00e9es utilitaires, des si\u00e8ges pour figurines et d\u00e9taill\u00e9s pour filmer l&#039;exactitude.<\/p>\n<p>Nouvelle liste de pi\u00e8ces actualis\u00e9e \u00e0 compter du 6 juillet 2019.<\/p>\n<p>Probl\u00e8mes r\u00e9solus\u00a0: pare-chocs avant relev\u00e9s d&#039;une plaque, am\u00e9lioration de la plaque de train de roulement, position du pare-chocs arri\u00e8re r\u00e9organis\u00e9e, directions corrig\u00e9es.<\/p>\n<p><img fetchpriority=\"high\" decoding=\"async\" class=\"alignnone size-full wp-image-192743\" src=\"https:\/\/pay.lpwstore.com\/wp-content\/uploads\/2020\/06\/New-Project-65.png\" alt=\"MOC-25926\" width=\"800\" height=\"800\" title=\"-\"><\/p>","protected":false},"excerpt":{"rendered":"<ul>\n<li>Inclure <strong>211<\/strong><strong>+<\/strong> pi\u00e8ces<\/li>\n<li>Instruction PDF en ligne<\/li>\n<li>Bloc ABS de haute qualit\u00e9<\/li>\n<\/ul>","protected":false},"featured_media":20312,"comment_status":"open","ping_status":"closed","template":"","meta":{"_acf_changed":false},"product_cat":[15],"product_tag":[],"class_list":["product","first","instock","shipping-taxable","purchasable","product-type-simple"],"acf":[],"_links":{"self":[{"href":"https:\/\/mouldking.store\/fr\/wp-json\/wp\/v2\/product\/20313","targetHints":{"allow":["GET"]}}],"collection":[{"href":"https:\/\/mouldking.store\/fr\/wp-json\/wp\/v2\/product"}],"about":[{"href":"https:\/\/mouldking.store\/fr\/wp-json\/wp\/v2\/types\/product"}],"replies":[{"embeddable":true,"href":"https:\/\/mouldking.store\/fr\/wp-json\/wp\/v2\/comments?post=20313"}],"wp:featuredmedia":[{"embeddable":true,"href":"https:\/\/mouldking.store\/fr\/wp-json\/wp\/v2\/media\/20312"}],"wp:attachment":[{"href":"https:\/\/mouldking.store\/fr\/wp-json\/wp\/v2\/media?parent=20313"}],"wp:term":[{"taxonomy":"product_cat","embeddable":true,"href":"https:\/\/mouldking.store\/fr\/wp-json\/wp\/v2\/product_cat?post=20313"},{"taxonomy":"product_tag","embeddable":true,"href":"https:\/\/mouldking.store\/fr\/wp-json\/wp\/v2\/product_tag?post=20313"}],"curies":[{"name":"wp","href":"https:\/\/api.w.org\/{rel}","templated":true}]}}