{"id":20315,"date":"2021-10-09T04:45:55","date_gmt":"2021-10-08T21:45:55","guid":{"rendered":"https:\/\/mouldking.store\/shop\/moc-18144-exs-wing-starfighter-minifig-scale-in-star-wars-by-brickvault-moc-factory\/"},"modified":"2025-12-25T09:26:46","modified_gmt":"2025-12-25T02:26:46","slug":"moc-18144-exs-wing-starfighter-minifig-scale-in-star-wars-by-brickvault-moc-factory","status":"publish","type":"product","link":"https:\/\/mouldking.store\/fr\/shop\/moc-18144-exs-wing-starfighter-minifig-scale-in-star-wars-by-brickvault-moc-factory\/","title":{"rendered":"MOC-18144 EXS-wing Starfighter - Minifig Scale in Star Wars par brickvault MOC FACTORY"},"content":{"rendered":"<p>Le X-wing Starfighter est apparu pour la premi\u00e8re fois sur les \u00e9crans de Star Wars : Episode IV - Un nouvel espoir en 1977. Tr\u00e8s rapidement, le X-wing \u00e9tait tr\u00e8s connu des fans et le concurrent est actuellement l&#039;un des vaisseaux spatiaux les plus ind\u00e9niables de tous les temps. C&#039;est un peu lisse, un peu dur et atteint un point central entre la science-fiction et une mouche guerri\u00e8re avanc\u00e9e. Les feuilles en S se superposent lorsqu&#039;elles sont en position d&#039;assaut, ce qui donne \u00e0 ce symbole la forme d&#039;un &quot;X&quot; et le reste appartient \u00e0 l&#039;histoire.<\/p>\n<p>Temps organiser; 4-8 semaines<\/p>\n<p>&nbsp;<\/p>\n<figure id=\"attachment_202518\" class=\"wp-caption aligncenter\" style=\"width: 800px\" aria-describedby=\"caption-attachment-202518\"><figcaption id=\"caption-attachment-202518\" class=\"wp-caption-text\">\n<figure style=\"width: 681px\" class=\"wp-caption aligncenter\"><img fetchpriority=\"high\" decoding=\"async\" class=\"\" src=\"https:\/\/mocfactory.com\/wp-content\/uploads\/2020\/12\/New-Project-68-1-300x300.png\" alt=\"MOC-18144 Star Wars EXS-wing Starfighter - Minifig Scale Designer brickvault MOC FACTORY\" width=\"681\" height=\"681\" title=\"-\"><figcaption class=\"wp-caption-text\">MOC-18144 Star Wars EXS-wing Starfighter \u2013 Minifig Scale Designer brickvault MOC FACTORY<\/figcaption><\/figure>\n<\/figcaption><\/figure>","protected":false},"excerpt":{"rendered":"<ul>\n<li>Inclure <strong>1160<\/strong><strong>+<\/strong> pi\u00e8ces<\/li>\n<li>Instruction PDF en ligne<\/li>\n<li>Bloc ABS de haute qualit\u00e9<\/li>\n<\/ul>","protected":false},"featured_media":20314,"comment_status":"open","ping_status":"closed","template":"","meta":{"_acf_changed":false},"product_cat":[415],"product_tag":[],"class_list":["product","first","instock","shipping-taxable","purchasable","product-type-simple"],"acf":[],"_links":{"self":[{"href":"https:\/\/mouldking.store\/fr\/wp-json\/wp\/v2\/product\/20315","targetHints":{"allow":["GET"]}}],"collection":[{"href":"https:\/\/mouldking.store\/fr\/wp-json\/wp\/v2\/product"}],"about":[{"href":"https:\/\/mouldking.store\/fr\/wp-json\/wp\/v2\/types\/product"}],"replies":[{"embeddable":true,"href":"https:\/\/mouldking.store\/fr\/wp-json\/wp\/v2\/comments?post=20315"}],"wp:featuredmedia":[{"embeddable":true,"href":"https:\/\/mouldking.store\/fr\/wp-json\/wp\/v2\/media\/20314"}],"wp:attachment":[{"href":"https:\/\/mouldking.store\/fr\/wp-json\/wp\/v2\/media?parent=20315"}],"wp:term":[{"taxonomy":"product_cat","embeddable":true,"href":"https:\/\/mouldking.store\/fr\/wp-json\/wp\/v2\/product_cat?post=20315"},{"taxonomy":"product_tag","embeddable":true,"href":"https:\/\/mouldking.store\/fr\/wp-json\/wp\/v2\/product_tag?post=20315"}],"curies":[{"name":"wp","href":"https:\/\/api.w.org\/{rel}","templated":true}]}}