{"id":20335,"date":"2021-10-09T04:46:08","date_gmt":"2021-10-09T04:46:08","guid":{"rendered":"https:\/\/mouldking.store\/shop\/moc-19683-elf-workshop-creator-by-jkbrickworks-moc-factory\/"},"modified":"2025-12-25T09:25:27","modified_gmt":"2025-12-25T02:25:27","slug":"moc-19683-elf-workshop-creator-by-jkbrickworks-moc-factory","status":"publish","type":"product","link":"https:\/\/mouldking.store\/fr\/shop\/moc-19683-elf-workshop-creator-by-jkbrickworks-moc-factory\/","title":{"rendered":"MOC-19683 Elf Workshop Creator par JKBrickworks MOC FACTORY"},"content":{"rendered":"<p>Un petit mod\u00e8le de personnages mythiques dans leur atelier fabriquant un petit train.<\/p>\n<p>Il y a un petit interrupteur sur le mod\u00e8le qui peut \u00eatre utilis\u00e9 pour faire aller et venir les personnages mythiques, pour donner l&#039;impression qu&#039;ils passent le train dans le syst\u00e8me de production m\u00e9canique.<\/p>\n<p><img fetchpriority=\"high\" decoding=\"async\" class=\"alignnone size-full wp-image-192801\" src=\"https:\/\/pay.lpwstore.com\/wp-content\/uploads\/2020\/07\/New-Project-82.png\" alt=\"MOC-19683\" width=\"800\" height=\"800\" title=\"-\"> <img decoding=\"async\" class=\"alignnone size-full wp-image-192803\" src=\"https:\/\/pay.lpwstore.com\/wp-content\/uploads\/2020\/07\/New-Project-81-1.png\" alt=\"MOC-19683\" width=\"800\" height=\"800\" title=\"-\"><\/p>","protected":false},"excerpt":{"rendered":"<ul>\n<li>Inclure <strong>361<\/strong><strong>+<\/strong> pi\u00e8ces<\/li>\n<li>Instruction PDF en ligne<\/li>\n<li>Bloc ABS de haute qualit\u00e9<\/li>\n<\/ul>","protected":false},"featured_media":20333,"comment_status":"open","ping_status":"closed","template":"","meta":{"_acf_changed":false},"product_cat":[371],"product_tag":[],"class_list":["product","first","instock","shipping-taxable","purchasable","product-type-simple"],"acf":[],"_links":{"self":[{"href":"https:\/\/mouldking.store\/fr\/wp-json\/wp\/v2\/product\/20335","targetHints":{"allow":["GET"]}}],"collection":[{"href":"https:\/\/mouldking.store\/fr\/wp-json\/wp\/v2\/product"}],"about":[{"href":"https:\/\/mouldking.store\/fr\/wp-json\/wp\/v2\/types\/product"}],"replies":[{"embeddable":true,"href":"https:\/\/mouldking.store\/fr\/wp-json\/wp\/v2\/comments?post=20335"}],"wp:featuredmedia":[{"embeddable":true,"href":"https:\/\/mouldking.store\/fr\/wp-json\/wp\/v2\/media\/20333"}],"wp:attachment":[{"href":"https:\/\/mouldking.store\/fr\/wp-json\/wp\/v2\/media?parent=20335"}],"wp:term":[{"taxonomy":"product_cat","embeddable":true,"href":"https:\/\/mouldking.store\/fr\/wp-json\/wp\/v2\/product_cat?post=20335"},{"taxonomy":"product_tag","embeddable":true,"href":"https:\/\/mouldking.store\/fr\/wp-json\/wp\/v2\/product_tag?post=20335"}],"curies":[{"name":"wp","href":"https:\/\/api.w.org\/{rel}","templated":true}]}}