{"id":20353,"date":"2021-10-09T04:46:16","date_gmt":"2021-10-08T21:46:16","guid":{"rendered":"https:\/\/mouldking.store\/shop\/moc-19885-porsche-fun-truck-super-car-by-nobsta-moc-factory\/"},"modified":"2025-12-25T09:25:26","modified_gmt":"2025-12-25T02:25:26","slug":"moc-19885-porsche-fun-truck-super-car-by-nobsta-moc-factory","status":"publish","type":"product","link":"https:\/\/mouldking.store\/fr\/shop\/moc-19885-porsche-fun-truck-super-car-by-nobsta-moc-factory\/","title":{"rendered":"MOC-19885 Porsche Fun Truck Super Car par nobsta MOC FACTORY"},"content":{"rendered":"<p>Encore un travail d&#039;\u00e9change pour la Porsche GT3-RS 42056. C&#039;est un m\u00e9lange entre dragster, pick-up et camion oldschool. D&#039;autres images peuvent \u00eatre trouv\u00e9es vers le d\u00e9but des directions. Le mod\u00e8le a les points forts qui l&#039;accompagnent\u00a0:<\/p>\n<p>\u2013 guidage avec roue<br \/>\n\u2013 suspension avant et arri\u00e8re<br \/>\n\u2013 4 appareils (juste en avant)<br \/>\n\u2013 M\u00e9thode de d\u00e9placement H<br \/>\n\u2013 diff\u00e9rentiel dans le moyeu arri\u00e8re<br \/>\n\u2013 Moteur de contrefa\u00e7on de chasseur \u00e0 6 chambres (vraiment un V6 \u00e0 180 degr\u00e9s)<br \/>\n\u2013 les entr\u00e9es peuvent \u00eatre ouvertes et ferm\u00e9es<br \/>\n\u2013 le capot peut \u00eatre ouvert et maintenu avec un pivot tout aussi ferm\u00e9<br \/>\n\u2013 la sc\u00e8ne peut \u00eatre inclin\u00e9e avec une cl\u00e9 en utilisant de nombreux appareils avec contre-d\u00e9pouille<br \/>\n\u2013 le hayon peut \u00eatre ouvert et ferm\u00e9<\/p>\n<p><img fetchpriority=\"high\" decoding=\"async\" class=\"alignnone size-full wp-image-192869\" src=\"https:\/\/pay.lpwstore.com\/wp-content\/uploads\/2020\/07\/New-Project-2020-07-02T173008.840.png\" alt=\"MOC19885\" width=\"800\" height=\"800\" title=\"-\"><\/p>","protected":false},"excerpt":{"rendered":"<ul>\n<li>Inclure <strong>1393<\/strong><strong>+<\/strong> pi\u00e8ces<\/li>\n<li>Instruction PDF en ligne<\/li>\n<li>Bloc ABS de haute qualit\u00e9<\/li>\n<\/ul>","protected":false},"featured_media":20352,"comment_status":"open","ping_status":"closed","template":"","meta":{"_acf_changed":false},"product_cat":[364],"product_tag":[],"class_list":["product","first","instock","shipping-taxable","purchasable","product-type-simple"],"acf":[],"_links":{"self":[{"href":"https:\/\/mouldking.store\/fr\/wp-json\/wp\/v2\/product\/20353","targetHints":{"allow":["GET"]}}],"collection":[{"href":"https:\/\/mouldking.store\/fr\/wp-json\/wp\/v2\/product"}],"about":[{"href":"https:\/\/mouldking.store\/fr\/wp-json\/wp\/v2\/types\/product"}],"replies":[{"embeddable":true,"href":"https:\/\/mouldking.store\/fr\/wp-json\/wp\/v2\/comments?post=20353"}],"wp:featuredmedia":[{"embeddable":true,"href":"https:\/\/mouldking.store\/fr\/wp-json\/wp\/v2\/media\/20352"}],"wp:attachment":[{"href":"https:\/\/mouldking.store\/fr\/wp-json\/wp\/v2\/media?parent=20353"}],"wp:term":[{"taxonomy":"product_cat","embeddable":true,"href":"https:\/\/mouldking.store\/fr\/wp-json\/wp\/v2\/product_cat?post=20353"},{"taxonomy":"product_tag","embeddable":true,"href":"https:\/\/mouldking.store\/fr\/wp-json\/wp\/v2\/product_tag?post=20353"}],"curies":[{"name":"wp","href":"https:\/\/api.w.org\/{rel}","templated":true}]}}