{"id":20424,"date":"2021-10-09T04:48:26","date_gmt":"2021-10-08T21:48:26","guid":{"rendered":"https:\/\/mouldking.store\/shop\/moc-4162-8053-forwarder-technic-by-tomik-moc-factory\/"},"modified":"2025-12-25T09:25:21","modified_gmt":"2025-12-25T02:25:21","slug":"moc-4162-8053-forwarder-technic-by-tomik-moc-factory","status":"publish","type":"product","link":"https:\/\/mouldking.store\/fr\/shop\/moc-4162-8053-forwarder-technic-by-tomik-moc-factory\/","title":{"rendered":"MOC-4162 8053 : Technique de transitaire par Tomik MOC FACTORY"},"content":{"rendered":"<p>Ce transitaire pour l&#039;exp\u00e9dition de grumes est anim\u00e9 par Noe NF410 et c&#039;est mon premier mod\u00e8le \u00e9labor\u00e9 \u00e0 partir de plus de 1000 sections. Le transporteur met en \u00e9vidence la direction \u00e9nonc\u00e9e contrainte par l&#039;engrenage sur le dessus du taxi, le levage du bord avant contraint par le connecteur de moyeu sur le capot, le souffle de levage contraint par deux appareils sur le c\u00f4t\u00e9 sous la grue, le souffle tournant contraint par le connecteur de moyeu sur le c\u00f4t\u00e9 sous la grue, le crochet d&#039;ouverture contraint par le connecteur de moyeu c\u00f4t\u00e9 prise et si\u00e8ge tournant en taxi. Le mod\u00e8le est am\u00e9lior\u00e9 avec un journal.<\/p>\n<p><img fetchpriority=\"high\" decoding=\"async\" class=\"alignnone size-full wp-image-193626\" src=\"https:\/\/pay.lpwstore.com\/wp-content\/uploads\/2020\/07\/New-Project-8.png\" alt=\"MOC-4162\" width=\"800\" height=\"800\" title=\"-\"><\/p>","protected":false},"excerpt":{"rendered":"<ul>\n<li>Inclure\u00a0<strong>1037+<\/strong>\u00a0pi\u00e8ces<\/li>\n<li>Livre d&#039;instructions PDF<\/li>\n<li>Bloc ABS de haute qualit\u00e9<\/li>\n<\/ul>","protected":false},"featured_media":20423,"comment_status":"open","ping_status":"closed","template":"","meta":{"_acf_changed":false},"product_cat":[364],"product_tag":[],"class_list":["product","first","instock","shipping-taxable","purchasable","product-type-simple"],"acf":[],"_links":{"self":[{"href":"https:\/\/mouldking.store\/fr\/wp-json\/wp\/v2\/product\/20424","targetHints":{"allow":["GET"]}}],"collection":[{"href":"https:\/\/mouldking.store\/fr\/wp-json\/wp\/v2\/product"}],"about":[{"href":"https:\/\/mouldking.store\/fr\/wp-json\/wp\/v2\/types\/product"}],"replies":[{"embeddable":true,"href":"https:\/\/mouldking.store\/fr\/wp-json\/wp\/v2\/comments?post=20424"}],"wp:featuredmedia":[{"embeddable":true,"href":"https:\/\/mouldking.store\/fr\/wp-json\/wp\/v2\/media\/20423"}],"wp:attachment":[{"href":"https:\/\/mouldking.store\/fr\/wp-json\/wp\/v2\/media?parent=20424"}],"wp:term":[{"taxonomy":"product_cat","embeddable":true,"href":"https:\/\/mouldking.store\/fr\/wp-json\/wp\/v2\/product_cat?post=20424"},{"taxonomy":"product_tag","embeddable":true,"href":"https:\/\/mouldking.store\/fr\/wp-json\/wp\/v2\/product_tag?post=20424"}],"curies":[{"name":"wp","href":"https:\/\/api.w.org\/{rel}","templated":true}]}}