{"id":20440,"date":"2021-10-09T04:49:11","date_gmt":"2021-10-08T21:49:11","guid":{"rendered":"https:\/\/mouldking.store\/shop\/moc-37840-ucs-razor-crest-by-papaglop-moc-factory\/"},"modified":"2025-12-25T09:25:21","modified_gmt":"2025-12-25T02:25:21","slug":"moc-37840-ucs-razor-crest-by-papaglop-moc-factory","status":"publish","type":"product","link":"https:\/\/mouldking.store\/fr\/shop\/moc-37840-ucs-razor-crest-by-papaglop-moc-factory\/","title":{"rendered":"MOC 37840 UCS Razor Crest par Papaglop MOC FACTORY"},"content":{"rendered":"<p><strong>INFORMATION PRODUIT<\/strong><\/p>\n<p>MOC 37840 UCS Razor Crest by Papaglop MOC FACTORY is based\u00a0 on a famous Star ship in the series film Star Wars, MOC 37840 designed by dropey1479 in rebrickable, with some small modified and NO INCLUDE MINIFIGURES.\u00a0 It&#8217;s an awesome Brick set MOC 37840 UCS Razor Crest by Papaglop MOC FACTORY<\/p>\n<figure id=\"attachment_193719\" class=\"wp-caption alignnone\" style=\"width: 640px\" aria-describedby=\"caption-attachment-193719\"><figcaption id=\"caption-attachment-193719\" class=\"wp-caption-text\">\n<figure id=\"attachment_26274\" aria-describedby=\"caption-attachment-26274\" style=\"width: 800px\" class=\"wp-caption aligncenter\"><img fetchpriority=\"high\" decoding=\"async\" class=\"wp-image-26274 size-full\" src=\"https:\/\/mocfactory.com\/wp-content\/uploads\/2020\/12\/MOC-37840-Star-Wars-UCS-Razor-Crest-Designer-Papaglop.jpg\" alt=\"MOC-37840 Star Wars UCS Razor Crest - Designer Papaglop\" width=\"800\" height=\"800\" title=\"-\"><figcaption id=\"caption-attachment-26274\" class=\"wp-caption-text\">MOC-37840 Star Wars UCS Razor Crest &#8211; Designer Papaglop<\/figcaption><\/figure>\n<figure id=\"attachment_26275\" aria-describedby=\"caption-attachment-26275\" style=\"width: 800px\" class=\"wp-caption aligncenter\"><img decoding=\"async\" class=\"wp-image-26275 size-full\" src=\"https:\/\/mocfactory.com\/wp-content\/uploads\/2020\/12\/MOC-37840-Star-Wars-UCS-Razor-Crest-Designer-Papaglop-4.jpg\" alt=\"MOC-37840 Star Wars UCS Razor Crest - Designer Papaglop\" width=\"800\" height=\"800\" title=\"-\"><figcaption id=\"caption-attachment-26275\" class=\"wp-caption-text\">MOC-37840 Star Wars UCS Razor Crest &#8211; Designer Papaglop<\/figcaption><\/figure>\n<figure id=\"attachment_26276\" aria-describedby=\"caption-attachment-26276\" style=\"width: 800px\" class=\"wp-caption aligncenter\"><img decoding=\"async\" class=\"wp-image-26276 size-full\" src=\"https:\/\/mocfactory.com\/wp-content\/uploads\/2020\/12\/MOC-37840-Star-Wars-UCS-Razor-Crest-Designer-Papaglop-2.jpg\" alt=\"MOC-37840 Star Wars UCS Razor Crest - Designer Papaglop\" width=\"800\" height=\"800\" title=\"-\"><figcaption id=\"caption-attachment-26276\" class=\"wp-caption-text\">MOC-37840 Star Wars UCS Razor Crest &#8211; Designer Papaglop<\/figcaption><\/figure>\n<figure id=\"attachment_26277\" aria-describedby=\"caption-attachment-26277\" style=\"width: 800px\" class=\"wp-caption aligncenter\"><img loading=\"lazy\" decoding=\"async\" class=\"wp-image-26277 size-full\" src=\"https:\/\/mocfactory.com\/wp-content\/uploads\/2020\/12\/MOC-37840-Star-Wars-UCS-Razor-Crest-Designer-Papaglop-3.jpg\" alt=\"MOC-37840 Star Wars UCS Razor Crest - Designer Papaglop\" width=\"800\" height=\"800\" title=\"-\"><figcaption id=\"caption-attachment-26277\" class=\"wp-caption-text\">MOC-37840 Star Wars UCS Razor Crest &#8211; Designer Papaglop<\/figcaption><\/figure>\n<\/figcaption><\/figure>\n<blockquote><p>MOC Number: 37840<br \/>\nName of MOC: UCS Razor Crest by Papaglop<br \/>\nDesigned by: papaglop<br \/>\nDesigned Year:\u00a0 2020<br \/>\nNumber of parts: 4190 parts<br \/>\nCategory: Star Wars &gt; Ultimate Collector Series<\/p><\/blockquote>\n<p>&nbsp;<\/p>\n<ul>\n<li>+ 4190\u00a0 pieces made from high-quality 100% ABS plastic bricks, safe for children, long time to play, 100% compatible with other brick brands<\/li>\n<li><span style=\"font-size: 14.4px\">Easy-to-build with manual instruction of MOC 37840 UCS Razor Crest by Papaglop MOC FACTORY <\/span><span style=\"font-size: 14.4px;color: #555555\">avec un guide brique par brique et des images de haute qualit\u00e9<\/span><\/li>\n<li><span style=\"font-size: 14.4px\">Full dimensions of MOC 37840 UCS Razor Crest by Papaglop MOC FACTORY<\/span><\/li>\n<\/ul>\n<h4><strong>GARANTIE<\/strong><\/h4>\n<p>We guarantee for MOC 37840 UCS Razor Crest by Papaglop MOC FACTORY<\/p>\n<ul>\n<li>Remboursement int\u00e9gral si vous ne recevez pas votre commande<\/li>\n<li>Fournir gratuitement les pi\u00e8ces manquantes ou le livre manuel<\/li>\n<li>Les clients ne paieront plus les taxes et les frais de douane. (Si vous devez payer, nous vous rembourserons)<\/li>\n<li>L&#039;exp\u00e9dition internationale est assez compliqu\u00e9e, nous nous effor\u00e7ons de traiter tous vos probl\u00e8mes. Mais, si votre commande rencontre des probl\u00e8mes, veuillez nous contacter par e-mail<\/li>\n<li><span data-text-color=\"alert\"><strong>Annuler la commande:<\/strong><\/span> Si vous devez annuler la commande, vous devez nous contacter par e-mail contact@pay.lpwstore.com d\u00e8s que possible. Nous ne pouvons pas arr\u00eater la commande avant 48 heures<\/li>\n<\/ul>\n<h4><strong>EXP\u00c9DITION<\/strong><\/h4>\n<p>MOC 37840 UCS Razor Crest by Papaglop MOC FACTORY will be ready for ship in SEPTEMBER 2020. Please wait for us. If you want to cancel the pre-order, contact us via email, we will full refund to you<\/p>\n<h4><strong>PARTIES MANQUANTES<\/strong><\/h4>\n<p>All parts of MOC 37840 UCS Razor Crest by Papaglop MOC FACTORY \u00a0are quality checked before shipping, so if you find some missing or damaged parts, don&#8217;t worry. Please contact us and we will send them to you without any fees, or we will offer a small refund for you to buy in other places.<\/p>","protected":false},"excerpt":{"rendered":"<h3><strong>MOC 37840 UCS Razor Crest par Papaglop MOC FACTORY<\/strong><\/h3>\n<h3><span data-text-color=\"alert\"><strong>AVAILABLE IN SEPTEMBER 2020<\/strong><\/span><\/h3>\n<ul>\n<li>Quantit\u00e9 de brique\u00a0:<strong> +4190 <\/strong>pi\u00e8ces<\/li>\n<li>Service\u00a0: pi\u00e8ces de rechange gratuites<\/li>\n<li>Remarque : pas de bo\u00eete d&#039;origine, utilisez un sac \u00e0 bulles ou une bo\u00eete en carton vierge.<\/li>\n<li>Temps d&#039;arrangement\u00a0: 4 \u00e0 8\u00a0semaines<\/li>\n<\/ul>","protected":false},"featured_media":20427,"comment_status":"open","ping_status":"closed","template":"","meta":{"_acf_changed":false},"product_cat":[415],"product_tag":[10503,10501,430,10499,10505,10498,461,10500,4093,10502,10504],"class_list":["product","first","instock","shipping-taxable","purchasable","product-type-simple"],"acf":[],"_links":{"self":[{"href":"https:\/\/mouldking.store\/fr\/wp-json\/wp\/v2\/product\/20440","targetHints":{"allow":["GET"]}}],"collection":[{"href":"https:\/\/mouldking.store\/fr\/wp-json\/wp\/v2\/product"}],"about":[{"href":"https:\/\/mouldking.store\/fr\/wp-json\/wp\/v2\/types\/product"}],"replies":[{"embeddable":true,"href":"https:\/\/mouldking.store\/fr\/wp-json\/wp\/v2\/comments?post=20440"}],"wp:featuredmedia":[{"embeddable":true,"href":"https:\/\/mouldking.store\/fr\/wp-json\/wp\/v2\/media\/20427"}],"wp:attachment":[{"href":"https:\/\/mouldking.store\/fr\/wp-json\/wp\/v2\/media?parent=20440"}],"wp:term":[{"taxonomy":"product_cat","embeddable":true,"href":"https:\/\/mouldking.store\/fr\/wp-json\/wp\/v2\/product_cat?post=20440"},{"taxonomy":"product_tag","embeddable":true,"href":"https:\/\/mouldking.store\/fr\/wp-json\/wp\/v2\/product_tag?post=20440"}],"curies":[{"name":"wp","href":"https:\/\/api.w.org\/{rel}","templated":true}]}}