{"id":20458,"date":"2021-10-09T04:49:45","date_gmt":"2021-10-08T21:49:45","guid":{"rendered":"https:\/\/mouldking.store\/shop\/moc-33689-ultimate-playset-scale-ship-century-hawk-star-wars-by-2bricksofficial-moc-factory\/"},"modified":"2025-12-25T09:25:21","modified_gmt":"2025-12-25T02:25:21","slug":"moc-33689-ultimate-playset-scale-ship-century-hawk-star-wars-by-2bricksofficial-moc-factory","status":"publish","type":"product","link":"https:\/\/mouldking.store\/fr\/shop\/moc-33689-ultimate-playset-scale-ship-century-hawk-star-wars-by-2bricksofficial-moc-factory\/","title":{"rendered":"MOC-33689 Navire ultime \u00e0 l&#039;\u00e9chelle du set de jeu &quot;Century Hawk&quot;\u00a0! Star Wars par 2bricksofficial MOC FACTORY"},"content":{"rendered":"<p>Ce MOC est \u00e0 une \u00e9chelle similaire \u00e0 celle des ensembles Millennium Falcon &quot;normaux&quot; de Lego, mais est press\u00e9 avec de v\u00e9ritables subtilit\u00e9s de film et des points forts du jeu. Int\u00e8gre un support de vitrine qui d\u00e9finit le Falcon \u00e0 un avantage unique, tout comme une plaque de pr\u00e9sentation qui peut obliger 11 chiffres mesur\u00e9s normaux. Int\u00e8gre FULL \u00e0 l&#039;int\u00e9rieur, avec les espaces notoires que vous connaissez des films, un cockpit pouvant accueillir 4 personnages, un toit enti\u00e8rement amovible pour un acc\u00e8s simple, une pente d&#039;embarquement abaiss\u00e9e, un compartiment de fret dissimul\u00e9 et BEAUCOUP plus !<\/p>\n<p><img fetchpriority=\"high\" decoding=\"async\" class=\"alignnone size-full wp-image-193949\" src=\"https:\/\/pay.lpwstore.com\/wp-content\/uploads\/2020\/07\/New-Project-17.png\" alt=\"MOC-33689\" width=\"800\" height=\"800\" title=\"-\"><\/p>","protected":false},"excerpt":{"rendered":"<ul>\n<li>Inclure\u00a0<strong>3208+<\/strong>\u00a0pi\u00e8ces<\/li>\n<li>Livre d&#039;instructions PDF<\/li>\n<li>Bloc ABS de haute qualit\u00e9<\/li>\n<\/ul>","protected":false},"featured_media":20457,"comment_status":"open","ping_status":"closed","template":"","meta":{"_acf_changed":false},"product_cat":[415],"product_tag":[],"class_list":["product","first","outofstock","shipping-taxable","purchasable","product-type-simple"],"acf":[],"_links":{"self":[{"href":"https:\/\/mouldking.store\/fr\/wp-json\/wp\/v2\/product\/20458","targetHints":{"allow":["GET"]}}],"collection":[{"href":"https:\/\/mouldking.store\/fr\/wp-json\/wp\/v2\/product"}],"about":[{"href":"https:\/\/mouldking.store\/fr\/wp-json\/wp\/v2\/types\/product"}],"replies":[{"embeddable":true,"href":"https:\/\/mouldking.store\/fr\/wp-json\/wp\/v2\/comments?post=20458"}],"wp:featuredmedia":[{"embeddable":true,"href":"https:\/\/mouldking.store\/fr\/wp-json\/wp\/v2\/media\/20457"}],"wp:attachment":[{"href":"https:\/\/mouldking.store\/fr\/wp-json\/wp\/v2\/media?parent=20458"}],"wp:term":[{"taxonomy":"product_cat","embeddable":true,"href":"https:\/\/mouldking.store\/fr\/wp-json\/wp\/v2\/product_cat?post=20458"},{"taxonomy":"product_tag","embeddable":true,"href":"https:\/\/mouldking.store\/fr\/wp-json\/wp\/v2\/product_tag?post=20458"}],"curies":[{"name":"wp","href":"https:\/\/api.w.org\/{rel}","templated":true}]}}