{"id":20499,"date":"2021-10-09T04:51:04","date_gmt":"2021-10-08T21:51:04","guid":{"rendered":"https:\/\/mouldking.store\/shop\/moc-10934-sugar-and-spice-modular-building-by-kristel-moc-factory\/"},"modified":"2025-12-25T09:25:20","modified_gmt":"2025-12-25T02:25:20","slug":"moc-10934-sugar-and-spice-modular-building-by-kristel-moc-factory","status":"publish","type":"product","link":"https:\/\/mouldking.store\/fr\/shop\/moc-10934-sugar-and-spice-modular-building-by-kristel-moc-factory\/","title":{"rendered":"MOC-10934 B\u00e2timent modulaire sucre et \u00e9pices par Kristel MOC FACTORY"},"content":{"rendered":"<p>Le Sugar and Spice est une autre fabrication propuls\u00e9e par New York, celle-ci porte le nom du magasin de cupcakes au rez-de-chauss\u00e9e. Il y a un loft aux \u00e9tages sup\u00e9rieurs, avec un jardin sur le toit<\/p>\n<p><img fetchpriority=\"high\" decoding=\"async\" class=\"alignnone size-full wp-image-194133\" src=\"https:\/\/pay.lpwstore.com\/wp-content\/uploads\/2020\/07\/New-Project-48.png\" alt=\"MOC-10934\" width=\"800\" height=\"800\" title=\"-\"><\/p>","protected":false},"excerpt":{"rendered":"<ul>\n<li>Inclure <strong>3103+<\/strong>\u00a0pi\u00e8ces<\/li>\n<li>Livre d&#039;instructions PDF<\/li>\n<li>Bloc ABS de haute qualit\u00e9<\/li>\n<\/ul>","protected":false},"featured_media":20498,"comment_status":"open","ping_status":"closed","template":"","meta":{"_acf_changed":false},"product_cat":[390],"product_tag":[],"class_list":["product","first","instock","shipping-taxable","purchasable","product-type-simple"],"acf":[],"_links":{"self":[{"href":"https:\/\/mouldking.store\/fr\/wp-json\/wp\/v2\/product\/20499","targetHints":{"allow":["GET"]}}],"collection":[{"href":"https:\/\/mouldking.store\/fr\/wp-json\/wp\/v2\/product"}],"about":[{"href":"https:\/\/mouldking.store\/fr\/wp-json\/wp\/v2\/types\/product"}],"replies":[{"embeddable":true,"href":"https:\/\/mouldking.store\/fr\/wp-json\/wp\/v2\/comments?post=20499"}],"wp:featuredmedia":[{"embeddable":true,"href":"https:\/\/mouldking.store\/fr\/wp-json\/wp\/v2\/media\/20498"}],"wp:attachment":[{"href":"https:\/\/mouldking.store\/fr\/wp-json\/wp\/v2\/media?parent=20499"}],"wp:term":[{"taxonomy":"product_cat","embeddable":true,"href":"https:\/\/mouldking.store\/fr\/wp-json\/wp\/v2\/product_cat?post=20499"},{"taxonomy":"product_tag","embeddable":true,"href":"https:\/\/mouldking.store\/fr\/wp-json\/wp\/v2\/product_tag?post=20499"}],"curies":[{"name":"wp","href":"https:\/\/api.w.org\/{rel}","templated":true}]}}