{"id":20519,"date":"2021-10-09T04:51:16","date_gmt":"2021-10-09T04:51:16","guid":{"rendered":"https:\/\/mouldking.store\/shop\/moc-11389-cast-iron-modular-building-by-kristel-moc-factory\/"},"modified":"2025-12-25T09:25:10","modified_gmt":"2025-12-25T02:25:10","slug":"moc-11389-cast-iron-modular-building-by-kristel-moc-factory","status":"publish","type":"product","link":"https:\/\/mouldking.store\/fr\/shop\/moc-11389-cast-iron-modular-building-by-kristel-moc-factory\/","title":{"rendered":"MOC-11389 Construction modulaire en fonte par Kristel MOC FACTORY"},"content":{"rendered":"<p>Le b\u00e2timent modulaire en fonte \u00e9tait l&#039;un des huit b\u00e2timents modulaires de 16 largeurs qui composaient The Promenade que j&#039;ai expos\u00e9 \u00e0 BrickWorld Chicago en juin 2015. Comme son nom l&#039;indique, il a \u00e9t\u00e9 inspir\u00e9 par les b\u00e2timents en fonte trouv\u00e9s \u00e0 New York. Il n&#039;est pas meubl\u00e9.<\/p>\n<p><img fetchpriority=\"high\" decoding=\"async\" class=\"alignnone size-full wp-image-194273\" src=\"https:\/\/pay.lpwstore.com\/wp-content\/uploads\/2020\/07\/New-Project-86-1.png\" alt=\"MOC-11389 Cast Iron Modular Building by Kristel MOC FACTORY\" width=\"800\" height=\"800\" title=\"-\"> <img decoding=\"async\" class=\"alignnone size-full wp-image-194272\" src=\"https:\/\/pay.lpwstore.com\/wp-content\/uploads\/2020\/07\/New-Project-87-1.png\" alt=\"MOC-11389 Cast Iron Modular Building by Kristel MOC FACTORY\" width=\"800\" height=\"800\" title=\"-\"><\/p>","protected":false},"excerpt":{"rendered":"<ul>\n<li>Inclure\u00a0<strong>857+<\/strong>\u00a0pi\u00e8ces<\/li>\n<li>Livre d&#039;instructions PDF<\/li>\n<li>Bloc ABS de haute qualit\u00e9<\/li>\n<\/ul>","protected":false},"featured_media":20517,"comment_status":"open","ping_status":"closed","template":"","meta":{"_acf_changed":false},"product_cat":[390],"product_tag":[],"class_list":["product","first","instock","shipping-taxable","purchasable","product-type-simple"],"acf":[],"_links":{"self":[{"href":"https:\/\/mouldking.store\/fr\/wp-json\/wp\/v2\/product\/20519","targetHints":{"allow":["GET"]}}],"collection":[{"href":"https:\/\/mouldking.store\/fr\/wp-json\/wp\/v2\/product"}],"about":[{"href":"https:\/\/mouldking.store\/fr\/wp-json\/wp\/v2\/types\/product"}],"replies":[{"embeddable":true,"href":"https:\/\/mouldking.store\/fr\/wp-json\/wp\/v2\/comments?post=20519"}],"wp:featuredmedia":[{"embeddable":true,"href":"https:\/\/mouldking.store\/fr\/wp-json\/wp\/v2\/media\/20517"}],"wp:attachment":[{"href":"https:\/\/mouldking.store\/fr\/wp-json\/wp\/v2\/media?parent=20519"}],"wp:term":[{"taxonomy":"product_cat","embeddable":true,"href":"https:\/\/mouldking.store\/fr\/wp-json\/wp\/v2\/product_cat?post=20519"},{"taxonomy":"product_tag","embeddable":true,"href":"https:\/\/mouldking.store\/fr\/wp-json\/wp\/v2\/product_tag?post=20519"}],"curies":[{"name":"wp","href":"https:\/\/api.w.org\/{rel}","templated":true}]}}