{"id":20636,"date":"2021-10-09T04:54:05","date_gmt":"2021-10-08T21:54:05","guid":{"rendered":"https:\/\/mouldking.store\/shop\/moc-15826-custom-power-up-mushrooms-and-question-box-creator-by-buildbetterbricks-moc-factory\/"},"modified":"2025-12-25T09:24:59","modified_gmt":"2025-12-25T02:24:59","slug":"moc-15826-custom-power-up-mushrooms-and-question-box-creator-by-buildbetterbricks-moc-factory","status":"publish","type":"product","link":"https:\/\/mouldking.store\/fr\/shop\/moc-15826-custom-power-up-mushrooms-and-question-box-creator-by-buildbetterbricks-moc-factory\/","title":{"rendered":"MOC-15826 Cr\u00e9ateur de champignons et de bo\u00eetes \u00e0 questions personnalis\u00e9s par buildbetterbricks MOC FACTORY"},"content":{"rendered":"<ul>\n<li>Marque du produit : MOC FACTORY<\/li>\n<li>Code produit : MOC-15826<\/li>\n<li>Nom du produit : Champignons Power Up personnalis\u00e9s et bo\u00eete \u00e0 questions<\/li>\n<\/ul>\n<p><img fetchpriority=\"high\" decoding=\"async\" class=\"alignnone size-full wp-image-194598\" src=\"https:\/\/pay.lpwstore.com\/wp-content\/uploads\/2020\/08\/New-Project-2020-08-07T182846.033.png\" alt=\"MOC-15826 Custom Power Up Mushrooms and Question Box Creator by buildbetterbricks MOC FACTORY\" width=\"800\" height=\"800\" title=\"-\"><\/p>","protected":false},"excerpt":{"rendered":"<ul>\n<li>Inclure\u00a0<strong>381+<\/strong>\u00a0pi\u00e8ces<\/li>\n<li>Livre d&#039;instructions PDF<\/li>\n<li>Bloc ABS de haute qualit\u00e9<\/li>\n<\/ul>","protected":false},"featured_media":20635,"comment_status":"open","ping_status":"closed","template":"","meta":{"_acf_changed":false},"product_cat":[371],"product_tag":[],"class_list":["product","first","instock","shipping-taxable","purchasable","product-type-simple"],"acf":[],"_links":{"self":[{"href":"https:\/\/mouldking.store\/fr\/wp-json\/wp\/v2\/product\/20636","targetHints":{"allow":["GET"]}}],"collection":[{"href":"https:\/\/mouldking.store\/fr\/wp-json\/wp\/v2\/product"}],"about":[{"href":"https:\/\/mouldking.store\/fr\/wp-json\/wp\/v2\/types\/product"}],"replies":[{"embeddable":true,"href":"https:\/\/mouldking.store\/fr\/wp-json\/wp\/v2\/comments?post=20636"}],"wp:featuredmedia":[{"embeddable":true,"href":"https:\/\/mouldking.store\/fr\/wp-json\/wp\/v2\/media\/20635"}],"wp:attachment":[{"href":"https:\/\/mouldking.store\/fr\/wp-json\/wp\/v2\/media?parent=20636"}],"wp:term":[{"taxonomy":"product_cat","embeddable":true,"href":"https:\/\/mouldking.store\/fr\/wp-json\/wp\/v2\/product_cat?post=20636"},{"taxonomy":"product_tag","embeddable":true,"href":"https:\/\/mouldking.store\/fr\/wp-json\/wp\/v2\/product_tag?post=20636"}],"curies":[{"name":"wp","href":"https:\/\/api.w.org\/{rel}","templated":true}]}}