{"id":20671,"date":"2021-10-09T04:54:20","date_gmt":"2021-10-09T04:54:20","guid":{"rendered":"https:\/\/mouldking.store\/shop\/moc-15873-mercedes-benz-300sl-creator-by-timeremembered-moc-factory\/"},"modified":"2025-12-25T09:24:58","modified_gmt":"2025-12-25T02:24:58","slug":"moc-15873-mercedes-benz-300sl-creator-by-timeremembered-moc-factory","status":"publish","type":"product","link":"https:\/\/mouldking.store\/fr\/shop\/moc-15873-mercedes-benz-300sl-creator-by-timeremembered-moc-factory\/","title":{"rendered":"MOC-15873 Mercedes-Benz 300SL Creator by timeremembered MOC FACTORY"},"content":{"rendered":"<p>Mercedes 300SL est mon v\u00e9hicule de r\u00eave in\u00e9gal\u00e9. Cette forme \u00e0 6 tenons est compos\u00e9e de la Ford Mustang Fastback LEGO 75884 1968 et de quelques blocs suppl\u00e9mentaires.<\/p>\n<p>Ses remarquables entr\u00e9es en ailes de mouette ont \u00e9t\u00e9 actualis\u00e9es, mais le bord a \u00e9t\u00e9 limit\u00e9.<\/p>\n<p>Le stock enregistre les pi\u00e8ces suppl\u00e9mentaires pour ainsi dire. L&#039;ensemble est joint aux directions de la structure.<\/p>\n<p><img fetchpriority=\"high\" decoding=\"async\" class=\"alignnone size-full wp-image-194658\" src=\"https:\/\/pay.lpwstore.com\/wp-content\/uploads\/2020\/08\/New-Project-2020-08-10T102549.247.png\" alt=\"MOC-15873 Mercedes-Benz 300SL Creator by timeremembered MOC FACTORY\" width=\"800\" height=\"800\" title=\"-\"> <img decoding=\"async\" class=\"alignnone size-full wp-image-194657\" src=\"https:\/\/pay.lpwstore.com\/wp-content\/uploads\/2020\/08\/New-Project-2020-08-10T102628.759.png\" alt=\"MOC-15873 Mercedes-Benz 300SL Creator by timeremembered MOC FACTORY\" width=\"800\" height=\"800\" title=\"-\"><\/p>","protected":false},"excerpt":{"rendered":"<ul>\n<li>Inclure\u00a0<strong>102+<\/strong>\u00a0pi\u00e8ces<\/li>\n<li>Instruction PDF en ligne<\/li>\n<li>Bloc ABS de haute qualit\u00e9<\/li>\n<\/ul>","protected":false},"featured_media":20669,"comment_status":"open","ping_status":"closed","template":"","meta":{"_acf_changed":false},"product_cat":[371],"product_tag":[],"class_list":["product","first","instock","shipping-taxable","purchasable","product-type-simple"],"acf":[],"_links":{"self":[{"href":"https:\/\/mouldking.store\/fr\/wp-json\/wp\/v2\/product\/20671","targetHints":{"allow":["GET"]}}],"collection":[{"href":"https:\/\/mouldking.store\/fr\/wp-json\/wp\/v2\/product"}],"about":[{"href":"https:\/\/mouldking.store\/fr\/wp-json\/wp\/v2\/types\/product"}],"replies":[{"embeddable":true,"href":"https:\/\/mouldking.store\/fr\/wp-json\/wp\/v2\/comments?post=20671"}],"wp:featuredmedia":[{"embeddable":true,"href":"https:\/\/mouldking.store\/fr\/wp-json\/wp\/v2\/media\/20669"}],"wp:attachment":[{"href":"https:\/\/mouldking.store\/fr\/wp-json\/wp\/v2\/media?parent=20671"}],"wp:term":[{"taxonomy":"product_cat","embeddable":true,"href":"https:\/\/mouldking.store\/fr\/wp-json\/wp\/v2\/product_cat?post=20671"},{"taxonomy":"product_tag","embeddable":true,"href":"https:\/\/mouldking.store\/fr\/wp-json\/wp\/v2\/product_tag?post=20671"}],"curies":[{"name":"wp","href":"https:\/\/api.w.org\/{rel}","templated":true}]}}