{"id":20674,"date":"2021-10-09T04:54:21","date_gmt":"2021-10-08T21:54:21","guid":{"rendered":"https:\/\/mouldking.store\/shop\/moc-24335-ferrari-couperoadster-super-car-by-firas_legocars-moc-factory\/"},"modified":"2025-12-25T09:24:58","modified_gmt":"2025-12-25T02:24:58","slug":"moc-24335-ferrari-couperoadster-super-car-by-firas_legocars-moc-factory","status":"publish","type":"product","link":"https:\/\/mouldking.store\/fr\/shop\/moc-24335-ferrari-couperoadster-super-car-by-firas_legocars-moc-factory\/","title":{"rendered":"MOC-24335 Ferrari coup\u00e9, roadster Super Car par firas_legocars MOC FACTORY"},"content":{"rendered":"<p>Le mod\u00e8le a \u00e9t\u00e9 travaill\u00e9 \u00e0 la taille de 1:16, m\u00eame taille que le set LEGO officiel de la Ferrari F40, il fera donc une pr\u00e9sentation agr\u00e9able proche de la F40.<\/p>\n<p>Les \u00e9tapes d&#039;instructions sont extr\u00eamement simples \u00e0 respecter pour remercier la productrice comp\u00e9tente et extraordinaire Simone Bissi.<\/p>\n<p>Le mod\u00e8le lui-m\u00eame est solide et contient de nombreux points forts pratiques, y compris les entr\u00e9es d&#039;ouverture, le capot, le coffre et le moteur amovible \u00e0 des fins d&#039;exposition, ainsi que l&#039;\u00e9l\u00e9ment cool des phares \u00e0 ressort.<\/p>\n<p><img fetchpriority=\"high\" decoding=\"async\" class=\"alignnone size-full wp-image-194667\" src=\"https:\/\/pay.lpwstore.com\/wp-content\/uploads\/2020\/08\/New-Project-2020-08-10T104645.398.png\" alt=\"MOC-24335 Ferrari coupe,roadster Super Car by firas_legocars MOC FACTORY\" width=\"800\" height=\"800\" title=\"-\"> <img decoding=\"async\" class=\"alignnone size-full wp-image-194666\" src=\"https:\/\/pay.lpwstore.com\/wp-content\/uploads\/2020\/08\/New-Project-2020-08-10T104720.675.png\" alt=\"MOC-24335 Ferrari coupe,roadster Super Car by firas_legocars MOC FACTORY\" width=\"800\" height=\"800\" title=\"-\"><\/p>","protected":false},"excerpt":{"rendered":"<ul>\n<li>Inclure\u00a0<strong>909+<\/strong>\u00a0pi\u00e8ces<\/li>\n<li>Instruction PDF en ligne<\/li>\n<li>Bloc ABS de haute qualit\u00e9<\/li>\n<\/ul>","protected":false},"featured_media":20672,"comment_status":"open","ping_status":"closed","template":"","meta":{"_acf_changed":false},"product_cat":[364],"product_tag":[],"class_list":["product","first","instock","shipping-taxable","purchasable","product-type-simple"],"acf":[],"_links":{"self":[{"href":"https:\/\/mouldking.store\/fr\/wp-json\/wp\/v2\/product\/20674","targetHints":{"allow":["GET"]}}],"collection":[{"href":"https:\/\/mouldking.store\/fr\/wp-json\/wp\/v2\/product"}],"about":[{"href":"https:\/\/mouldking.store\/fr\/wp-json\/wp\/v2\/types\/product"}],"replies":[{"embeddable":true,"href":"https:\/\/mouldking.store\/fr\/wp-json\/wp\/v2\/comments?post=20674"}],"wp:featuredmedia":[{"embeddable":true,"href":"https:\/\/mouldking.store\/fr\/wp-json\/wp\/v2\/media\/20672"}],"wp:attachment":[{"href":"https:\/\/mouldking.store\/fr\/wp-json\/wp\/v2\/media?parent=20674"}],"wp:term":[{"taxonomy":"product_cat","embeddable":true,"href":"https:\/\/mouldking.store\/fr\/wp-json\/wp\/v2\/product_cat?post=20674"},{"taxonomy":"product_tag","embeddable":true,"href":"https:\/\/mouldking.store\/fr\/wp-json\/wp\/v2\/product_tag?post=20674"}],"curies":[{"name":"wp","href":"https:\/\/api.w.org\/{rel}","templated":true}]}}