{"id":20724,"date":"2021-10-09T04:54:46","date_gmt":"2021-10-09T04:54:46","guid":{"rendered":"https:\/\/mouldking.store\/shop\/moc-27435-all-terrain-scout-transport-star-war-by-kbd-design-moc-factory\/"},"modified":"2025-12-25T09:24:50","modified_gmt":"2025-12-25T02:24:50","slug":"moc-27435-all-terrain-scout-transport-star-war-by-kbd-design-moc-factory","status":"publish","type":"product","link":"https:\/\/mouldking.store\/fr\/shop\/moc-27435-all-terrain-scout-transport-star-war-by-kbd-design-moc-factory\/","title":{"rendered":"MOC-27435 All Terrain Scout Transport Star War par KBD Design MOC FACTORY"},"content":{"rendered":"<p>Le All Terrain Scout Transport (AT-ST) est un marcheur de combat bip\u00e8de l\u00e9ger avec des pistolets l\u00e9gers \u00e0 double blaster et un lanceur d&#039;explosifs mont\u00e9 sur la joue, et des canons \u00e0 double blaster \u00e9crasants mont\u00e9s sur la m\u00e2choire. Le mod\u00e8le mesure 114 mm (4,49 pouces), \u00e0 l&#039;\u00e9chelle 1:80 contrairement au mod\u00e8le de studio, et comprend 123 blocs.<\/p>\n<p><img fetchpriority=\"high\" decoding=\"async\" class=\"alignnone size-full wp-image-194929\" src=\"https:\/\/pay.lpwstore.com\/wp-content\/uploads\/2020\/08\/New-Project-2020-08-18T170049.704.png\" alt=\"MOC-27435 All Terrain Scout Transport Star War by KBD Design MOC FACTORY\" width=\"800\" height=\"800\" title=\"-\"> <img decoding=\"async\" class=\"alignnone size-full wp-image-194928\" src=\"https:\/\/pay.lpwstore.com\/wp-content\/uploads\/2020\/08\/New-Project-2020-08-18T170104.640.png\" alt=\"-\" width=\"800\" height=\"800\" title=\"-\"> <img decoding=\"async\" class=\"alignnone size-full wp-image-194927\" src=\"https:\/\/pay.lpwstore.com\/wp-content\/uploads\/2020\/08\/New-Project-2020-08-18T170124.184.png\" alt=\"-\" width=\"800\" height=\"800\" title=\"-\"> <img loading=\"lazy\" decoding=\"async\" class=\"alignnone size-full wp-image-194926\" src=\"https:\/\/pay.lpwstore.com\/wp-content\/uploads\/2020\/08\/New-Project-2020-08-18T170134.974.png\" alt=\"MOC-27435 All Terrain Scout Transport Star War by KBD Design MOC FACTORY\" width=\"800\" height=\"800\" title=\"-\"><\/p>","protected":false},"excerpt":{"rendered":"<ul>\n<li>Inclure\u00a0<strong>125+<\/strong>\u00a0pi\u00e8ces<\/li>\n<li>Instruction PDF en ligne<\/li>\n<li>Bloc ABS de haute qualit\u00e9<\/li>\n<\/ul>","protected":false},"featured_media":20720,"comment_status":"open","ping_status":"closed","template":"","meta":{"_acf_changed":false},"product_cat":[15],"product_tag":[],"class_list":["product","first","instock","shipping-taxable","purchasable","product-type-simple"],"acf":[],"_links":{"self":[{"href":"https:\/\/mouldking.store\/fr\/wp-json\/wp\/v2\/product\/20724","targetHints":{"allow":["GET"]}}],"collection":[{"href":"https:\/\/mouldking.store\/fr\/wp-json\/wp\/v2\/product"}],"about":[{"href":"https:\/\/mouldking.store\/fr\/wp-json\/wp\/v2\/types\/product"}],"replies":[{"embeddable":true,"href":"https:\/\/mouldking.store\/fr\/wp-json\/wp\/v2\/comments?post=20724"}],"wp:featuredmedia":[{"embeddable":true,"href":"https:\/\/mouldking.store\/fr\/wp-json\/wp\/v2\/media\/20720"}],"wp:attachment":[{"href":"https:\/\/mouldking.store\/fr\/wp-json\/wp\/v2\/media?parent=20724"}],"wp:term":[{"taxonomy":"product_cat","embeddable":true,"href":"https:\/\/mouldking.store\/fr\/wp-json\/wp\/v2\/product_cat?post=20724"},{"taxonomy":"product_tag","embeddable":true,"href":"https:\/\/mouldking.store\/fr\/wp-json\/wp\/v2\/product_tag?post=20724"}],"curies":[{"name":"wp","href":"https:\/\/api.w.org\/{rel}","templated":true}]}}