{"id":20831,"date":"2021-10-09T04:56:26","date_gmt":"2021-10-08T21:56:26","guid":{"rendered":"https:\/\/mouldking.store\/shop\/moc-15858-the-music-club-inverted-corner-modular-building-by-huaojozu-moc-factory\/"},"modified":"2025-12-25T09:24:47","modified_gmt":"2025-12-25T02:24:47","slug":"moc-15858-the-music-club-inverted-corner-modular-building-by-huaojozu-moc-factory","status":"publish","type":"product","link":"https:\/\/mouldking.store\/fr\/shop\/moc-15858-the-music-club-inverted-corner-modular-building-by-huaojozu-moc-factory\/","title":{"rendered":"MOC-15858 Le b\u00e2timent modulaire d&#039;angle invers\u00e9 du club de musique par Huaojozu MOC FACTORY"},"content":{"rendered":"<div>Le rez-de-chauss\u00e9e abrite la sc\u00e8ne et un espace pour que les fans puissent se d\u00e9placer, tout comme un juke-box lorsqu&#039;il n&#039;y a pas de pr\u00e9sentation en direct et deux ou trois tables pour poser votre boisson. En parlant de boissons, vous pouvez trouver le bar \u00e0 l&#039;\u00e9tage sup\u00e9rieur, o\u00f9 se d\u00e9roule un autre type d&#039;ex\u00e9cution. Modifiez l&#039;\u00e9norme arrangement de lumi\u00e8re d&#039;en haut ou profitez essentiellement de la puissance du spectacle en direct d&#039;un point de vue agr\u00e9able.<\/div>\n<div><\/div>\n<div>Enfin, un int\u00e9rieur tr\u00e8s point par point vous accueillera au troisi\u00e8me \u00e9tage, avec une salle d&#039;eau enti\u00e8rement \u00e9quip\u00e9e, un salon, une cuisine et une chambre. Il y a aussi une balan\u00e7oire pr\u00e8s de l&#039;entr\u00e9e principale pour les enfants !<\/div>\n<div><\/div>\n<div><img fetchpriority=\"high\" decoding=\"async\" class=\"alignnone size-full wp-image-195182\" src=\"https:\/\/pay.lpwstore.com\/wp-content\/uploads\/2020\/08\/New-Project-2020-08-24T160507.079.png\" alt=\"MOC-15858 The Music Club Inverted Corner Modular Building by Huaojozu MOC FACTORY\" width=\"800\" height=\"800\" title=\"-\"> <img decoding=\"async\" class=\"alignnone size-full wp-image-195181\" src=\"https:\/\/pay.lpwstore.com\/wp-content\/uploads\/2020\/08\/New-Project-2020-08-24T160538.432.png\" alt=\"MOC-15858 The Music Club Inverted Corner Modular Building by Huaojozu MOC FACTORY\" width=\"800\" height=\"800\" title=\"-\"><\/div>","protected":false},"excerpt":{"rendered":"<ul>\n<li>Inclure\u00a0<strong>3336+<\/strong>\u00a0pi\u00e8ces<\/li>\n<li>Livre d&#039;instructions PDF<\/li>\n<li>Bloc ABS de haute qualit\u00e9<\/li>\n<\/ul>","protected":false},"featured_media":20829,"comment_status":"open","ping_status":"closed","template":"","meta":{"_acf_changed":false},"product_cat":[390],"product_tag":[],"class_list":["product","first","instock","shipping-taxable","purchasable","product-type-simple"],"acf":[],"_links":{"self":[{"href":"https:\/\/mouldking.store\/fr\/wp-json\/wp\/v2\/product\/20831","targetHints":{"allow":["GET"]}}],"collection":[{"href":"https:\/\/mouldking.store\/fr\/wp-json\/wp\/v2\/product"}],"about":[{"href":"https:\/\/mouldking.store\/fr\/wp-json\/wp\/v2\/types\/product"}],"replies":[{"embeddable":true,"href":"https:\/\/mouldking.store\/fr\/wp-json\/wp\/v2\/comments?post=20831"}],"wp:featuredmedia":[{"embeddable":true,"href":"https:\/\/mouldking.store\/fr\/wp-json\/wp\/v2\/media\/20829"}],"wp:attachment":[{"href":"https:\/\/mouldking.store\/fr\/wp-json\/wp\/v2\/media?parent=20831"}],"wp:term":[{"taxonomy":"product_cat","embeddable":true,"href":"https:\/\/mouldking.store\/fr\/wp-json\/wp\/v2\/product_cat?post=20831"},{"taxonomy":"product_tag","embeddable":true,"href":"https:\/\/mouldking.store\/fr\/wp-json\/wp\/v2\/product_tag?post=20831"}],"curies":[{"name":"wp","href":"https:\/\/api.w.org\/{rel}","templated":true}]}}