{"id":20934,"date":"2021-10-09T04:58:13","date_gmt":"2021-10-08T21:58:13","guid":{"rendered":"https:\/\/mouldking.store\/shop\/moc-90023-bicycle-bicycle-bicycle-moc-factory\/"},"modified":"2025-12-25T09:24:23","modified_gmt":"2025-12-25T02:24:23","slug":"moc-90023-bicycle-bicycle-bicycle-moc-factory","status":"publish","type":"product","link":"https:\/\/mouldking.store\/fr\/shop\/moc-90023-bicycle-bicycle-bicycle-moc-factory\/","title":{"rendered":"MOC-90023 V\u00e9lo, V\u00e9lo, V\u00c9LO MOC FACTORY"},"content":{"rendered":"<div>Un m\u00e9lange d\u00e9lib\u00e9r\u00e9 d&#039;une petite partie des capacit\u00e9s de m\u00e9thode, de l&#039;envie de faire du v\u00e9lo et de la r\u00e9flexion sur la progression du temps cr\u00e9e la machine \u00e0 v\u00e9lo immuable. <img fetchpriority=\"high\" decoding=\"async\" class=\"alignnone size-full wp-image-195569\" src=\"https:\/\/pay.lpwstore.com\/wp-content\/uploads\/2020\/09\/New-Project-2020-09-04T164754.458.png\" alt=\"MOC-90023 Bicycle, Bicycle, BICYCLE MOC FACTORY\" width=\"800\" height=\"800\" title=\"-\"><\/div>\n<div>Le temps d\u00e9file, les saisons changent et les roues du v\u00e9lo tournent partout.<\/div>","protected":false},"excerpt":{"rendered":"<ul>\n<li>Inclure\u00a0<strong>333+<\/strong>\u00a0pi\u00e8ces<\/li>\n<li>Livre d&#039;instructions manuel<\/li>\n<li>Bloc ABS de haute qualit\u00e9<\/li>\n<\/ul>","protected":false},"featured_media":20933,"comment_status":"open","ping_status":"closed","template":"","meta":{"_acf_changed":false},"product_cat":[15],"product_tag":[],"class_list":["product","first","outofstock","shipping-taxable","purchasable","product-type-simple"],"acf":[],"_links":{"self":[{"href":"https:\/\/mouldking.store\/fr\/wp-json\/wp\/v2\/product\/20934","targetHints":{"allow":["GET"]}}],"collection":[{"href":"https:\/\/mouldking.store\/fr\/wp-json\/wp\/v2\/product"}],"about":[{"href":"https:\/\/mouldking.store\/fr\/wp-json\/wp\/v2\/types\/product"}],"replies":[{"embeddable":true,"href":"https:\/\/mouldking.store\/fr\/wp-json\/wp\/v2\/comments?post=20934"}],"wp:featuredmedia":[{"embeddable":true,"href":"https:\/\/mouldking.store\/fr\/wp-json\/wp\/v2\/media\/20933"}],"wp:attachment":[{"href":"https:\/\/mouldking.store\/fr\/wp-json\/wp\/v2\/media?parent=20934"}],"wp:term":[{"taxonomy":"product_cat","embeddable":true,"href":"https:\/\/mouldking.store\/fr\/wp-json\/wp\/v2\/product_cat?post=20934"},{"taxonomy":"product_tag","embeddable":true,"href":"https:\/\/mouldking.store\/fr\/wp-json\/wp\/v2\/product_tag?post=20934"}],"curies":[{"name":"wp","href":"https:\/\/api.w.org\/{rel}","templated":true}]}}