{"id":20991,"date":"2021-10-09T04:58:39","date_gmt":"2021-10-08T21:58:39","guid":{"rendered":"https:\/\/mouldking.store\/shop\/moc-42632-back-to-the-future-1985-delorean-time-machine-by-luissaladrigas-moc-factory\/"},"modified":"2025-12-25T09:24:21","modified_gmt":"2025-12-25T02:24:21","slug":"moc-42632-back-to-the-future-1985-delorean-time-machine-by-luissaladrigas-moc-factory","status":"publish","type":"product","link":"https:\/\/mouldking.store\/fr\/shop\/moc-42632-back-to-the-future-1985-delorean-time-machine-by-luissaladrigas-moc-factory\/","title":{"rendered":"MOC 42632 Retour vers le futur 1985 DeLorean Time Machine par luissaladrigas MOC FACTORY"},"content":{"rendered":"<p><strong>INFORMATION PRODUIT<\/strong><\/p>\n<p>MOC 42632 Retour vers le futur 1985 DeLorean Time Machine par luissaladrigas MOC FACTORY est bas\u00e9 sur une voiture c\u00e9l\u00e8bre - Time Machine dans le film : Retour vers le futur franchise, MOC 4262 con\u00e7u par dropey1479 en rebrickable, avec quelques petites modifications et , PAS DE BRIQUES CHROM\u00c9ES , NON INCLURE LES MINIFIGURES. C&#039;est un superbe ensemble de briques MOC 42632 Retour vers le futur 1985 DeLorean Time Machine par luissaladrigas MOC FACTORY<\/p>\n<p>Dans la franchise Retour vers le futur , la machine \u00e0 voyager dans le temps DeLorean est un appareil de voyage dans le temps fabriqu\u00e9 en installant un v\u00e9hicule DMC DeLorean avec un condensateur de flux. La voiture n\u00e9cessite 1,21 gigawatts de puissance et doit parcourir 88 miles par heure (142 km\/h) pour initier le voyage dans le temps. L&#039;une des voitures utilis\u00e9es pour le tournage est expos\u00e9e dans un mus\u00e9e \u00e0 Paarl, en Afrique du Sud. La DeLorean officielle Retour vers le futur peut \u00eatre vue au Petersen Automotive Museum.<\/p>\n<figure id=\"attachment_193748\" class=\"wp-caption alignnone\" style=\"width: 1020px\" aria-describedby=\"caption-attachment-193748\"><img fetchpriority=\"high\" decoding=\"async\" class=\"wp-image-193748 size-large\" src=\"https:\/\/pay.lpwstore.com\/wp-content\/uploads\/2020\/07\/MOC-42632-Back-to-the-Future-1985-DeLorean-Time-Machine-byluissaladrigas-MOC-FACTORY-9-1024x576.jpg\" alt=\"-\" width=\"1020\" height=\"574\" title=\"-\"><figcaption id=\"caption-attachment-193748\" class=\"wp-caption-text\">MOC 42632 Retour vers le futur 1985 DeLorean Time Machine par luissaladrigas MOC FACTORY<\/figcaption><\/figure>\n<blockquote><p>Num\u00e9ro MOC\u00a0: 42632 Nom du MOC\u00a0: Retour vers le futur 1985 DeLorean Time Machine Con\u00e7u par\u00a0: luissaladrigas Con\u00e7u en\u00a0: 2020 Nombre de pi\u00e8ces\u00a0: 2583 pi\u00e8ces Cat\u00e9gorie\u00a0: Autre&gt; Film<\/p><\/blockquote>\n<ul>\n<li>+ 2583 pi\u00e8ces fabriqu\u00e9es \u00e0 partir de briques en plastique ABS 100% de haute qualit\u00e9, sans danger pour les enfants, longue dur\u00e9e de jeu, 100% compatible avec d&#039;autres marques de briques<\/li>\n<li><strong>AUCUNE PI\u00c8CE CHROM\u00c9E, AUCUNE FONCTION D&#039;ALIMENTATION, AUCUNE \u00c9TIQUETTE. Certaines photos de ce MOC sont \u00e0 titre indicatif seulement<\/strong><\/li>\n<li><span style=\"font-size: 14.4px\">Facile \u00e0 construire avec les instructions manuelles de MOC 42632 Retour vers le futur 1985 DeLorean Time Machine par luissaladrigas MOC FACTORY <\/span><span style=\"font-size: 14.4px;color: #555555\">avec un guide brique par brique et des images de haute qualit\u00e9<\/span><\/li>\n<li><span style=\"font-size: 14.4px\">Dimensions compl\u00e8tes de MMOC 42632 Retour vers le futur 1985 DeLorean Time Machine par luissaladrigas MOC FACTORY<\/span><\/li>\n<\/ul>\n<h4><strong>GARANTIE<\/strong><\/h4>\n<p>Nous garantissons pour MOC 42632 Retour vers le futur 1985 DeLorean Time Machine par luissaladrigas MOC FACTORY<\/p>\n<ul>\n<li>Remboursement int\u00e9gral si vous ne recevez pas votre commande<\/li>\n<li>Fournir gratuitement les pi\u00e8ces manquantes ou le livre manuel<\/li>\n<li>Les clients ne paieront plus les taxes et les frais de douane. (Si vous devez payer, nous vous rembourserons)<\/li>\n<li>L&#039;exp\u00e9dition internationale est assez compliqu\u00e9e, nous nous effor\u00e7ons de traiter tous vos probl\u00e8mes. Mais, si votre commande rencontre des probl\u00e8mes, veuillez nous contacter par e-mail<\/li>\n<li><span data-text-color=\"alert\"><strong>Annuler la commande:<\/strong><\/span> Si vous devez annuler la commande, vous devez nous contacter par e-mail contact@pay.lpwstore.com d\u00e8s que possible. Nous ne pouvons pas arr\u00eater la commande avant 48 heures<\/li>\n<\/ul>\n<h4><strong>EXP\u00c9DITION<\/strong><\/h4>\n<p>MOC 42632 Retour vers le futur 1985 DeLorean Time Machine par yluissaladrigas MOC FACTORYY sera pr\u00eat \u00e0 \u00eatre exp\u00e9di\u00e9 en SEPTEMBRE 2020. Veuillez nous attendre. Si vous souhaitez annuler la pr\u00e9commande, contactez-nous par e-mail, nous vous rembourserons int\u00e9gralement<\/p>\n<h4><strong>PARTIES MANQUANTES<\/strong><\/h4>\n<p>Toutes les pi\u00e8ces de MOC 42632 Retour vers le futur 1985 DeLorean Time Machine par luissaladrigas MOC FACTORY sont v\u00e9rifi\u00e9es avant l&#039;exp\u00e9dition, donc si vous trouvez des pi\u00e8ces manquantes ou endommag\u00e9es, ne vous inqui\u00e9tez pas. Veuillez nous contacter et nous vous les enverrons sans aucun frais, ou nous vous offrirons un petit remboursement pour que vous puissiez acheter ailleurs.<\/p>\n<figure id=\"attachment_193740\" class=\"wp-caption alignnone\" style=\"width: 1020px\" aria-describedby=\"caption-attachment-193740\"><img decoding=\"async\" class=\"wp-image-193740 size-large\" src=\"https:\/\/pay.lpwstore.com\/wp-content\/uploads\/2020\/07\/MOC-42632-Back-to-the-Future-1985-DeLorean-Time-Machine-byluissaladrigas-MOC-FACTORY-1-1024x576.png\" alt=\"-\" width=\"1020\" height=\"574\" title=\"-\"><figcaption id=\"caption-attachment-193740\" class=\"wp-caption-text\">MOC 42632 Retour vers le futur 1985 DeLorean Time Machine par luissaladrigas MOC FACTORY<\/figcaption><\/figure>\n<figure id=\"attachment_193739\" class=\"wp-caption alignnone\" style=\"width: 1020px\" aria-describedby=\"caption-attachment-193739\"><img decoding=\"async\" class=\"wp-image-193739 size-large\" src=\"https:\/\/pay.lpwstore.com\/wp-content\/uploads\/2020\/07\/MOC-42632-Back-to-the-Future-1985-DeLorean-Time-Machine-byluissaladrigas-MOC-FACTORY-1-1024x576.jpg\" alt=\"-\" width=\"1020\" height=\"574\" title=\"-\"><figcaption id=\"caption-attachment-193739\" class=\"wp-caption-text\">MOC 42632 Retour vers le futur 1985 DeLorean Time Machine par luissaladrigas MOC FACTORY<\/figcaption><\/figure>\n<figure id=\"attachment_193741\" class=\"wp-caption alignnone\" style=\"width: 1020px\" aria-describedby=\"caption-attachment-193741\"><img loading=\"lazy\" decoding=\"async\" class=\"wp-image-193741 size-large\" src=\"https:\/\/pay.lpwstore.com\/wp-content\/uploads\/2020\/07\/MOC-42632-Back-to-the-Future-1985-DeLorean-Time-Machine-byluissaladrigas-MOC-FACTORY-2-1024x576.jpg\" alt=\"-\" width=\"1020\" height=\"574\" title=\"-\"><figcaption id=\"caption-attachment-193741\" class=\"wp-caption-text\">MOC 42632 Retour vers le futur 1985 DeLorean Time Machine par luissaladrigas MOC FACTORY<\/figcaption><\/figure>\n<figure id=\"attachment_193742\" class=\"wp-caption alignnone\" style=\"width: 1020px\" aria-describedby=\"caption-attachment-193742\"><img loading=\"lazy\" decoding=\"async\" class=\"wp-image-193742 size-large\" src=\"https:\/\/pay.lpwstore.com\/wp-content\/uploads\/2020\/07\/MOC-42632-Back-to-the-Future-1985-DeLorean-Time-Machine-byluissaladrigas-MOC-FACTORY-3-1024x576.jpg\" alt=\"-\" width=\"1020\" height=\"574\" title=\"-\"><figcaption id=\"caption-attachment-193742\" class=\"wp-caption-text\">MOC 42632 Retour vers le futur 1985 DeLorean Time Machine par luissaladrigas MOC FACTORY<\/figcaption><\/figure>\n<figure id=\"attachment_193743\" class=\"wp-caption alignnone\" style=\"width: 1020px\" aria-describedby=\"caption-attachment-193743\"><img loading=\"lazy\" decoding=\"async\" class=\"wp-image-193743 size-large\" src=\"https:\/\/pay.lpwstore.com\/wp-content\/uploads\/2020\/07\/MOC-42632-Back-to-the-Future-1985-DeLorean-Time-Machine-byluissaladrigas-MOC-FACTORY-4-1024x576.jpg\" alt=\"-\" width=\"1020\" height=\"574\" title=\"-\"><figcaption id=\"caption-attachment-193743\" class=\"wp-caption-text\">MOC 42632 Retour vers le futur 1985 DeLorean Time Machine par luissaladrigas MOC FACTORY<\/figcaption><\/figure>\n<figure id=\"attachment_193744\" class=\"wp-caption alignnone\" style=\"width: 1020px\" aria-describedby=\"caption-attachment-193744\"><img loading=\"lazy\" decoding=\"async\" class=\"wp-image-193744 size-large\" src=\"https:\/\/pay.lpwstore.com\/wp-content\/uploads\/2020\/07\/MOC-42632-Back-to-the-Future-1985-DeLorean-Time-Machine-byluissaladrigas-MOC-FACTORY-5-1024x576.jpg\" alt=\"-\" width=\"1020\" height=\"574\" title=\"-\"><figcaption id=\"caption-attachment-193744\" class=\"wp-caption-text\">MOC 42632 Retour vers le futur 1985 DeLorean Time Machine par luissaladrigas MOC FACTORY<\/figcaption><\/figure>\n<figure id=\"attachment_193745\" class=\"wp-caption alignnone\" style=\"width: 1020px\" aria-describedby=\"caption-attachment-193745\"><img loading=\"lazy\" decoding=\"async\" class=\"wp-image-193745 size-large\" src=\"https:\/\/pay.lpwstore.com\/wp-content\/uploads\/2020\/07\/MOC-42632-Back-to-the-Future-1985-DeLorean-Time-Machine-byluissaladrigas-MOC-FACTORY-6-1024x576.jpg\" alt=\"-\" width=\"1020\" height=\"574\" title=\"-\"><figcaption id=\"caption-attachment-193745\" class=\"wp-caption-text\">MOC 42632 Retour vers le futur 1985 DeLorean Time Machine par luissaladrigas MOC FACTORY<\/figcaption><\/figure>\n<figure id=\"attachment_193746\" class=\"wp-caption alignnone\" style=\"width: 1020px\" aria-describedby=\"caption-attachment-193746\"><img loading=\"lazy\" decoding=\"async\" class=\"wp-image-193746 size-large\" src=\"https:\/\/pay.lpwstore.com\/wp-content\/uploads\/2020\/07\/MOC-42632-Back-to-the-Future-1985-DeLorean-Time-Machine-byluissaladrigas-MOC-FACTORY-7-1024x576.jpg\" alt=\"-\" width=\"1020\" height=\"574\" title=\"-\"><figcaption id=\"caption-attachment-193746\" class=\"wp-caption-text\">MOC 42632 Retour vers le futur 1985 DeLorean Time Machine par luissaladrigas MOC FACTORY<\/figcaption><\/figure>\n<figure id=\"attachment_193747\" class=\"wp-caption alignnone\" style=\"width: 1020px\" aria-describedby=\"caption-attachment-193747\"><img loading=\"lazy\" decoding=\"async\" class=\"wp-image-193747 size-large\" src=\"https:\/\/pay.lpwstore.com\/wp-content\/uploads\/2020\/07\/MOC-42632-Back-to-the-Future-1985-DeLorean-Time-Machine-byluissaladrigas-MOC-FACTORY-8-1024x576.jpg\" alt=\"-\" width=\"1020\" height=\"574\" title=\"-\"><figcaption id=\"caption-attachment-193747\" class=\"wp-caption-text\">MOC 42632 Retour vers le futur 1985 DeLorean Time Machine par luissaladrigas MOC FACTORY<\/figcaption><\/figure>\n<figure id=\"attachment_193749\" class=\"wp-caption alignnone\" style=\"width: 1020px\" aria-describedby=\"caption-attachment-193749\"><img loading=\"lazy\" decoding=\"async\" class=\"wp-image-193749 size-large\" src=\"https:\/\/pay.lpwstore.com\/wp-content\/uploads\/2020\/07\/MOC-42632-Back-to-the-Future-1985-DeLorean-Time-Machine-byluissaladrigas-MOC-FACTORY-10-1024x576.jpg\" alt=\"-\" width=\"1020\" height=\"574\" title=\"-\"><figcaption id=\"caption-attachment-193749\" class=\"wp-caption-text\">MOC 42632 Retour vers le futur 1985 DeLorean Time Machine par luissaladrigas MOC FACTORY<\/figcaption><\/figure>","protected":false},"excerpt":{"rendered":"<h3><strong>MOC 42632 Retour vers le futur 1985 DeLorean Time Machine par luissaladrigas MOC FACTORY<\/strong><\/h3>\n<ul>\n<li>Quantit\u00e9 de brique\u00a0:<strong> +2583 <\/strong>pi\u00e8ces<\/li>\n<li><strong><span data-text-color=\"alert\">AUCUNE PARTIE CHROME, AUCUNE FONCTION D&#039;ALIMENTATION, AUCUNE \u00c9TIQUETTE<\/span>. Certaines photos de ce MOC sont \u00e0 titre indicatif seulement<\/strong><\/li>\n<li>Service\u00a0: pi\u00e8ces de rechange gratuites<\/li>\n<li>Remarque : pas de bo\u00eete d&#039;origine, utilisez un sac \u00e0 bulles ou une bo\u00eete en carton vierge.<\/li>\n<\/ul>","protected":false},"featured_media":20979,"comment_status":"open","ping_status":"closed","template":"","meta":{"_acf_changed":false},"product_cat":[15],"product_tag":[],"class_list":["product","first","instock","shipping-taxable","purchasable","product-type-simple"],"acf":[],"_links":{"self":[{"href":"https:\/\/mouldking.store\/fr\/wp-json\/wp\/v2\/product\/20991","targetHints":{"allow":["GET"]}}],"collection":[{"href":"https:\/\/mouldking.store\/fr\/wp-json\/wp\/v2\/product"}],"about":[{"href":"https:\/\/mouldking.store\/fr\/wp-json\/wp\/v2\/types\/product"}],"replies":[{"embeddable":true,"href":"https:\/\/mouldking.store\/fr\/wp-json\/wp\/v2\/comments?post=20991"}],"wp:featuredmedia":[{"embeddable":true,"href":"https:\/\/mouldking.store\/fr\/wp-json\/wp\/v2\/media\/20979"}],"wp:attachment":[{"href":"https:\/\/mouldking.store\/fr\/wp-json\/wp\/v2\/media?parent=20991"}],"wp:term":[{"taxonomy":"product_cat","embeddable":true,"href":"https:\/\/mouldking.store\/fr\/wp-json\/wp\/v2\/product_cat?post=20991"},{"taxonomy":"product_tag","embeddable":true,"href":"https:\/\/mouldking.store\/fr\/wp-json\/wp\/v2\/product_tag?post=20991"}],"curies":[{"name":"wp","href":"https:\/\/api.w.org\/{rel}","templated":true}]}}