{"id":21043,"date":"2021-10-09T04:59:51","date_gmt":"2021-10-08T21:59:51","guid":{"rendered":"https:\/\/mouldking.store\/shop\/moc-49680-the-five-senses-creator-by-gabizon-mocfactory\/"},"modified":"2025-12-25T09:24:20","modified_gmt":"2025-12-25T02:24:20","slug":"moc-49680-the-five-senses-creator-by-gabizon-mocfactory","status":"publish","type":"product","link":"https:\/\/mouldking.store\/fr\/shop\/moc-49680-the-five-senses-creator-by-gabizon-mocfactory\/","title":{"rendered":"MOC-49680 Le cr\u00e9ateur des cinq sens par gabizon MOCFACTORY"},"content":{"rendered":"<p>Les cinq rep\u00e8res : Le mod\u00e8le est un mod\u00e8le instructif pour les \u00e9coles et les organisations qui ont besoin de transmettre un message et de montrer les jeunes de mani\u00e8re plus agr\u00e9able.<\/p>\n<p><a href=\"https:\/\/pay.lpwstore.com\/wp-content\/uploads\/2020\/09\/MOC-49680-The-Five-Senses-Creator-by-gabizon-MOCFACTORY.jpg\" target=\"_blank\" rel=\"noopener\"><img fetchpriority=\"high\" decoding=\"async\" class=\"aligncenter wp-image-196106 size-full\" title=\"MOC-49680-Cr\u00e9ateur-des-cinq-sens-par-gabizon-MOCFACTORY\" src=\"https:\/\/pay.lpwstore.com\/wp-content\/uploads\/2020\/09\/MOC-49680-The-Five-Senses-Creator-by-gabizon-MOCFACTORY.jpg\" alt=\"MOC-49680-The-Five-Senses-Creator-by-gabizon-MOCFACTORY\" width=\"800\" height=\"800\" \/><\/a><\/p>","protected":false},"excerpt":{"rendered":"<ul>\n<li>Inclure <strong>877+<\/strong> pi\u00e8ces<\/li>\n<li>Instruction PDF en ligne<\/li>\n<li>Bloc ABS de haute qualit\u00e9<\/li>\n<\/ul>","protected":false},"featured_media":21042,"comment_status":"open","ping_status":"closed","template":"","meta":{"_acf_changed":false},"product_cat":[371],"product_tag":[],"class_list":["product","first","instock","shipping-taxable","purchasable","product-type-simple"],"acf":[],"_links":{"self":[{"href":"https:\/\/mouldking.store\/fr\/wp-json\/wp\/v2\/product\/21043","targetHints":{"allow":["GET"]}}],"collection":[{"href":"https:\/\/mouldking.store\/fr\/wp-json\/wp\/v2\/product"}],"about":[{"href":"https:\/\/mouldking.store\/fr\/wp-json\/wp\/v2\/types\/product"}],"replies":[{"embeddable":true,"href":"https:\/\/mouldking.store\/fr\/wp-json\/wp\/v2\/comments?post=21043"}],"wp:featuredmedia":[{"embeddable":true,"href":"https:\/\/mouldking.store\/fr\/wp-json\/wp\/v2\/media\/21042"}],"wp:attachment":[{"href":"https:\/\/mouldking.store\/fr\/wp-json\/wp\/v2\/media?parent=21043"}],"wp:term":[{"taxonomy":"product_cat","embeddable":true,"href":"https:\/\/mouldking.store\/fr\/wp-json\/wp\/v2\/product_cat?post=21043"},{"taxonomy":"product_tag","embeddable":true,"href":"https:\/\/mouldking.store\/fr\/wp-json\/wp\/v2\/product_tag?post=21043"}],"curies":[{"name":"wp","href":"https:\/\/api.w.org\/{rel}","templated":true}]}}