{"id":21063,"date":"2021-10-09T05:00:24","date_gmt":"2021-10-08T22:00:24","guid":{"rendered":"https:\/\/mouldking.store\/shop\/moc-17299-shuttle-tydirium-display-stand-lego-75094-set-star-wars-by-barneius-mocfactory\/"},"modified":"2025-12-25T09:24:20","modified_gmt":"2025-12-25T02:24:20","slug":"moc-17299-shuttle-tydirium-display-stand-lego-75094-set-star-wars-by-barneius-mocfactory","status":"publish","type":"product","link":"https:\/\/mouldking.store\/fr\/shop\/moc-17299-shuttle-tydirium-display-stand-lego-75094-set-star-wars-by-barneius-mocfactory\/","title":{"rendered":"MOC-17299 Pr\u00e9sentoir Shuttle Tydirium - LEGO 75094 set Star Wars par barneius MOCFACTORY"},"content":{"rendered":"<div>Pr\u00e9sentez votre LEGO Imperial Shuttle Tydirium 75094 en mode vol sur ce pr\u00e9sentoir de style UCS.<\/div>\n<div><\/div>\n<div>Simple marche - simple arr\u00eat. Le support maintient le mod\u00e8le inamoviblement install\u00e9 et est vraiment stable. Aucun ajustement du premier ensemble LEGO requis. Envoyez simplement les ailes, mettez-les sur pied et appr\u00e9ciez l&#039;apparence de votre navette imp\u00e9riale alors qu&#039;elle se rapprochait d&#039;Endor\u00a0!<\/div>\n<div><\/div>\n<div>Voici \u00e0 quoi ressemble la camionnette sur le stand (la navette elle-m\u00eame est un MOC d\u00e9pendant du 75094).<\/div>\n<div><a href=\"https:\/\/pay.lpwstore.com\/wp-content\/uploads\/2020\/09\/MOC-17299-Shuttle-Tydirium-Display-Stand-LEGO-75094-set-Star-Wars-by-barneius-MOCFACTORY.jpg\" target=\"_blank\" rel=\"noopener\"><img fetchpriority=\"high\" decoding=\"async\" class=\"aligncenter wp-image-196188 size-full\" title=\"MOC-17299-Shuttle-Tydirium-Display-Stand---LEGO-75094-set-Star-Wars-by-barneius-MOCFACTORY\" src=\"https:\/\/pay.lpwstore.com\/wp-content\/uploads\/2020\/09\/MOC-17299-Shuttle-Tydirium-Display-Stand-LEGO-75094-set-Star-Wars-by-barneius-MOCFACTORY.jpg\" alt=\"MOC-17299-Shuttle-Tydirium-Display-Stand---LEGO-75094-set-Star-Wars-by-barneius-MOCFACTORY\" width=\"800\" height=\"800\" \/><\/a><\/div>","protected":false},"excerpt":{"rendered":"<ul>\n<li>Inclure <strong>124+<\/strong> pi\u00e8ces<\/li>\n<li>Instruction PDF en ligne<\/li>\n<li>Bloc ABS de haute qualit\u00e9<\/li>\n<\/ul>","protected":false},"featured_media":21062,"comment_status":"open","ping_status":"closed","template":"","meta":{"_acf_changed":false},"product_cat":[415],"product_tag":[],"class_list":["product","first","outofstock","shipping-taxable","purchasable","product-type-simple"],"acf":[],"_links":{"self":[{"href":"https:\/\/mouldking.store\/fr\/wp-json\/wp\/v2\/product\/21063","targetHints":{"allow":["GET"]}}],"collection":[{"href":"https:\/\/mouldking.store\/fr\/wp-json\/wp\/v2\/product"}],"about":[{"href":"https:\/\/mouldking.store\/fr\/wp-json\/wp\/v2\/types\/product"}],"replies":[{"embeddable":true,"href":"https:\/\/mouldking.store\/fr\/wp-json\/wp\/v2\/comments?post=21063"}],"wp:featuredmedia":[{"embeddable":true,"href":"https:\/\/mouldking.store\/fr\/wp-json\/wp\/v2\/media\/21062"}],"wp:attachment":[{"href":"https:\/\/mouldking.store\/fr\/wp-json\/wp\/v2\/media?parent=21063"}],"wp:term":[{"taxonomy":"product_cat","embeddable":true,"href":"https:\/\/mouldking.store\/fr\/wp-json\/wp\/v2\/product_cat?post=21063"},{"taxonomy":"product_tag","embeddable":true,"href":"https:\/\/mouldking.store\/fr\/wp-json\/wp\/v2\/product_tag?post=21063"}],"curies":[{"name":"wp","href":"https:\/\/api.w.org\/{rel}","templated":true}]}}