{"id":21128,"date":"2021-10-09T05:01:53","date_gmt":"2021-10-08T22:01:53","guid":{"rendered":"https:\/\/mouldking.store\/shop\/moc-45566-venator-class-republic-attack-cruiser-star-wars-by-red5-leader-mocfactory\/"},"modified":"2025-12-25T09:24:19","modified_gmt":"2025-12-25T02:24:19","slug":"moc-45566-venator-class-republic-attack-cruiser-star-wars-by-red5-leader-mocfactory","status":"publish","type":"product","link":"https:\/\/mouldking.store\/fr\/shop\/moc-45566-venator-class-republic-attack-cruiser-star-wars-by-red5-leader-mocfactory\/","title":{"rendered":"MOC-45566 Croiseur d&#039;attaque Venator Class Republic Star Wars par Red5-Leader MOCFACTORY"},"content":{"rendered":"<div style=\"text-align: left\">Les Venator sont l&#039;\u00e9norme mesure de moteurs, les \u00e9chafaudages jumeaux et le surplomb sous le bateau. rappelez-vous le greebling pour le c\u00f4t\u00e9 du bateau. Cela lui donne beaucoup plus de surface et le rend plus agr\u00e9able \u00e0 regarder.<\/div>\n<div style=\"text-align: left\"><\/div>\n<div style=\"text-align: left\">Cela ajoute \u00e9galement \u00e0 la sensation de taille du bateau lorsqu&#039;il est bien fait. assurez-vous que la ligne rouge sur la t\u00eate du bateau avait une touche de la forme en coin du mod\u00e8le d&#039;origine. inclure un stand dont le plan est mod\u00e9r\u00e9 et qui s&#039;occupe des affaires. il est tout sauf difficile d&#039;\u00e9liminer le bateau pour avoir la possibilit\u00e9 de le garder \u00e0 port\u00e9e de main afin d&#039;en observer d&#039;autant plus efficacement tous les points.<\/div>\n<div><a href=\"https:\/\/pay.lpwstore.com\/wp-content\/uploads\/2020\/10\/MOC-45566-Venator-Class-Republic-attack-cruiser-Star-Wars-by-Red5-Leader-MOCFACTORY.jpg\" target=\"_blank\" rel=\"noopener\"><img fetchpriority=\"high\" decoding=\"async\" class=\"aligncenter wp-image-196462 size-full\" title=\"MOC-45566-Venator-Class-Republic-attack-cruiser-Star-Wars-par-Red5-Leader-MOCFACTORY\" src=\"https:\/\/pay.lpwstore.com\/wp-content\/uploads\/2020\/10\/MOC-45566-Venator-Class-Republic-attack-cruiser-Star-Wars-by-Red5-Leader-MOCFACTORY.jpg\" alt=\"MOC-45566-Venator-Class-Republic-attack-cruiser-Star-Wars-by-Red5-Leader-MOCFACTORY\" width=\"800\" height=\"800\" \/><\/a> <img decoding=\"async\" class=\"alignnone size-full wp-image-196463 aligncenter\" src=\"https:\/\/pay.lpwstore.com\/wp-content\/uploads\/2020\/10\/MOC-45566-Venator-Class-Republic-attack-cruiser-Star-Wars-by-Red5-Leader-MOCFACTORY-2.jpg\" alt=\"MOC-45566-Venator-Class-Republic-attack-cruiser-Star-Wars-by-Red5-Leader-MOCFACTORY-2\" width=\"800\" height=\"800\" title=\"-\"> <img decoding=\"async\" class=\"alignnone size-full wp-image-196464 aligncenter\" src=\"https:\/\/pay.lpwstore.com\/wp-content\/uploads\/2020\/10\/MOC-45566-Venator-Class-Republic-attack-cruiser-Star-Wars-by-Red5-Leader-MOCFACTORY-3.jpg\" alt=\"MOC-45566-Venator-Class-Republic-attack-cruiser-Star-Wars-by-Red5-Leader-MOCFACTORY-3\" width=\"800\" height=\"800\" title=\"-\"> <img loading=\"lazy\" decoding=\"async\" class=\"alignnone size-full wp-image-196465 aligncenter\" src=\"https:\/\/pay.lpwstore.com\/wp-content\/uploads\/2020\/10\/MOC-45566-Venator-Class-Republic-attack-cruiser-Star-Wars-by-Red5-Leader-MOCFACTORY-4.jpg\" alt=\"MOC-45566-Venator-Class-Republic-attack-cruiser-Star-Wars-by-Red5-Leader-MOCFACTORY-4\" width=\"800\" height=\"800\" title=\"-\"> <img loading=\"lazy\" decoding=\"async\" class=\"alignnone size-full wp-image-196466 aligncenter\" src=\"https:\/\/pay.lpwstore.com\/wp-content\/uploads\/2020\/10\/MOC-45566-Venator-Class-Republic-attack-cruiser-Star-Wars-by-Red5-Leader-MOCFACTORY-5.jpg\" alt=\"MOC-45566-Venator-Class-Republic-attack-cruiser-Star-Wars-by-Red5-Leader-MOCFACTORY-5\" width=\"800\" height=\"800\" title=\"-\"><\/div>","protected":false},"excerpt":{"rendered":"<ul>\n<li>Inclure <strong>908+<\/strong> pi\u00e8ces<\/li>\n<li>Instruction PDF en ligne<\/li>\n<li>Bloc ABS de haute qualit\u00e9<\/li>\n<\/ul>","protected":false},"featured_media":21123,"comment_status":"open","ping_status":"closed","template":"","meta":{"_acf_changed":false},"product_cat":[415],"product_tag":[],"class_list":["product","first","instock","shipping-taxable","purchasable","product-type-simple"],"acf":[],"_links":{"self":[{"href":"https:\/\/mouldking.store\/fr\/wp-json\/wp\/v2\/product\/21128","targetHints":{"allow":["GET"]}}],"collection":[{"href":"https:\/\/mouldking.store\/fr\/wp-json\/wp\/v2\/product"}],"about":[{"href":"https:\/\/mouldking.store\/fr\/wp-json\/wp\/v2\/types\/product"}],"replies":[{"embeddable":true,"href":"https:\/\/mouldking.store\/fr\/wp-json\/wp\/v2\/comments?post=21128"}],"wp:featuredmedia":[{"embeddable":true,"href":"https:\/\/mouldking.store\/fr\/wp-json\/wp\/v2\/media\/21123"}],"wp:attachment":[{"href":"https:\/\/mouldking.store\/fr\/wp-json\/wp\/v2\/media?parent=21128"}],"wp:term":[{"taxonomy":"product_cat","embeddable":true,"href":"https:\/\/mouldking.store\/fr\/wp-json\/wp\/v2\/product_cat?post=21128"},{"taxonomy":"product_tag","embeddable":true,"href":"https:\/\/mouldking.store\/fr\/wp-json\/wp\/v2\/product_tag?post=21128"}],"curies":[{"name":"wp","href":"https:\/\/api.w.org\/{rel}","templated":true}]}}