{"id":21192,"date":"2021-10-09T05:03:42","date_gmt":"2021-10-08T22:03:42","guid":{"rendered":"https:\/\/mouldking.store\/shop\/moc-50143-lego-moc-sw-base-outpost-on-tatooine-star-wars-by-mocopolis-mocfactory\/"},"modified":"2025-12-25T09:24:13","modified_gmt":"2025-12-25T02:24:13","slug":"moc-50143-lego-moc-sw-base-outpost-on-tatooine-star-wars-by-mocopolis-mocfactory","status":"publish","type":"product","link":"https:\/\/mouldking.store\/fr\/shop\/moc-50143-lego-moc-sw-base-outpost-on-tatooine-star-wars-by-mocopolis-mocfactory\/","title":{"rendered":"MOC-50143 LEGO MOC SW Base (avant-poste) sur Tatooine Star Wars par MOCOPOLIS MOCFACTORY"},"content":{"rendered":"<div style=\"text-align: left\">MOC-50143 LEGO MOC Star Wars Base (avant-poste) sur Tatooin. Avec la chute de la station imp\u00e9riale dans les ast\u00e9ro\u00efdes de Vergesso, la troisi\u00e8me bataille de Tatooine a commenc\u00e9 lorsque l&#039;armada de l&#039;Alliance s&#039;est d\u00e9plac\u00e9e des rochers spatiaux de Vergesso vers Tatooine.<\/div>\n<div><a href=\"https:\/\/pay.lpwstore.com\/wp-content\/uploads\/2020\/10\/MOC-50143-LEGO-MOC-SW-Base-Outpost-on-Tatooine-Star-Wars-by-MOCOPOLIS-MOCFACTORY.jpg\" target=\"_blank\" rel=\"noopener\"><img fetchpriority=\"high\" decoding=\"async\" class=\"aligncenter wp-image-196942 size-full\" title=\"MOC-50143-LEGO-MOC-SW-Base-(Avant-poste)-sur-Tatooine-Star-Wars-par-MOCOPOLIS-MOCFACTORY\" src=\"https:\/\/pay.lpwstore.com\/wp-content\/uploads\/2020\/10\/MOC-50143-LEGO-MOC-SW-Base-Outpost-on-Tatooine-Star-Wars-by-MOCOPOLIS-MOCFACTORY.jpg\" alt=\"MOC-50143-LEGO-MOC-SW-Base-(Outpost)-on-Tatooine-Star-Wars-by-MOCOPOLIS-MOCFACTORY\" width=\"800\" height=\"800\" \/><\/a> <img decoding=\"async\" class=\"alignnone size-full wp-image-196943 aligncenter\" src=\"https:\/\/pay.lpwstore.com\/wp-content\/uploads\/2020\/10\/MOC-50143-LEGO-MOC-SW-Base-Outpost-on-Tatooine-Star-Wars-by-MOCOPOLIS-MOCFACTORY-2.jpg\" alt=\"MOC-50143-LEGO-MOC-SW-Base-(Outpost)-on-Tatooine-Star-Wars-by-MOCOPOLIS-MOCFACTORY-2\" width=\"800\" height=\"800\" title=\"-\"> <img decoding=\"async\" class=\"alignnone size-full wp-image-196944 aligncenter\" src=\"https:\/\/pay.lpwstore.com\/wp-content\/uploads\/2020\/10\/MOC-50143-LEGO-MOC-SW-Base-Outpost-on-Tatooine-Star-Wars-by-MOCOPOLIS-MOCFACTORY-3.jpg\" alt=\"MOC-50143-LEGO-MOC-SW-Base-(Outpost)-on-Tatooine-Star-Wars-by-MOCOPOLIS-MOCFACTORY-3\" width=\"800\" height=\"800\" title=\"-\"><\/div>","protected":false},"excerpt":{"rendered":"<ul>\n<li>Inclure <strong>2643+<\/strong> pi\u00e8ces<\/li>\n<li>Instruction PDF en ligne<\/li>\n<li>Bloc ABS de haute qualit\u00e9<\/li>\n<\/ul>","protected":false},"featured_media":21189,"comment_status":"open","ping_status":"closed","template":"","meta":{"_acf_changed":false},"product_cat":[415],"product_tag":[],"class_list":["product","first","outofstock","shipping-taxable","purchasable","product-type-simple"],"acf":[],"_links":{"self":[{"href":"https:\/\/mouldking.store\/fr\/wp-json\/wp\/v2\/product\/21192","targetHints":{"allow":["GET"]}}],"collection":[{"href":"https:\/\/mouldking.store\/fr\/wp-json\/wp\/v2\/product"}],"about":[{"href":"https:\/\/mouldking.store\/fr\/wp-json\/wp\/v2\/types\/product"}],"replies":[{"embeddable":true,"href":"https:\/\/mouldking.store\/fr\/wp-json\/wp\/v2\/comments?post=21192"}],"wp:featuredmedia":[{"embeddable":true,"href":"https:\/\/mouldking.store\/fr\/wp-json\/wp\/v2\/media\/21189"}],"wp:attachment":[{"href":"https:\/\/mouldking.store\/fr\/wp-json\/wp\/v2\/media?parent=21192"}],"wp:term":[{"taxonomy":"product_cat","embeddable":true,"href":"https:\/\/mouldking.store\/fr\/wp-json\/wp\/v2\/product_cat?post=21192"},{"taxonomy":"product_tag","embeddable":true,"href":"https:\/\/mouldking.store\/fr\/wp-json\/wp\/v2\/product_tag?post=21192"}],"curies":[{"name":"wp","href":"https:\/\/api.w.org\/{rel}","templated":true}]}}