{"id":21223,"date":"2021-10-09T05:04:18","date_gmt":"2021-10-08T22:04:18","guid":{"rendered":"https:\/\/mouldking.store\/shop\/moc-0261-ucs-juggernaut-star-wars-by-aniomylone-moc-factory\/"},"modified":"2025-12-25T09:24:12","modified_gmt":"2025-12-25T02:24:12","slug":"moc-0261-ucs-juggernaut-star-wars-by-aniomylone-moc-factory","status":"publish","type":"product","link":"https:\/\/mouldking.store\/fr\/shop\/moc-0261-ucs-juggernaut-star-wars-by-aniomylone-moc-factory\/","title":{"rendered":"MOC-0261 UCS Juggernaut Star Wars par Aniomylone MOC FACTORY"},"content":{"rendered":"<p style=\"text-align: left\">MOC-0261 UCS Juggernaut Star Wars par Aniomylone MOC FACTORY est un ensemble de la collection Star Wars, con\u00e7u par Aniomylone. Ce MOC 0261 est livr\u00e9 avec des instructions PDF faciles \u00e0 construire et \u00e0 trouver les pi\u00e8ces manquantes. L&#039;ensemble contient <strong>1497<\/strong> morceaux, sortis pour la premi\u00e8re fois en 2020.<\/p>\n<p style=\"text-align: left\">MOC-0261 UCS Juggernaut est bas\u00e9 sur Star Wars - une c\u00e9l\u00e8bre s\u00e9rie de films.<\/p>\n<p><a href=\"https:\/\/pay.lpwstore.com\/wp-content\/uploads\/2020\/10\/MOC-0261-UCS-Juggernaut-Star-Wars-by-Aniomylone-MOC-FACTORY-2.jpg\" target=\"_blank\" rel=\"noopener\"><img fetchpriority=\"high\" decoding=\"async\" class=\"aligncenter wp-image-197025 size-full\" title=\"MOC-0261-UCS-Juggernaut-Star-Wars-par-Aniomylone-MOC-FACTORY-2\" src=\"https:\/\/pay.lpwstore.com\/wp-content\/uploads\/2020\/10\/MOC-0261-UCS-Juggernaut-Star-Wars-by-Aniomylone-MOC-FACTORY-2.jpg\" alt=\"MOC-0261-UCS-Juggernaut-Star-Wars-by-Aniomylone-MOC-FACTORY-2\" width=\"800\" height=\"800\" \/><\/a> <img decoding=\"async\" class=\"alignnone size-full wp-image-197024 aligncenter\" src=\"https:\/\/pay.lpwstore.com\/wp-content\/uploads\/2020\/10\/MOC-0261-UCS-Juggernaut-Star-Wars-by-Aniomylone-MOC-FACTORY.jpg\" alt=\"MOC-0261-UCS-Juggernaut-Star-Wars-by-Aniomylone-MOC-FACTORY\" width=\"800\" height=\"800\" title=\"-\"><\/p>","protected":false},"excerpt":{"rendered":"<ul>\n<li>Inclure <strong>1497+<\/strong> pi\u00e8ces<\/li>\n<li>Instruction PDF en ligne<\/li>\n<li>Bloc ABS de haute qualit\u00e9<\/li>\n<\/ul>","protected":false},"featured_media":21221,"comment_status":"open","ping_status":"closed","template":"","meta":{"_acf_changed":false},"product_cat":[415],"product_tag":[],"class_list":["product","first","instock","shipping-taxable","purchasable","product-type-simple"],"acf":[],"_links":{"self":[{"href":"https:\/\/mouldking.store\/fr\/wp-json\/wp\/v2\/product\/21223","targetHints":{"allow":["GET"]}}],"collection":[{"href":"https:\/\/mouldking.store\/fr\/wp-json\/wp\/v2\/product"}],"about":[{"href":"https:\/\/mouldking.store\/fr\/wp-json\/wp\/v2\/types\/product"}],"replies":[{"embeddable":true,"href":"https:\/\/mouldking.store\/fr\/wp-json\/wp\/v2\/comments?post=21223"}],"wp:featuredmedia":[{"embeddable":true,"href":"https:\/\/mouldking.store\/fr\/wp-json\/wp\/v2\/media\/21221"}],"wp:attachment":[{"href":"https:\/\/mouldking.store\/fr\/wp-json\/wp\/v2\/media?parent=21223"}],"wp:term":[{"taxonomy":"product_cat","embeddable":true,"href":"https:\/\/mouldking.store\/fr\/wp-json\/wp\/v2\/product_cat?post=21223"},{"taxonomy":"product_tag","embeddable":true,"href":"https:\/\/mouldking.store\/fr\/wp-json\/wp\/v2\/product_tag?post=21223"}],"curies":[{"name":"wp","href":"https:\/\/api.w.org\/{rel}","templated":true}]}}