{"id":21477,"date":"2021-10-09T05:08:56","date_gmt":"2021-10-08T22:08:56","guid":{"rendered":"https:\/\/mouldking.store\/shop\/moc-29532-friends-the-television-series-monicas-apartme-creator-expert-by-momatteo79-moc-factory\/"},"modified":"2025-12-25T09:24:03","modified_gmt":"2025-12-25T02:24:03","slug":"moc-29532-friends-the-television-series-monicas-apartme-creator-expert-by-momatteo79-moc-factory","status":"publish","type":"product","link":"https:\/\/mouldking.store\/fr\/shop\/moc-29532-friends-the-television-series-monicas-apartme-creator-expert-by-momatteo79-moc-factory\/","title":{"rendered":"MOC-29532 Friends ~ The Television Series - Monica&#039;s Apartme Creator Expert par MOMAtteo79 MOC FACTORY"},"content":{"rendered":"<h2 style=\"text-align: center\"><strong>MOC-29532 Friends ~ The Television Series - Monica&#039;s Apartme Creator Expert par MOMAtteo79 MOC FACTORY<\/strong><\/h2>\n<p><strong>MOC-29532 Friends ~ The Television Series - Monica&#039;s Apartme Creator Expert par MOMAtteo79 MOC FACTORY<\/strong> est un ensemble de la collection Constructions Modulaires. Ce\u00a0<strong>COM<\/strong> <strong>29532 <\/strong>est livr\u00e9 avec des instructions PDF faciles \u00e0 construire et \u00e0 trouver les pi\u00e8ces manquantes. L&#039;ensemble contient 894 pi\u00e8ces, sorties pour la premi\u00e8re fois en 2020.<\/p>\n<figure id=\"attachment_198092\" aria-describedby=\"caption-attachment-198092\" style=\"width: 800px\" class=\"wp-caption alignnone\"><a href=\"https:\/\/pay.lpwstore.com\/wp-content\/uploads\/2020\/11\/MOC-29532.1.jpg\" target=\"_blank\" rel=\"noopener\"><img fetchpriority=\"high\" decoding=\"async\" class=\"wp-image-198092 size-full\" title=\"MOC-29532 Friends ~ The Television Series - Monica&#039;s Apartme Creator Expert par MOMAtteo79 MOC FACTORY\" src=\"https:\/\/pay.lpwstore.com\/wp-content\/uploads\/2020\/11\/MOC-29532.1.jpg\" alt=\"MOC-29532 Friends ~ The Television Series \u2013 Monica\u2019s Apartme Creator Expert by MOMAtteo79 MOC FACTORY\" width=\"800\" height=\"800\" \/><\/a><figcaption id=\"caption-attachment-198092\" class=\"wp-caption-text\">MOC-29532 Friends ~ The Television Series - Monica&#039;s Apartme Creator Expert par MOMAtteo79 MOC FACTORY<\/figcaption><\/figure>\n<p><img decoding=\"async\" class=\"wp-image-198091 size-full\" src=\"https:\/\/pay.lpwstore.com\/wp-content\/uploads\/2020\/11\/MOC-29532.2.jpg\" alt=\"MOC-29532 Friends ~ The Television Series \u2013 Monica\u2019s Apartme Creator Expert by MOMAtteo79 MOC FACTORY\" width=\"800\" height=\"800\" title=\"-\"><\/p>\n<p><img decoding=\"async\" class=\"alignnone size-full wp-image-198090\" src=\"https:\/\/pay.lpwstore.com\/wp-content\/uploads\/2020\/11\/MOC-29532.3.jpg\" alt=\"-\" width=\"800\" height=\"800\" title=\"-\"><\/p>\n<p><img loading=\"lazy\" decoding=\"async\" class=\"alignnone size-full wp-image-198089\" src=\"https:\/\/pay.lpwstore.com\/wp-content\/uploads\/2020\/11\/MOC-29532.4.jpg\" alt=\"-\" width=\"800\" height=\"800\" title=\"-\"><\/p>","protected":false},"excerpt":{"rendered":"<ul>\n<li>Inclure\u00a0<b>894+<\/b>\u00a0pi\u00e8ces<\/li>\n<li>Instruction PDF en ligne<\/li>\n<li>Bloc ABS de haute qualit\u00e9<\/li>\n<\/ul>","protected":false},"featured_media":21472,"comment_status":"open","ping_status":"closed","template":"","meta":{"_acf_changed":false},"product_cat":[371],"product_tag":[],"class_list":["product","first","instock","shipping-taxable","purchasable","product-type-simple"],"acf":[],"_links":{"self":[{"href":"https:\/\/mouldking.store\/fr\/wp-json\/wp\/v2\/product\/21477","targetHints":{"allow":["GET"]}}],"collection":[{"href":"https:\/\/mouldking.store\/fr\/wp-json\/wp\/v2\/product"}],"about":[{"href":"https:\/\/mouldking.store\/fr\/wp-json\/wp\/v2\/types\/product"}],"replies":[{"embeddable":true,"href":"https:\/\/mouldking.store\/fr\/wp-json\/wp\/v2\/comments?post=21477"}],"wp:featuredmedia":[{"embeddable":true,"href":"https:\/\/mouldking.store\/fr\/wp-json\/wp\/v2\/media\/21472"}],"wp:attachment":[{"href":"https:\/\/mouldking.store\/fr\/wp-json\/wp\/v2\/media?parent=21477"}],"wp:term":[{"taxonomy":"product_cat","embeddable":true,"href":"https:\/\/mouldking.store\/fr\/wp-json\/wp\/v2\/product_cat?post=21477"},{"taxonomy":"product_tag","embeddable":true,"href":"https:\/\/mouldking.store\/fr\/wp-json\/wp\/v2\/product_tag?post=21477"}],"curies":[{"name":"wp","href":"https:\/\/api.w.org\/{rel}","templated":true}]}}