{"id":21507,"date":"2021-10-09T05:09:24","date_gmt":"2021-10-08T22:09:24","guid":{"rendered":"https:\/\/mouldking.store\/shop\/moc-21803-mad-max-mfp-patrol-interceptor-movie-by-mkibs-moc-factory\/"},"modified":"2025-12-25T09:24:02","modified_gmt":"2025-12-25T02:24:02","slug":"moc-21803-mad-max-mfp-patrol-interceptor-movie-by-mkibs-moc-factory","status":"publish","type":"product","link":"https:\/\/mouldking.store\/fr\/shop\/moc-21803-mad-max-mfp-patrol-interceptor-movie-by-mkibs-moc-factory\/","title":{"rendered":"MOC-21803 Mad Max MFP Patrol Interceptor Film par mkibs MOC FACTORY"},"content":{"rendered":"<p><strong>MOC-21803 Mad Max MFP Patrol Interceptor Film par mkibs MOC FACTORY<\/strong>\u00a0est un ensemble de la collection Movie. Ce\u00a0<strong>COM<\/strong> <strong>21803 <\/strong>est livr\u00e9 avec des instructions PDF faciles \u00e0 construire et \u00e0 trouver les pi\u00e8ces manquantes. L&#039;ensemble contient 255 pi\u00e8ces, sorties pour la premi\u00e8re fois en 2020.<\/p>\n<figure id=\"attachment_198170\" aria-describedby=\"caption-attachment-198170\" style=\"width: 800px\" class=\"wp-caption aligncenter\"><a href=\"https:\/\/pay.lpwstore.com\/wp-content\/uploads\/2020\/11\/MOC-21803-2.jpg\" target=\"_blank\" rel=\"noopener\"><img fetchpriority=\"high\" decoding=\"async\" class=\"wp-image-198170 size-full\" title=\"MOC-21803 Mad Max MFP Patrol Interceptor Film par mkibs MOC FACTORY\" src=\"https:\/\/pay.lpwstore.com\/wp-content\/uploads\/2020\/11\/MOC-21803-2.jpg\" alt=\"MOC-21803 Mad Max MFP Patrol Interceptor Movie by mkibs MOC FACTORY\" width=\"800\" height=\"800\" \/><\/a><figcaption id=\"caption-attachment-198170\" class=\"wp-caption-text\">MOC-21803 Mad Max MFP Patrol Interceptor Film par mkibs MOC FACTORY<\/figcaption><\/figure>","protected":false},"excerpt":{"rendered":"<ul>\n<li>Inclure\u00a0<b>255<\/b><strong>+<\/strong>\u00a0pi\u00e8ces<\/li>\n<li>Instruction manuelle<\/li>\n<li>Bloc ABS de haute qualit\u00e9<\/li>\n<li>Pas de boite d&#039;origine<\/li>\n<\/ul>","protected":false},"featured_media":21506,"comment_status":"open","ping_status":"closed","template":"","meta":{"_acf_changed":false},"product_cat":[581],"product_tag":[],"class_list":["product","first","outofstock","shipping-taxable","purchasable","product-type-simple"],"acf":[],"_links":{"self":[{"href":"https:\/\/mouldking.store\/fr\/wp-json\/wp\/v2\/product\/21507","targetHints":{"allow":["GET"]}}],"collection":[{"href":"https:\/\/mouldking.store\/fr\/wp-json\/wp\/v2\/product"}],"about":[{"href":"https:\/\/mouldking.store\/fr\/wp-json\/wp\/v2\/types\/product"}],"replies":[{"embeddable":true,"href":"https:\/\/mouldking.store\/fr\/wp-json\/wp\/v2\/comments?post=21507"}],"wp:featuredmedia":[{"embeddable":true,"href":"https:\/\/mouldking.store\/fr\/wp-json\/wp\/v2\/media\/21506"}],"wp:attachment":[{"href":"https:\/\/mouldking.store\/fr\/wp-json\/wp\/v2\/media?parent=21507"}],"wp:term":[{"taxonomy":"product_cat","embeddable":true,"href":"https:\/\/mouldking.store\/fr\/wp-json\/wp\/v2\/product_cat?post=21507"},{"taxonomy":"product_tag","embeddable":true,"href":"https:\/\/mouldking.store\/fr\/wp-json\/wp\/v2\/product_tag?post=21507"}],"curies":[{"name":"wp","href":"https:\/\/api.w.org\/{rel}","templated":true}]}}