{"id":21538,"date":"2021-10-09T05:09:51","date_gmt":"2021-10-08T22:09:51","guid":{"rendered":"https:\/\/mouldking.store\/shop\/moc-90053-mos-eisley-spaceport-falcon-landspeeder-star-wars-moc-factory\/"},"modified":"2025-12-25T09:23:57","modified_gmt":"2025-12-25T02:23:57","slug":"moc-90053-mos-eisley-spaceport-falcon-landspeeder-star-wars-moc-factory","status":"publish","type":"product","link":"https:\/\/mouldking.store\/fr\/shop\/moc-90053-mos-eisley-spaceport-falcon-landspeeder-star-wars-moc-factory\/","title":{"rendered":"MOC-90053 Mos Eisley Spaceport + Faucon + Landspeeder Star Wars MOC FACTORY"},"content":{"rendered":"<p>MOC-90053 Mos Eisley Spaceport + Falcon + Landspeeder Star Wars MOC FACTORY est un ensemble de la collection Star Wars. Ce MOC 90053 est livr\u00e9 avec des instructions PDF faciles \u00e0 construire et \u00e0 trouver les pi\u00e8ces manquantes. L&#039;ensemble contient plus de 6699 pi\u00e8ces, publi\u00e9es pour la premi\u00e8re fois en 2020.<\/p>\n<figure id=\"attachment_198385\" aria-describedby=\"caption-attachment-198385\" style=\"width: 800px\" class=\"wp-caption aligncenter\"><a href=\"https:\/\/pay.lpwstore.com\/wp-content\/uploads\/2020\/11\/MOC-90053-Mos-Eisley-Spaceport-Falcon-Landspeeder-Star-Wars-MOC-FACTORY.jpg\" target=\"_blank\" rel=\"noopener\"><img fetchpriority=\"high\" decoding=\"async\" class=\"wp-image-198385 size-full\" title=\"MOC-90053 Mos Eisley Spaceport + Faucon + Landspeeder Star Wars MOC FACTORY\" src=\"https:\/\/pay.lpwstore.com\/wp-content\/uploads\/2020\/11\/MOC-90053-Mos-Eisley-Spaceport-Falcon-Landspeeder-Star-Wars-MOC-FACTORY.jpg\" alt=\"MOC-90053 Mos Eisley Spaceport + Falcon + Landspeeder Star Wars MOC FACTORY\" width=\"800\" height=\"800\" \/><\/a><figcaption id=\"caption-attachment-198385\" class=\"wp-caption-text\">MOC-90053 Mos Eisley Spaceport + Faucon + Landspeeder Star Wars MOC FACTORY<\/figcaption><\/figure>\n<p><img decoding=\"async\" class=\"size-medium wp-image-198386 aligncenter\" src=\"https:\/\/pay.lpwstore.com\/wp-content\/uploads\/2020\/11\/MOC-90053-Mos-Eisley-Spaceport-Falcon-Landspeeder-Star-Wars-MOC-FACTORY-2.jpg\" alt=\"-\" width=\"800\" height=\"800\" title=\"-\"><\/p>","protected":false},"excerpt":{"rendered":"<p>Cet ensemble est la combinaison de MOC 41406 Mos Eisley Spaceport from A New Hope &amp; MOC 24884 stifos - Millennium-Falcon &amp; MOC-41385 Luke&#039;s X-34 SoroSuub Landspeeder<\/p>\n<ul>\n<li>Inclure 6699+ pi\u00e8ces<\/li>\n<li>Instruction PDF en ligne<\/li>\n<li>Bloc ABS de haute qualit\u00e9<\/li>\n<\/ul>","protected":false},"featured_media":21536,"comment_status":"open","ping_status":"closed","template":"","meta":{"_acf_changed":false},"product_cat":[415],"product_tag":[],"class_list":["product","first","outofstock","shipping-taxable","purchasable","product-type-simple"],"acf":[],"_links":{"self":[{"href":"https:\/\/mouldking.store\/fr\/wp-json\/wp\/v2\/product\/21538","targetHints":{"allow":["GET"]}}],"collection":[{"href":"https:\/\/mouldking.store\/fr\/wp-json\/wp\/v2\/product"}],"about":[{"href":"https:\/\/mouldking.store\/fr\/wp-json\/wp\/v2\/types\/product"}],"replies":[{"embeddable":true,"href":"https:\/\/mouldking.store\/fr\/wp-json\/wp\/v2\/comments?post=21538"}],"wp:featuredmedia":[{"embeddable":true,"href":"https:\/\/mouldking.store\/fr\/wp-json\/wp\/v2\/media\/21536"}],"wp:attachment":[{"href":"https:\/\/mouldking.store\/fr\/wp-json\/wp\/v2\/media?parent=21538"}],"wp:term":[{"taxonomy":"product_cat","embeddable":true,"href":"https:\/\/mouldking.store\/fr\/wp-json\/wp\/v2\/product_cat?post=21538"},{"taxonomy":"product_tag","embeddable":true,"href":"https:\/\/mouldking.store\/fr\/wp-json\/wp\/v2\/product_tag?post=21538"}],"curies":[{"name":"wp","href":"https:\/\/api.w.org\/{rel}","templated":true}]}}