{"id":21567,"date":"2021-10-09T05:10:12","date_gmt":"2021-10-09T05:10:12","guid":{"rendered":"https:\/\/mouldking.store\/shop\/moc-38954-jurassic-park-skyline-movie-by-benbuildslego-moc-factory\/"},"modified":"2025-12-25T09:23:56","modified_gmt":"2025-12-25T02:23:56","slug":"moc-38954-jurassic-park-skyline-movie-by-benbuildslego-moc-factory","status":"publish","type":"product","link":"https:\/\/mouldking.store\/fr\/shop\/moc-38954-jurassic-park-skyline-movie-by-benbuildslego-moc-factory\/","title":{"rendered":"MOC-38954 Film Jurassic Park Skyline par benbuildslego MOC FACTORY"},"content":{"rendered":"<p>MOC-38954 Film Jurassic Park Skyline par benbuildslego MOC FACTORY est un ensemble de la collection Movie, con\u00e7u par benbuildslego. Ce MOC 38954 est livr\u00e9 avec des instructions PDF faciles \u00e0 construire et \u00e0 trouver les pi\u00e8ces manquantes. L&#039;ensemble contient 473 pi\u00e8ces, sorties pour la premi\u00e8re fois en 2020.<\/p>\n<p>Cet ensemble comprend :<\/p>\n<ul>\n<li>Aire d&#039;atterrissage pour h\u00e9licopt\u00e8re<\/li>\n<li>Centre d&#039;accueil des visiteurs de Jurassic Park<\/li>\n<li>Porte du parc jurassique<\/li>\n<li>&quot;C&#039;est un gros tas de s#*t&quot;<\/li>\n<li>Stylo Raptor<\/li>\n<li>Stylo Tyrannosaure rex<\/li>\n<\/ul>\n<figure id=\"attachment_198452\" class=\"wp-caption aligncenter\" style=\"width: 800px\" aria-describedby=\"caption-attachment-198452\">\n<p><figure id=\"attachment_28261\" aria-describedby=\"caption-attachment-28261\" style=\"width: 800px\" class=\"wp-caption aligncenter\"><img fetchpriority=\"high\" decoding=\"async\" class=\"wp-image-28261 size-full\" src=\"https:\/\/mocfactory.com\/wp-content\/uploads\/2020\/12\/MOC-38954-Jurassic-Park-Skyline-Movie-by-benbuildslego-MOC-FACTORY.jpg\" alt=\"MOC-38954 Movie Jurassic Park Skyline Designer benbuildslego MOC FACTORY\" width=\"800\" height=\"800\" title=\"-\"><figcaption id=\"caption-attachment-28261\" class=\"wp-caption-text\">MOC-38954 Film Jurassic Park Skyline Designer benbuildslego MOC FACTORY<\/figcaption><\/figure><\/figure>","protected":false},"excerpt":{"rendered":"<ul>\n<li>Inclure <strong>473+<\/strong> pi\u00e8ces<\/li>\n<li>Instruction PDF en ligne<\/li>\n<li>Bloc ABS de haute qualit\u00e9<\/li>\n<li>Temps d&#039;arrangement\u00a0: 4 \u00e0 8\u00a0semaines<\/li>\n<\/ul>","protected":false},"featured_media":21566,"comment_status":"open","ping_status":"closed","template":"","meta":{"_acf_changed":false},"product_cat":[581],"product_tag":[],"class_list":["product","first","instock","shipping-taxable","purchasable","product-type-simple"],"acf":[],"_links":{"self":[{"href":"https:\/\/mouldking.store\/fr\/wp-json\/wp\/v2\/product\/21567","targetHints":{"allow":["GET"]}}],"collection":[{"href":"https:\/\/mouldking.store\/fr\/wp-json\/wp\/v2\/product"}],"about":[{"href":"https:\/\/mouldking.store\/fr\/wp-json\/wp\/v2\/types\/product"}],"replies":[{"embeddable":true,"href":"https:\/\/mouldking.store\/fr\/wp-json\/wp\/v2\/comments?post=21567"}],"wp:featuredmedia":[{"embeddable":true,"href":"https:\/\/mouldking.store\/fr\/wp-json\/wp\/v2\/media\/21566"}],"wp:attachment":[{"href":"https:\/\/mouldking.store\/fr\/wp-json\/wp\/v2\/media?parent=21567"}],"wp:term":[{"taxonomy":"product_cat","embeddable":true,"href":"https:\/\/mouldking.store\/fr\/wp-json\/wp\/v2\/product_cat?post=21567"},{"taxonomy":"product_tag","embeddable":true,"href":"https:\/\/mouldking.store\/fr\/wp-json\/wp\/v2\/product_tag?post=21567"}],"curies":[{"name":"wp","href":"https:\/\/api.w.org\/{rel}","templated":true}]}}