{"id":21602,"date":"2021-10-09T05:10:39","date_gmt":"2021-10-08T22:10:39","guid":{"rendered":"https:\/\/mouldking.store\/shop\/moc-55496-desert-junk-store-5-for-a-modular-tatooine-star-wars-by-gabizon-moc-factory\/"},"modified":"2025-12-25T09:23:56","modified_gmt":"2025-12-25T02:23:56","slug":"moc-55496-desert-junk-store-5-for-a-modular-tatooine-star-wars-by-gabizon-moc-factory","status":"publish","type":"product","link":"https:\/\/mouldking.store\/fr\/shop\/moc-55496-desert-junk-store-5-for-a-modular-tatooine-star-wars-by-gabizon-moc-factory\/","title":{"rendered":"MOC-55496 Desert Junk Store #5 pour un Tatooine modulaire Star Wars par gabizon MOC FACTORY"},"content":{"rendered":"<p style=\"text-align: left\">MOC-55496 Desert Junk Store #5 pour un Tatooine Modulaire Star Wars par gabizon MOC FACTORY est un ensemble de la collection Star Wars, con\u00e7u par gabizon. Ce MOC 55496 est livr\u00e9 avec des instructions PDF faciles \u00e0 construire et \u00e0 trouver les pi\u00e8ces manquantes. L&#039;ensemble contient 544 pi\u00e8ces, sorties pour la premi\u00e8re fois en 2020.<\/p>\n<figure id=\"attachment_198541\" aria-describedby=\"caption-attachment-198541\" style=\"width: 800px\" class=\"wp-caption aligncenter\"><a href=\"https:\/\/pay.lpwstore.com\/wp-content\/uploads\/2020\/11\/MOC-55496-Desert-Junk-Store-5-for-a-Modular-Tatooine-Star-Wars-by-gabizon-MOC-FACTORY-2.jpg\" target=\"_blank\" rel=\"noopener\"><img fetchpriority=\"high\" decoding=\"async\" class=\"wp-image-198541 size-full\" title=\"MOC-55496 Desert Junk Store #5 pour un Tatooine modulaire Star Wars par gabizon MOC FACTORY\" src=\"https:\/\/pay.lpwstore.com\/wp-content\/uploads\/2020\/11\/MOC-55496-Desert-Junk-Store-5-for-a-Modular-Tatooine-Star-Wars-by-gabizon-MOC-FACTORY-2.jpg\" alt=\"MOC-55496 Desert Junk Store #5 for a Modular Tatooine Star Wars by gabizon MOC FACTORY\" width=\"800\" height=\"800\" \/><\/a><figcaption id=\"caption-attachment-198541\" class=\"wp-caption-text\">MOC-55496 Desert Junk Store #5 pour un Tatooine modulaire Star Wars par gabizon MOC FACTORY<\/figcaption><\/figure>\n<p><img decoding=\"async\" class=\"alignnone size-full wp-image-198540 aligncenter\" src=\"https:\/\/pay.lpwstore.com\/wp-content\/uploads\/2020\/11\/MOC-55496-Desert-Junk-Store-5-for-a-Modular-Tatooine-Star-Wars-by-gabizon-MOC-FACTORY.jpg\" alt=\"MOC-55496-Desert-Junk-Store-#5-for-a-Modular-Tatooine-Star-Wars-by-gabizon-MOC-FACTORY\" width=\"800\" height=\"800\" title=\"-\"><\/p>","protected":false},"excerpt":{"rendered":"<ul>\n<li>Inclure <strong>544+<\/strong> pi\u00e8ces<\/li>\n<li>Instruction PDF en ligne<\/li>\n<li>Bloc ABS de haute qualit\u00e9<\/li>\n<\/ul>","protected":false},"featured_media":21600,"comment_status":"open","ping_status":"closed","template":"","meta":{"_acf_changed":false},"product_cat":[415],"product_tag":[],"class_list":["product","first","instock","shipping-taxable","purchasable","product-type-simple"],"acf":[],"_links":{"self":[{"href":"https:\/\/mouldking.store\/fr\/wp-json\/wp\/v2\/product\/21602","targetHints":{"allow":["GET"]}}],"collection":[{"href":"https:\/\/mouldking.store\/fr\/wp-json\/wp\/v2\/product"}],"about":[{"href":"https:\/\/mouldking.store\/fr\/wp-json\/wp\/v2\/types\/product"}],"replies":[{"embeddable":true,"href":"https:\/\/mouldking.store\/fr\/wp-json\/wp\/v2\/comments?post=21602"}],"wp:featuredmedia":[{"embeddable":true,"href":"https:\/\/mouldking.store\/fr\/wp-json\/wp\/v2\/media\/21600"}],"wp:attachment":[{"href":"https:\/\/mouldking.store\/fr\/wp-json\/wp\/v2\/media?parent=21602"}],"wp:term":[{"taxonomy":"product_cat","embeddable":true,"href":"https:\/\/mouldking.store\/fr\/wp-json\/wp\/v2\/product_cat?post=21602"},{"taxonomy":"product_tag","embeddable":true,"href":"https:\/\/mouldking.store\/fr\/wp-json\/wp\/v2\/product_tag?post=21602"}],"curies":[{"name":"wp","href":"https:\/\/api.w.org\/{rel}","templated":true}]}}