{"id":21625,"date":"2021-10-09T05:10:55","date_gmt":"2021-10-09T05:10:55","guid":{"rendered":"https:\/\/mouldking.store\/shop\/moc-51794-3d-mini-masterpiece-the-great-wave-off-kanagawa-the-card-players-creator-by-beewiks-moc-factory\/"},"modified":"2025-12-25T09:23:56","modified_gmt":"2025-12-25T02:23:56","slug":"moc-51794-3d-mini-masterpiece-the-great-wave-off-kanagawa-the-card-players-creator-by-beewiks-moc-factory","status":"publish","type":"product","link":"https:\/\/mouldking.store\/fr\/shop\/moc-51794-3d-mini-masterpiece-the-great-wave-off-kanagawa-the-card-players-creator-by-beewiks-moc-factory\/","title":{"rendered":"MOC-51794 Mini chef-d&#039;\u0153uvre 3D \u2013 La grande vague au large de Kanagawa et le cr\u00e9ateur de joueurs de cartes par beewiks MOC FACTORY"},"content":{"rendered":"<p>MOC-51794 Mini chef-d&#039;\u0153uvre 3D - La grande vague au large de Kanagawa et les joueurs de cartes Creator par beewiks MOC FACTORY est un ensemble de la collection Creator, con\u00e7u par beewiks. Ce MOC 51794 est livr\u00e9 avec des instructions PDF faciles \u00e0 construire et \u00e0 trouver les pi\u00e8ces manquantes. L&#039;ensemble contient 267 pi\u00e8ces, sorties pour la premi\u00e8re fois en 2020.<\/p>\n<figure id=\"attachment_198572\" aria-describedby=\"caption-attachment-198572\" style=\"width: 800px\" class=\"wp-caption aligncenter\"><a href=\"https:\/\/pay.lpwstore.com\/wp-content\/uploads\/2020\/11\/MOC-51794-3D-Mini-Masterpiece-The-Great-Wave-Off-Kanagawa-The-Card-Players-Creator-by-beewiks-MOC-FACTORY.jpg\" target=\"_blank\" rel=\"noopener\"><img fetchpriority=\"high\" decoding=\"async\" class=\"wp-image-198572 size-full\" title=\"MOC-51794 Mini chef-d&#039;\u0153uvre 3D \u2013 La grande vague au large de Kanagawa et le cr\u00e9ateur de joueurs de cartes par beewiks MOC FACTORY\" src=\"https:\/\/pay.lpwstore.com\/wp-content\/uploads\/2020\/11\/MOC-51794-3D-Mini-Masterpiece-The-Great-Wave-Off-Kanagawa-The-Card-Players-Creator-by-beewiks-MOC-FACTORY.jpg\" alt=\"MOC-51794 3D Mini Masterpiece - The Great Wave Off Kanagawa &amp; The Card Players Creator by beewiks MOC FACTORY\" width=\"800\" height=\"800\" \/><\/a><figcaption id=\"caption-attachment-198572\" class=\"wp-caption-text\">MOC-51794 Mini chef-d&#039;\u0153uvre 3D \u2013 La grande vague au large de Kanagawa et le cr\u00e9ateur de joueurs de cartes par beewiks MOC FACTORY<\/figcaption><\/figure>","protected":false},"excerpt":{"rendered":"<ul>\n<li>Inclure <strong>267+<\/strong> pi\u00e8ces<\/li>\n<li>Instruction PDF en ligne<\/li>\n<li>Bloc ABS de haute qualit\u00e9<\/li>\n<\/ul>","protected":false},"featured_media":21624,"comment_status":"open","ping_status":"closed","template":"","meta":{"_acf_changed":false},"product_cat":[371],"product_tag":[],"class_list":["product","first","instock","shipping-taxable","purchasable","product-type-simple"],"acf":[],"_links":{"self":[{"href":"https:\/\/mouldking.store\/fr\/wp-json\/wp\/v2\/product\/21625","targetHints":{"allow":["GET"]}}],"collection":[{"href":"https:\/\/mouldking.store\/fr\/wp-json\/wp\/v2\/product"}],"about":[{"href":"https:\/\/mouldking.store\/fr\/wp-json\/wp\/v2\/types\/product"}],"replies":[{"embeddable":true,"href":"https:\/\/mouldking.store\/fr\/wp-json\/wp\/v2\/comments?post=21625"}],"wp:featuredmedia":[{"embeddable":true,"href":"https:\/\/mouldking.store\/fr\/wp-json\/wp\/v2\/media\/21624"}],"wp:attachment":[{"href":"https:\/\/mouldking.store\/fr\/wp-json\/wp\/v2\/media?parent=21625"}],"wp:term":[{"taxonomy":"product_cat","embeddable":true,"href":"https:\/\/mouldking.store\/fr\/wp-json\/wp\/v2\/product_cat?post=21625"},{"taxonomy":"product_tag","embeddable":true,"href":"https:\/\/mouldking.store\/fr\/wp-json\/wp\/v2\/product_tag?post=21625"}],"curies":[{"name":"wp","href":"https:\/\/api.w.org\/{rel}","templated":true}]}}