{"id":21653,"date":"2021-10-09T05:11:20","date_gmt":"2021-10-08T22:11:20","guid":{"rendered":"https:\/\/mouldking.store\/shop\/moc-21806-mad-max-pursuit-special-v8-interceptor-technic-by-mkibs-moc-factory\/"},"modified":"2025-12-25T09:23:55","modified_gmt":"2025-12-25T02:23:55","slug":"moc-21806-mad-max-pursuit-special-v8-interceptor-technic-by-mkibs-moc-factory","status":"publish","type":"product","link":"https:\/\/mouldking.store\/fr\/shop\/moc-21806-mad-max-pursuit-special-v8-interceptor-technic-by-mkibs-moc-factory\/","title":{"rendered":"MOC-21806 Mad Max &#039;Pursuit Special&#039; V8 Interceptor Technic par mkibs MOC FACTORY"},"content":{"rendered":"<p style=\"text-align: left\">MOC-21806 Mad Max &#039;Pursuit Special&#039; V8 Interceptor Movie de mkibs MOC FACTORY est un ensemble de la collection Movie, con\u00e7u par mkibs. Ce MOC 21806 est livr\u00e9 avec des instructions PDF faciles \u00e0 construire et \u00e0 trouver les pi\u00e8ces manquantes. L&#039;ensemble contient 252 pi\u00e8ces, sorties pour la premi\u00e8re fois en 2020.<\/p>\n<figure id=\"attachment_198602\" aria-describedby=\"caption-attachment-198602\" style=\"width: 800px\" class=\"wp-caption aligncenter\"><a href=\"https:\/\/pay.lpwstore.com\/wp-content\/uploads\/2020\/11\/MOC-21806-Mad-Max-Pursuit-Special-V8-Interceptor-Technic-by-mkibs-MOC-FACTORY.jpg\" target=\"_blank\" rel=\"noopener\"><img fetchpriority=\"high\" decoding=\"async\" class=\"wp-image-198602 size-full\" title=\"MOC-21806 Mad Max &#039;Pursuit Special&#039; V8 Interceptor Technic par mkibs MOC FACTORY\" src=\"https:\/\/pay.lpwstore.com\/wp-content\/uploads\/2020\/11\/MOC-21806-Mad-Max-Pursuit-Special-V8-Interceptor-Technic-by-mkibs-MOC-FACTORY.jpg\" alt=\"MOC-21806 Mad Max 'Pursuit Special' V8 Interceptor Technic by mkibs MOC FACTORY\" width=\"800\" height=\"800\" \/><\/a><figcaption id=\"caption-attachment-198602\" class=\"wp-caption-text\">MOC-21806 Mad Max &#039;Pursuit Special&#039; V8 Interceptor Technic par mkibs MOC FACTORY<\/figcaption><\/figure>\n<p><img decoding=\"async\" class=\"alignnone size-full wp-image-198603 aligncenter\" src=\"https:\/\/pay.lpwstore.com\/wp-content\/uploads\/2020\/11\/MOC-21806-Mad-Max-Pursuit-Special-V8-Interceptor-Technic-by-mkibs-MOC-FACTORY-2.jpg\" alt=\"-\" width=\"800\" height=\"800\" title=\"-\"> <img decoding=\"async\" class=\"alignnone size-full wp-image-198604 aligncenter\" src=\"https:\/\/pay.lpwstore.com\/wp-content\/uploads\/2020\/11\/MOC-21806-Mad-Max-Pursuit-Special-V8-Interceptor-Technic-by-mkibs-MOC-FACTORY-3.jpg\" alt=\"-\" width=\"800\" height=\"800\" title=\"-\"> <img loading=\"lazy\" decoding=\"async\" class=\"alignnone size-full wp-image-198605 aligncenter\" src=\"https:\/\/pay.lpwstore.com\/wp-content\/uploads\/2020\/11\/MOC-21806-Mad-Max-Pursuit-Special-V8-Interceptor-Technic-by-mkibs-MOC-FACTORY-4.jpg\" alt=\"-\" width=\"800\" height=\"800\" title=\"-\"> <img loading=\"lazy\" decoding=\"async\" class=\"alignnone size-full wp-image-198606 aligncenter\" src=\"https:\/\/pay.lpwstore.com\/wp-content\/uploads\/2020\/11\/MOC-21806-Mad-Max-Pursuit-Special-V8-Interceptor-Technic-by-mkibs-MOC-FACTORY-5.jpg\" alt=\"-\" width=\"800\" height=\"800\" title=\"-\"><\/p>","protected":false},"excerpt":{"rendered":"<ul>\n<li>Inclure <strong>252+<\/strong> pi\u00e8ces<\/li>\n<li>Instruction PDF en ligne<\/li>\n<li>Bloc ABS de haute qualit\u00e9<\/li>\n<\/ul>","protected":false},"featured_media":21648,"comment_status":"open","ping_status":"closed","template":"","meta":{"_acf_changed":false},"product_cat":[364],"product_tag":[],"class_list":["product","first","outofstock","shipping-taxable","purchasable","product-type-simple"],"acf":[],"_links":{"self":[{"href":"https:\/\/mouldking.store\/fr\/wp-json\/wp\/v2\/product\/21653","targetHints":{"allow":["GET"]}}],"collection":[{"href":"https:\/\/mouldking.store\/fr\/wp-json\/wp\/v2\/product"}],"about":[{"href":"https:\/\/mouldking.store\/fr\/wp-json\/wp\/v2\/types\/product"}],"replies":[{"embeddable":true,"href":"https:\/\/mouldking.store\/fr\/wp-json\/wp\/v2\/comments?post=21653"}],"wp:featuredmedia":[{"embeddable":true,"href":"https:\/\/mouldking.store\/fr\/wp-json\/wp\/v2\/media\/21648"}],"wp:attachment":[{"href":"https:\/\/mouldking.store\/fr\/wp-json\/wp\/v2\/media?parent=21653"}],"wp:term":[{"taxonomy":"product_cat","embeddable":true,"href":"https:\/\/mouldking.store\/fr\/wp-json\/wp\/v2\/product_cat?post=21653"},{"taxonomy":"product_tag","embeddable":true,"href":"https:\/\/mouldking.store\/fr\/wp-json\/wp\/v2\/product_tag?post=21653"}],"curies":[{"name":"wp","href":"https:\/\/api.w.org\/{rel}","templated":true}]}}