{"id":21664,"date":"2021-10-09T05:11:37","date_gmt":"2021-10-08T22:11:37","guid":{"rendered":"https:\/\/mouldking.store\/shop\/moc-48193-space-pirate-ship-arcadia-captain-harlock-albator-space-by-apenello-moc-factory\/"},"modified":"2025-12-25T09:23:55","modified_gmt":"2025-12-25T02:23:55","slug":"moc-48193-space-pirate-ship-arcadia-captain-harlock-albator-space-by-apenello-moc-factory","status":"publish","type":"product","link":"https:\/\/mouldking.store\/fr\/shop\/moc-48193-space-pirate-ship-arcadia-captain-harlock-albator-space-by-apenello-moc-factory\/","title":{"rendered":"MOC-48193 Space Pirate Ship Arcadia \u2013 Captain Harlock (Albator) Space par apenello MOC FACTORY"},"content":{"rendered":"<p style=\"text-align: left\">MOC-48193 Space Pirate Ship Arcadia \u2013 Capitaine Harlock (Albator) Space par apenello MOC FACTORY est un ensemble de la collection Space, con\u00e7u par apenello. Ce MOC 48193 est livr\u00e9 avec des instructions PDF faciles \u00e0 construire et \u00e0 trouver les pi\u00e8ces manquantes. L&#039;ensemble contient 2328 pi\u00e8ces, sorties pour la premi\u00e8re fois en 2020.<\/p>\n<figure id=\"attachment_198611\" aria-describedby=\"caption-attachment-198611\" style=\"width: 800px\" class=\"wp-caption aligncenter\"><a href=\"https:\/\/pay.lpwstore.com\/wp-content\/uploads\/2020\/11\/MOC-48193-Space-Pirate-Ship-Arcadia-Captain-Harlock-Albator-Space-by-apenello-MOC-FACTORY.jpg\" target=\"_blank\" rel=\"noopener\"><img fetchpriority=\"high\" decoding=\"async\" class=\"wp-image-198611 size-full\" title=\"MOC-48193 Space Pirate Ship Arcadia - Captain Harlock (Albator) Space par apenello MOC FACTORY\" src=\"https:\/\/pay.lpwstore.com\/wp-content\/uploads\/2020\/11\/MOC-48193-Space-Pirate-Ship-Arcadia-Captain-Harlock-Albator-Space-by-apenello-MOC-FACTORY.jpg\" alt=\"MOC-48193 Space Pirate Ship Arcadia - Captain Harlock (Albator) Space by apenello MOC FACTORY\" width=\"800\" height=\"800\" \/><\/a><figcaption id=\"caption-attachment-198611\" class=\"wp-caption-text\">MOC-48193 Space Pirate Ship Arcadia \u2013 Captain Harlock (Albator) Space par apenello MOC FACTORY<\/figcaption><\/figure>\n<p><img decoding=\"async\" class=\"alignnone size-full wp-image-198612 aligncenter\" src=\"https:\/\/pay.lpwstore.com\/wp-content\/uploads\/2020\/11\/MOC-48193-Space-Pirate-Ship-Arcadia-Captain-Harlock-Albator-Space-by-apenello-MOC-FACTORY-2.jpg\" alt=\"-\" width=\"800\" height=\"800\" title=\"-\"> <img decoding=\"async\" class=\"alignnone size-full wp-image-198613 aligncenter\" src=\"https:\/\/pay.lpwstore.com\/wp-content\/uploads\/2020\/11\/MOC-48193-Space-Pirate-Ship-Arcadia-Captain-Harlock-Albator-Space-by-apenello-MOC-FACTORY-3.jpg\" alt=\"-\" width=\"800\" height=\"800\" title=\"-\"> <img loading=\"lazy\" decoding=\"async\" class=\"alignnone size-full wp-image-198614 aligncenter\" src=\"https:\/\/pay.lpwstore.com\/wp-content\/uploads\/2020\/11\/MOC-48193-Space-Pirate-Ship-Arcadia-Captain-Harlock-Albator-Space-by-apenello-MOC-FACTORY-4.jpg\" alt=\"-\" width=\"800\" height=\"800\" title=\"-\"> <img loading=\"lazy\" decoding=\"async\" class=\"alignnone size-full wp-image-198615 aligncenter\" src=\"https:\/\/pay.lpwstore.com\/wp-content\/uploads\/2020\/11\/MOC-48193-Space-Pirate-Ship-Arcadia-Captain-Harlock-Albator-Space-by-apenello-MOC-FACTORY-5.jpg\" alt=\"-\" width=\"800\" height=\"800\" title=\"-\"> <img loading=\"lazy\" decoding=\"async\" class=\"alignnone size-full wp-image-198616 aligncenter\" src=\"https:\/\/pay.lpwstore.com\/wp-content\/uploads\/2020\/11\/MOC-48193-Space-Pirate-Ship-Arcadia-Captain-Harlock-Albator-Space-by-apenello-MOC-FACTORY-6.jpg\" alt=\"-\" width=\"800\" height=\"800\" title=\"-\"> <img loading=\"lazy\" decoding=\"async\" class=\"alignnone size-full wp-image-198617 aligncenter\" src=\"https:\/\/pay.lpwstore.com\/wp-content\/uploads\/2020\/11\/MOC-48193-Space-Pirate-Ship-Arcadia-Captain-Harlock-Albator-Space-by-apenello-MOC-FACTORY-7.jpg\" alt=\"-\" width=\"800\" height=\"800\" title=\"-\"><\/p>","protected":false},"excerpt":{"rendered":"<ul>\n<li>Inclure <strong>2328+<\/strong> pi\u00e8ces<\/li>\n<li>Instruction PDF en ligne<\/li>\n<li>Bloc ABS de haute qualit\u00e9<\/li>\n<\/ul>","protected":false},"featured_media":21657,"comment_status":"open","ping_status":"closed","template":"","meta":{"_acf_changed":false},"product_cat":[371],"product_tag":[],"class_list":["product","first","instock","shipping-taxable","purchasable","product-type-simple"],"acf":[],"_links":{"self":[{"href":"https:\/\/mouldking.store\/fr\/wp-json\/wp\/v2\/product\/21664","targetHints":{"allow":["GET"]}}],"collection":[{"href":"https:\/\/mouldking.store\/fr\/wp-json\/wp\/v2\/product"}],"about":[{"href":"https:\/\/mouldking.store\/fr\/wp-json\/wp\/v2\/types\/product"}],"replies":[{"embeddable":true,"href":"https:\/\/mouldking.store\/fr\/wp-json\/wp\/v2\/comments?post=21664"}],"wp:featuredmedia":[{"embeddable":true,"href":"https:\/\/mouldking.store\/fr\/wp-json\/wp\/v2\/media\/21657"}],"wp:attachment":[{"href":"https:\/\/mouldking.store\/fr\/wp-json\/wp\/v2\/media?parent=21664"}],"wp:term":[{"taxonomy":"product_cat","embeddable":true,"href":"https:\/\/mouldking.store\/fr\/wp-json\/wp\/v2\/product_cat?post=21664"},{"taxonomy":"product_tag","embeddable":true,"href":"https:\/\/mouldking.store\/fr\/wp-json\/wp\/v2\/product_tag?post=21664"}],"curies":[{"name":"wp","href":"https:\/\/api.w.org\/{rel}","templated":true}]}}