{"id":21676,"date":"2021-10-09T05:11:51","date_gmt":"2021-10-08T22:11:51","guid":{"rendered":"https:\/\/mouldking.store\/shop\/moc-28995-disney-world-skyline-creator-by-benbuildslego-moc-factory\/"},"modified":"2025-12-25T09:23:54","modified_gmt":"2025-12-25T02:23:54","slug":"moc-28995-disney-world-skyline-creator-by-benbuildslego-moc-factory","status":"publish","type":"product","link":"https:\/\/mouldking.store\/fr\/shop\/moc-28995-disney-world-skyline-creator-by-benbuildslego-moc-factory\/","title":{"rendered":"MOC-28995 Disney World Skyline Creator par benbuildslego MOC FACTORY"},"content":{"rendered":"<p>MOC-28995 D\u00edsney World Skyline Creator par benbuildslego MOC FACTORY est un ensemble de la collection Creator, con\u00e7u par benbuildslego. Ce MOC 28995 est livr\u00e9 avec des instructions PDF faciles \u00e0 construire et \u00e0 trouver les pi\u00e8ces manquantes. L&#039;ensemble contient 687 pi\u00e8ces, sorties pour la premi\u00e8re fois en 2020.<\/p>\n<figure id=\"attachment_198629\" class=\"wp-caption aligncenter\" style=\"width: 800px;\" aria-describedby=\"caption-attachment-198629\"><a href=\"https:\/\/pay.lpwstore.com\/wp-content\/uploads\/2020\/11\/MOC-28995-D\u00edsney-World-Skyline-Creator-by-benbuildslego-MOC-FACTORY.jpg\" target=\"_blank\" rel=\"noopener\"><img fetchpriority=\"high\" decoding=\"async\" class=\"wp-image-198629 size-full\" title=\"MOC-28995 Disney World Skyline Creator par benbuildslego MOC FACTORY\" src=\"https:\/\/pay.lpwstore.com\/wp-content\/uploads\/2020\/11\/MOC-28995-D\u00edsney-World-Skyline-Creator-by-benbuildslego-MOC-FACTORY.jpg\" alt=\"MOC-28995 D\u00edsney World Skyline Creator by benbuildslego MOC FACTORY\" width=\"800\" height=\"800\" \/><\/a><figcaption id=\"caption-attachment-198629\" class=\"wp-caption-text\">MOC-28995 Disney World Skyline Creator par benbuildslego MOC FACTORY<\/figcaption><\/figure>","protected":false},"excerpt":{"rendered":"<ul>\n<li>Inclure <strong>687+<\/strong> pi\u00e8ces<\/li>\n<li>Instruction PDF en ligne<\/li>\n<li>Bloc ABS de haute qualit\u00e9<\/li>\n<li>Temps d&#039;arrangement: 3-7 semaines<\/li>\n<\/ul>","protected":false},"featured_media":21675,"comment_status":"open","ping_status":"closed","template":"","meta":{"_acf_changed":false},"product_cat":[371],"product_tag":[],"class_list":["product","first","instock","shipping-taxable","purchasable","product-type-simple"],"acf":[],"_links":{"self":[{"href":"https:\/\/mouldking.store\/fr\/wp-json\/wp\/v2\/product\/21676","targetHints":{"allow":["GET"]}}],"collection":[{"href":"https:\/\/mouldking.store\/fr\/wp-json\/wp\/v2\/product"}],"about":[{"href":"https:\/\/mouldking.store\/fr\/wp-json\/wp\/v2\/types\/product"}],"replies":[{"embeddable":true,"href":"https:\/\/mouldking.store\/fr\/wp-json\/wp\/v2\/comments?post=21676"}],"wp:featuredmedia":[{"embeddable":true,"href":"https:\/\/mouldking.store\/fr\/wp-json\/wp\/v2\/media\/21675"}],"wp:attachment":[{"href":"https:\/\/mouldking.store\/fr\/wp-json\/wp\/v2\/media?parent=21676"}],"wp:term":[{"taxonomy":"product_cat","embeddable":true,"href":"https:\/\/mouldking.store\/fr\/wp-json\/wp\/v2\/product_cat?post=21676"},{"taxonomy":"product_tag","embeddable":true,"href":"https:\/\/mouldking.store\/fr\/wp-json\/wp\/v2\/product_tag?post=21676"}],"curies":[{"name":"wp","href":"https:\/\/api.w.org\/{rel}","templated":true}]}}