{"id":21701,"date":"2021-10-09T05:12:20","date_gmt":"2021-10-08T22:12:20","guid":{"rendered":"https:\/\/mouldking.store\/shop\/moc-38833-chinese-diorama-build-from-4-mocs-modular-buildings-by-gabizon-moc-factory\/"},"modified":"2025-12-25T09:23:53","modified_gmt":"2025-12-25T02:23:53","slug":"moc-38833-chinese-diorama-build-from-4-mocs-modular-buildings-by-gabizon-moc-factory","status":"publish","type":"product","link":"https:\/\/mouldking.store\/fr\/shop\/moc-38833-chinese-diorama-build-from-4-mocs-modular-buildings-by-gabizon-moc-factory\/","title":{"rendered":"MOC-38833 Diorama chinois | Construit \u00e0 partir de 4 b\u00e2timents modulaires MOC par gabizon MOC FACTORY"},"content":{"rendered":"<p>MOC-38833 Diorama chinois | Construit \u00e0 partir de 4 b\u00e2timents modulaires MOC par gabizon MOC FACTORY est un ensemble de la collection de b\u00e2timents modulaires, con\u00e7u par gabizon. Ce MOC 38833 est livr\u00e9 avec des instructions PDF faciles \u00e0 construire et \u00e0 trouver les pi\u00e8ces manquantes. L&#039;ensemble contient 3634 pi\u00e8ces, sorties pour la premi\u00e8re fois en 2020.<\/p>\n<figure id=\"attachment_198660\" class=\"wp-caption aligncenter\" style=\"width: 800px;\" aria-describedby=\"caption-attachment-198660\"><a href=\"https:\/\/pay.lpwstore.com\/wp-content\/uploads\/2020\/11\/MOC-38833-Chinese-Diorama-Build-from-4-MOCs-Modular-Buildings-by-gabizon-MOC-FACTORY.jpg\" target=\"_blank\" rel=\"noopener\"><img fetchpriority=\"high\" decoding=\"async\" class=\"wp-image-198660 size-full\" title=\"MOC-38833 Diorama chinois | Construit \u00e0 partir de 4 b\u00e2timents modulaires MOC par gabizon MOC FACTORY\" src=\"https:\/\/pay.lpwstore.com\/wp-content\/uploads\/2020\/11\/MOC-38833-Chinese-Diorama-Build-from-4-MOCs-Modular-Buildings-by-gabizon-MOC-FACTORY.jpg\" alt=\"MOC-38833 Chinese Diorama | Build from 4 MOCs Modular Buildings by gabizon MOC FACTORY\" width=\"800\" height=\"800\" \/><\/a><figcaption id=\"caption-attachment-198660\" class=\"wp-caption-text\">MOC-38833 Diorama chinois | Construit \u00e0 partir de 4 b\u00e2timents modulaires MOC par gabizon MOC FACTORY<\/figcaption><\/figure>","protected":false},"excerpt":{"rendered":"<ul>\n<li>Inclure <strong>3634+<\/strong> pi\u00e8ces<\/li>\n<li>Instruction PDF en ligne<\/li>\n<li>Bloc ABS de haute qualit\u00e9<\/li>\n<\/ul>","protected":false},"featured_media":21700,"comment_status":"open","ping_status":"closed","template":"","meta":{"_acf_changed":false},"product_cat":[390],"product_tag":[],"class_list":["product","first","instock","shipping-taxable","purchasable","product-type-simple"],"acf":[],"_links":{"self":[{"href":"https:\/\/mouldking.store\/fr\/wp-json\/wp\/v2\/product\/21701","targetHints":{"allow":["GET"]}}],"collection":[{"href":"https:\/\/mouldking.store\/fr\/wp-json\/wp\/v2\/product"}],"about":[{"href":"https:\/\/mouldking.store\/fr\/wp-json\/wp\/v2\/types\/product"}],"replies":[{"embeddable":true,"href":"https:\/\/mouldking.store\/fr\/wp-json\/wp\/v2\/comments?post=21701"}],"wp:featuredmedia":[{"embeddable":true,"href":"https:\/\/mouldking.store\/fr\/wp-json\/wp\/v2\/media\/21700"}],"wp:attachment":[{"href":"https:\/\/mouldking.store\/fr\/wp-json\/wp\/v2\/media?parent=21701"}],"wp:term":[{"taxonomy":"product_cat","embeddable":true,"href":"https:\/\/mouldking.store\/fr\/wp-json\/wp\/v2\/product_cat?post=21701"},{"taxonomy":"product_tag","embeddable":true,"href":"https:\/\/mouldking.store\/fr\/wp-json\/wp\/v2\/product_tag?post=21701"}],"curies":[{"name":"wp","href":"https:\/\/api.w.org\/{rel}","templated":true}]}}