{"id":21718,"date":"2021-10-09T05:12:36","date_gmt":"2021-10-09T05:12:36","guid":{"rendered":"https:\/\/mouldking.store\/shop\/moc-53107-the-wizard-of-oz-skyline-creator-by-benbuildslego-moc-factory\/"},"modified":"2025-12-25T09:23:52","modified_gmt":"2025-12-25T02:23:52","slug":"moc-53107-the-wizard-of-oz-skyline-creator-by-benbuildslego-moc-factory","status":"publish","type":"product","link":"https:\/\/mouldking.store\/fr\/shop\/moc-53107-the-wizard-of-oz-skyline-creator-by-benbuildslego-moc-factory\/","title":{"rendered":"MOC-53107 Cr\u00e9ateur d&#039;horizon du Magicien d&#039;Oz par benbuildslego MOC FACTORY"},"content":{"rendered":"<p>MOC-53107 Skyline Creator du Magicien d&#039;Oz par benbuildslego MOC FACTORY est un ensemble de la collection Creator, con\u00e7u par benbuildslego. Ce MOC 53107 est livr\u00e9 avec des instructions PDF faciles \u00e0 construire et \u00e0 trouver les pi\u00e8ces manquantes. L&#039;ensemble contient 383 pi\u00e8ces, sorties pour la premi\u00e8re fois en 2020.<\/p>\n<figure id=\"attachment_198706\" aria-describedby=\"caption-attachment-198706\" style=\"width: 800px\" class=\"wp-caption aligncenter\"><a href=\"https:\/\/pay.lpwstore.com\/wp-content\/uploads\/2020\/11\/MOC-53107-The-Wizard-of-Oz-skyline-Creator-by-benbuildslego-MOC-FACTORY.jpg\" target=\"_blank\" rel=\"noopener\"><img fetchpriority=\"high\" decoding=\"async\" class=\"wp-image-198706 size-full\" title=\"MOC-53107 Cr\u00e9ateur d&#039;horizon du Magicien d&#039;Oz par benbuildslego MOC FACTORY\" src=\"https:\/\/pay.lpwstore.com\/wp-content\/uploads\/2020\/11\/MOC-53107-The-Wizard-of-Oz-skyline-Creator-by-benbuildslego-MOC-FACTORY.jpg\" alt=\"MOC-53107 The Wizard of Oz skyline Creator by benbuildslego MOC FACTORY\" width=\"800\" height=\"800\" \/><\/a><figcaption id=\"caption-attachment-198706\" class=\"wp-caption-text\">MOC-53107 Cr\u00e9ateur d&#039;horizon du Magicien d&#039;Oz par benbuildslego MOC FACTORY<\/figcaption><\/figure>\n<p>&nbsp;<\/p>","protected":false},"excerpt":{"rendered":"<ul>\n<li>Inclure <strong>383+<\/strong> pi\u00e8ces<\/li>\n<li>Instruction PDF en ligne<\/li>\n<li>Bloc ABS de haute qualit\u00e9<\/li>\n<\/ul>","protected":false},"featured_media":21717,"comment_status":"open","ping_status":"closed","template":"","meta":{"_acf_changed":false},"product_cat":[371],"product_tag":[],"class_list":["product","first","instock","shipping-taxable","purchasable","product-type-simple"],"acf":[],"_links":{"self":[{"href":"https:\/\/mouldking.store\/fr\/wp-json\/wp\/v2\/product\/21718","targetHints":{"allow":["GET"]}}],"collection":[{"href":"https:\/\/mouldking.store\/fr\/wp-json\/wp\/v2\/product"}],"about":[{"href":"https:\/\/mouldking.store\/fr\/wp-json\/wp\/v2\/types\/product"}],"replies":[{"embeddable":true,"href":"https:\/\/mouldking.store\/fr\/wp-json\/wp\/v2\/comments?post=21718"}],"wp:featuredmedia":[{"embeddable":true,"href":"https:\/\/mouldking.store\/fr\/wp-json\/wp\/v2\/media\/21717"}],"wp:attachment":[{"href":"https:\/\/mouldking.store\/fr\/wp-json\/wp\/v2\/media?parent=21718"}],"wp:term":[{"taxonomy":"product_cat","embeddable":true,"href":"https:\/\/mouldking.store\/fr\/wp-json\/wp\/v2\/product_cat?post=21718"},{"taxonomy":"product_tag","embeddable":true,"href":"https:\/\/mouldking.store\/fr\/wp-json\/wp\/v2\/product_tag?post=21718"}],"curies":[{"name":"wp","href":"https:\/\/api.w.org\/{rel}","templated":true}]}}