{"id":21726,"date":"2021-10-09T05:12:43","date_gmt":"2021-10-09T05:12:43","guid":{"rendered":"https:\/\/mouldking.store\/shop\/moc-34594-vintage-car-mercedes-benz-500k-1934-super-car-by-sugarbricks-moc-factory\/"},"modified":"2025-12-25T09:23:52","modified_gmt":"2025-12-25T02:23:52","slug":"moc-34594-vintage-car-mercedes-benz-500k-1934-super-car-by-sugarbricks-moc-factory","status":"publish","type":"product","link":"https:\/\/mouldking.store\/fr\/shop\/moc-34594-vintage-car-mercedes-benz-500k-1934-super-car-by-sugarbricks-moc-factory\/","title":{"rendered":"MOC-34594 Voiture ancienne - Mercedes Benz 500K (1934) Super Car par SugarBricks MOC FACTORY"},"content":{"rendered":"<p style=\"text-align: left\">MOC-34594 Vintage Car - Mercedes Benz 500K (1934) Super Car par SugarBricks MOC FACTORY est un ensemble de la collection Technic, con\u00e7u par SugarBricks. Ce MOC 34594 est livr\u00e9 avec des instructions PDF faciles \u00e0 construire et \u00e0 trouver les pi\u00e8ces manquantes. L&#039;ensemble contient 220 pi\u00e8ces, sorties pour la premi\u00e8re fois en 2020.<\/p>\n<figure id=\"attachment_198710\" aria-describedby=\"caption-attachment-198710\" style=\"width: 800px\" class=\"wp-caption aligncenter\"><a href=\"https:\/\/pay.lpwstore.com\/wp-content\/uploads\/2020\/11\/MOC-34594-Vintage-Car-Mercedes-Benz-500K-1934-Super-Car-by-SugarBricks-MOC-FACTORY.jpg\" target=\"_blank\" rel=\"noopener\"><img fetchpriority=\"high\" decoding=\"async\" class=\"wp-image-198710 size-full\" title=\"MOC-34594 Voiture ancienne - Mercedes Benz 500K (1934) Super Car par SugarBricks MOC FACTORY\" src=\"https:\/\/pay.lpwstore.com\/wp-content\/uploads\/2020\/11\/MOC-34594-Vintage-Car-Mercedes-Benz-500K-1934-Super-Car-by-SugarBricks-MOC-FACTORY.jpg\" alt=\"MOC-34594 Vintage Car - Mercedes Benz 500K (1934) Super Car by SugarBricks MOC FACTORY\" width=\"800\" height=\"800\" \/><\/a><figcaption id=\"caption-attachment-198710\" class=\"wp-caption-text\">MOC-34594 Voiture ancienne - Mercedes Benz 500K (1934) Super Car par SugarBricks MOC FACTORY<\/figcaption><\/figure>\n<p><img decoding=\"async\" class=\"alignnone size-medium wp-image-198711 aligncenter\" src=\"https:\/\/pay.lpwstore.com\/wp-content\/uploads\/2020\/11\/MOC-34594-Vintage-Car-Mercedes-Benz-500K-1934-Super-Car-by-SugarBricks-MOC-FACTORY-2.jpg\" alt=\"-\" width=\"800\" height=\"800\" title=\"-\"> <img decoding=\"async\" class=\"alignnone size-medium wp-image-198712 aligncenter\" src=\"https:\/\/pay.lpwstore.com\/wp-content\/uploads\/2020\/11\/MOC-34594-Vintage-Car-Mercedes-Benz-500K-1934-Super-Car-by-SugarBricks-MOC-FACTORY-3.jpg\" alt=\"-\" width=\"800\" height=\"800\" title=\"-\"> <img loading=\"lazy\" decoding=\"async\" class=\"alignnone size-medium wp-image-198713 aligncenter\" src=\"https:\/\/pay.lpwstore.com\/wp-content\/uploads\/2020\/11\/MOC-34594-Vintage-Car-Mercedes-Benz-500K-1934-Super-Car-by-SugarBricks-MOC-FACTORY-4.jpg\" alt=\"-\" width=\"800\" height=\"800\" title=\"-\"> <img loading=\"lazy\" decoding=\"async\" class=\"alignnone size-medium wp-image-198714 aligncenter\" src=\"https:\/\/pay.lpwstore.com\/wp-content\/uploads\/2020\/11\/MOC-34594-Vintage-Car-Mercedes-Benz-500K-1934-Super-Car-by-SugarBricks-MOC-FACTORY-5.jpg\" alt=\"-\" width=\"800\" height=\"800\" title=\"-\"><\/p>","protected":false},"excerpt":{"rendered":"<ul>\n<li>Inclure<strong> 220+<\/strong> pi\u00e8ces<\/li>\n<li>Instruction PDF en ligne<\/li>\n<li>Bloc ABS de haute qualit\u00e9<\/li>\n<\/ul>","protected":false},"featured_media":21721,"comment_status":"open","ping_status":"closed","template":"","meta":{"_acf_changed":false},"product_cat":[364],"product_tag":[],"class_list":["product","first","instock","shipping-taxable","purchasable","product-type-simple"],"acf":[],"_links":{"self":[{"href":"https:\/\/mouldking.store\/fr\/wp-json\/wp\/v2\/product\/21726","targetHints":{"allow":["GET"]}}],"collection":[{"href":"https:\/\/mouldking.store\/fr\/wp-json\/wp\/v2\/product"}],"about":[{"href":"https:\/\/mouldking.store\/fr\/wp-json\/wp\/v2\/types\/product"}],"replies":[{"embeddable":true,"href":"https:\/\/mouldking.store\/fr\/wp-json\/wp\/v2\/comments?post=21726"}],"wp:featuredmedia":[{"embeddable":true,"href":"https:\/\/mouldking.store\/fr\/wp-json\/wp\/v2\/media\/21721"}],"wp:attachment":[{"href":"https:\/\/mouldking.store\/fr\/wp-json\/wp\/v2\/media?parent=21726"}],"wp:term":[{"taxonomy":"product_cat","embeddable":true,"href":"https:\/\/mouldking.store\/fr\/wp-json\/wp\/v2\/product_cat?post=21726"},{"taxonomy":"product_tag","embeddable":true,"href":"https:\/\/mouldking.store\/fr\/wp-json\/wp\/v2\/product_tag?post=21726"}],"curies":[{"name":"wp","href":"https:\/\/api.w.org\/{rel}","templated":true}]}}