{"id":21762,"date":"2021-10-09T05:13:38","date_gmt":"2021-10-08T22:13:38","guid":{"rendered":"https:\/\/mouldking.store\/shop\/moc-47916-elf-archer-creator-by-vir-a-cocha-moc-factory\/"},"modified":"2025-12-25T09:23:51","modified_gmt":"2025-12-25T02:23:51","slug":"moc-47916-elf-archer-creator-by-vir-a-cocha-moc-factory","status":"publish","type":"product","link":"https:\/\/mouldking.store\/fr\/shop\/moc-47916-elf-archer-creator-by-vir-a-cocha-moc-factory\/","title":{"rendered":"MOC-47916 Elf Archer Creator par vir-a-cocha MOC FACTORY"},"content":{"rendered":"<p>MOC-47916 Elf Archer Creator par vir-a-cocha MOC FACTORY est un ensemble de la collection Creator, con\u00e7u par vir-a-cocha. Ce MOC 47916 est livr\u00e9 avec des instructions PDF faciles \u00e0 construire et \u00e0 trouver les pi\u00e8ces manquantes. L&#039;ensemble contient 234 pi\u00e8ces, sorties pour la premi\u00e8re fois en 2020.<\/p>\n<p><img fetchpriority=\"high\" decoding=\"async\" class=\"size-full wp-image-198762 aligncenter\" src=\"https:\/\/pay.lpwstore.com\/wp-content\/uploads\/2020\/12\/MOC-47916-Elf-Archer-Creator-by-vir-a-cocha-MOC-FACTORY.jpg\" alt=\"MOC-47916-Elf-Archer-Creator-by-vir-a-cocha-MOC-FACTORY\" width=\"800\" height=\"800\" title=\"-\"><\/p>","protected":false},"excerpt":{"rendered":"<ul>\n<li>Inclure <strong>234+<\/strong> pi\u00e8ces<\/li>\n<li>Instruction PDF en ligne<\/li>\n<li>Bloc ABS de haute qualit\u00e9<\/li>\n<\/ul>","protected":false},"featured_media":21761,"comment_status":"open","ping_status":"closed","template":"","meta":{"_acf_changed":false},"product_cat":[371],"product_tag":[],"class_list":["product","first","outofstock","shipping-taxable","purchasable","product-type-simple"],"acf":[],"_links":{"self":[{"href":"https:\/\/mouldking.store\/fr\/wp-json\/wp\/v2\/product\/21762","targetHints":{"allow":["GET"]}}],"collection":[{"href":"https:\/\/mouldking.store\/fr\/wp-json\/wp\/v2\/product"}],"about":[{"href":"https:\/\/mouldking.store\/fr\/wp-json\/wp\/v2\/types\/product"}],"replies":[{"embeddable":true,"href":"https:\/\/mouldking.store\/fr\/wp-json\/wp\/v2\/comments?post=21762"}],"wp:featuredmedia":[{"embeddable":true,"href":"https:\/\/mouldking.store\/fr\/wp-json\/wp\/v2\/media\/21761"}],"wp:attachment":[{"href":"https:\/\/mouldking.store\/fr\/wp-json\/wp\/v2\/media?parent=21762"}],"wp:term":[{"taxonomy":"product_cat","embeddable":true,"href":"https:\/\/mouldking.store\/fr\/wp-json\/wp\/v2\/product_cat?post=21762"},{"taxonomy":"product_tag","embeddable":true,"href":"https:\/\/mouldking.store\/fr\/wp-json\/wp\/v2\/product_tag?post=21762"}],"curies":[{"name":"wp","href":"https:\/\/api.w.org\/{rel}","templated":true}]}}