{"id":21781,"date":"2021-10-09T05:13:54","date_gmt":"2021-10-09T05:13:54","guid":{"rendered":"https:\/\/mouldking.store\/shop\/moc-19802-kill-bill-chevrolet-silverado-technic-by-mkibs-moc-factory\/"},"modified":"2025-12-25T09:23:51","modified_gmt":"2025-12-25T02:23:51","slug":"moc-19802-kill-bill-chevrolet-silverado-technic-by-mkibs-moc-factory","status":"publish","type":"product","link":"https:\/\/mouldking.store\/fr\/shop\/moc-19802-kill-bill-chevrolet-silverado-technic-by-mkibs-moc-factory\/","title":{"rendered":"MOC-19802 Kill Bill Chevrolet Silverado Technic par mkibs MOC FACTORY"},"content":{"rendered":"<p style=\"text-align: left\">MOC-19802 Kill Bill Chevrolet Silverado Technic par mkibs MOC FACTORY est un ensemble de la collection Technic, con\u00e7u par mkibs. Ce MOC 19802 est livr\u00e9 avec des instructions PDF faciles \u00e0 construire et \u00e0 trouver les pi\u00e8ces manquantes. L&#039;ensemble contient 510 pi\u00e8ces, sorties pour la premi\u00e8re fois en 2020.<\/p>\n<figure id=\"attachment_28152\" aria-describedby=\"caption-attachment-28152\" style=\"width: 800px\" class=\"wp-caption aligncenter\"><img fetchpriority=\"high\" decoding=\"async\" class=\"wp-image-28152 size-full\" src=\"https:\/\/mocfactory.com\/wp-content\/uploads\/2020\/12\/MOC-19802-Kill-Bill-Chevrolet-Silverado-Technic-by-mkibs-MOC-FACTORY.jpg\" alt=\"MOC-19802 Technic Kill Bill Chevrolet Silverado Designer mkibs MOC FACTORY\" width=\"800\" height=\"800\" title=\"-\"><figcaption id=\"caption-attachment-28152\" class=\"wp-caption-text\">MOC-19802 Technic Kill Bill Chevrolet Silverado Designer mkibs MOC FACTORY<\/figcaption><\/figure>\n<figure id=\"attachment_28151\" aria-describedby=\"caption-attachment-28151\" style=\"width: 800px\" class=\"wp-caption aligncenter\"><img decoding=\"async\" class=\"wp-image-28151 size-full\" src=\"https:\/\/mocfactory.com\/wp-content\/uploads\/2020\/12\/MOC-19802-Kill-Bill-Chevrolet-Silverado-Technic-by-mkibs-MOC-FACTORY-2.jpg\" alt=\"MOC-19802 Technic Kill Bill Chevrolet Silverado Designer mkibs MOC FACTORY\" width=\"800\" height=\"800\" title=\"-\"><figcaption id=\"caption-attachment-28151\" class=\"wp-caption-text\">MOC-19802 Technic Kill Bill Chevrolet Silverado Designer mkibs MOC FACTORY<\/figcaption><\/figure>\n<figure id=\"attachment_28150\" aria-describedby=\"caption-attachment-28150\" style=\"width: 800px\" class=\"wp-caption aligncenter\"><img decoding=\"async\" class=\"wp-image-28150 size-full\" src=\"https:\/\/mocfactory.com\/wp-content\/uploads\/2020\/12\/MOC-19802-Kill-Bill-Chevrolet-Silverado-Technic-by-mkibs-MOC-FACTORY-3.jpg\" alt=\"MOC-19802 Technic Kill Bill Chevrolet Silverado Designer mkibs MOC FACTORY\" width=\"800\" height=\"800\" title=\"-\"><figcaption id=\"caption-attachment-28150\" class=\"wp-caption-text\">MOC-19802 Technic Kill Bill Chevrolet Silverado Designer mkibs MOC FACTORY<\/figcaption><\/figure>","protected":false},"excerpt":{"rendered":"<ul>\n<li>Inclure<strong> 510+<\/strong> pi\u00e8ces<\/li>\n<li>Instruction PDF en ligne<\/li>\n<li>Bloc ABS de haute qualit\u00e9<\/li>\n<\/ul>","protected":false},"featured_media":21778,"comment_status":"open","ping_status":"closed","template":"","meta":{"_acf_changed":false},"product_cat":[364],"product_tag":[1732,9242,9245,9244,430,461,9241,9240,9243],"class_list":["product","first","instock","shipping-taxable","purchasable","product-type-simple"],"acf":[],"_links":{"self":[{"href":"https:\/\/mouldking.store\/fr\/wp-json\/wp\/v2\/product\/21781","targetHints":{"allow":["GET"]}}],"collection":[{"href":"https:\/\/mouldking.store\/fr\/wp-json\/wp\/v2\/product"}],"about":[{"href":"https:\/\/mouldking.store\/fr\/wp-json\/wp\/v2\/types\/product"}],"replies":[{"embeddable":true,"href":"https:\/\/mouldking.store\/fr\/wp-json\/wp\/v2\/comments?post=21781"}],"wp:featuredmedia":[{"embeddable":true,"href":"https:\/\/mouldking.store\/fr\/wp-json\/wp\/v2\/media\/21778"}],"wp:attachment":[{"href":"https:\/\/mouldking.store\/fr\/wp-json\/wp\/v2\/media?parent=21781"}],"wp:term":[{"taxonomy":"product_cat","embeddable":true,"href":"https:\/\/mouldking.store\/fr\/wp-json\/wp\/v2\/product_cat?post=21781"},{"taxonomy":"product_tag","embeddable":true,"href":"https:\/\/mouldking.store\/fr\/wp-json\/wp\/v2\/product_tag?post=21781"}],"curies":[{"name":"wp","href":"https:\/\/api.w.org\/{rel}","templated":true}]}}